{"id":580009,"date":"2025-06-19T22:20:58","date_gmt":"2025-06-19T19:20:58","guid":{"rendered":"https:\/\/nextsnkr.com\/product\/adidas-mark-gonzales-x-aloha-one-black-eye-pink\/"},"modified":"2026-01-30T13:59:23","modified_gmt":"2026-01-30T10:59:23","slug":"adidas-mark-gonzales-x-aloha-one-black-eye-pink","status":"publish","type":"product","link":"https:\/\/nextsnkr.com\/et\/toode\/adidas-mark-gonzales-x-aloha-one-black-eye-pink\/","title":{"rendered":"Adidas Mark GONZALES x Aloha &#8220;\u00fcks must silm&#8221; roosa seemisnahast tossud"},"content":{"rendered":"<h2>Adidas Mark GONZALES x Aloha &#8220;\u00fcks must silm&#8221; roosa seemisnahast tossud<\/h2>\n<p>Adidas MARK GONZALES x ALOHA &#8220;ONE BLACK EYE&#8221; Pink tossud \u00fchendavad ainulaadse disaini ja kvaliteetsed materjalid. Valmistatud ehtsast seemisnahast ja nahast, pakuvad need mugavust, vastupidavust ja stiilset v\u00e4limust. Mudel sobib ideaalselt igap\u00e4evaseks kandmiseks, jalutamiseks ja aktiivseks linnaeluks. Elav roosa aktsent lisab isikup\u00e4ra ja r\u00f5hutab kaasaegset stiili. Nende tossude valimisel saate segu moest ja funktsionaalsusest.<\/p>\n","protected":false},"excerpt":{"rendered":"<p>Adidas MARK GONZALES x ALOHA &#8220;ONE BLACK EYE&#8221; Pink tossud \u00fchendavad ainulaadse disaini ja kvaliteetsed materjalid. Valmistatud ehtsast seemisnahast ja nahast, pakuvad need mugavust, vastupidavust ja stiilset v\u00e4limust. Mudel sobib ideaalselt igap\u00e4evaseks kandmiseks, jalutamiseks ja aktiivseks linnaeluks. Elav roosa aktsent lisab isikup\u00e4ra ja r\u00f5hutab kaasaegset stiili. Nende tossude valimisel saate segu moest ja funktsionaalsusest.<\/p>\n","protected":false},"featured_media":580010,"comment_status":"open","ping_status":"open","template":"","meta":[],"product_brand":[],"product_cat":[3186,3317],"product_tag":[],"class_list":{"0":"post-580009","1":"product","2":"type-product","3":"status-publish","4":"has-post-thumbnail","6":"product_cat-all-product","7":"product_cat-kedy","8":"pa_rozmir-910","9":"pa_rozmir-912","10":"pa_rozmir-914","11":"pa_rozmir-915","12":"pa_rozmir-916","13":"pa_rozmir-917","14":"pa_rozmir-918","15":"pa_rozmir-919","16":"pa_rozmir-920","17":"pa_rozmir-921","18":"pa_rozmir-922","20":"first","21":"instock","22":"purchasable","23":"product-type-variable"},"_links":{"self":[{"href":"https:\/\/nextsnkr.com\/et\/wp-json\/wp\/v2\/product\/580009","targetHints":{"allow":["GET"]}}],"collection":[{"href":"https:\/\/nextsnkr.com\/et\/wp-json\/wp\/v2\/product"}],"about":[{"href":"https:\/\/nextsnkr.com\/et\/wp-json\/wp\/v2\/types\/product"}],"replies":[{"embeddable":true,"href":"https:\/\/nextsnkr.com\/et\/wp-json\/wp\/v2\/comments?post=580009"}],"version-history":[{"count":0,"href":"https:\/\/nextsnkr.com\/et\/wp-json\/wp\/v2\/product\/580009\/revisions"}],"wp:featuredmedia":[{"embeddable":true,"href":"https:\/\/nextsnkr.com\/et\/wp-json\/wp\/v2\/media\/580010"}],"wp:attachment":[{"href":"https:\/\/nextsnkr.com\/et\/wp-json\/wp\/v2\/media?parent=580009"}],"wp:term":[{"taxonomy":"product_brand","embeddable":true,"href":"https:\/\/nextsnkr.com\/et\/wp-json\/wp\/v2\/product_brand?post=580009"},{"taxonomy":"product_cat","embeddable":true,"href":"https:\/\/nextsnkr.com\/et\/wp-json\/wp\/v2\/product_cat?post=580009"},{"taxonomy":"product_tag","embeddable":true,"href":"https:\/\/nextsnkr.com\/et\/wp-json\/wp\/v2\/product_tag?post=580009"}],"curies":[{"name":"wp","href":"https:\/\/api.w.org\/{rel}","templated":true}]}}