{"id":579785,"date":"2025-06-19T22:28:03","date_gmt":"2025-06-19T19:28:03","guid":{"rendered":"https:\/\/nextsnkr.com\/product\/louis-vuitton-black-fur\/"},"modified":"2026-01-30T13:59:19","modified_gmt":"2026-01-30T10:59:19","slug":"louis-vuitton-black-fur","status":"publish","type":"product","link":"https:\/\/nextsnkr.com\/et\/toode\/louis-vuitton-black-fur\/","title":{"rendered":"Louis Vuitton black Fur ehtsast nahast saapad stiilse v\u00e4ljan\u00e4gemise jaoks"},"content":{"rendered":"<h2>Louis Vuitton black Fur ehtsast nahast saapad stiilse v\u00e4ljan\u00e4gemise jaoks<\/h2>\n<p>Elegantsed Louis Vuitton Black Fur saapad on valmistatud kvaliteetsest nahast ning pakuvad mugavust ja soojust. Ideaalne talvehooajaks, need \u00fchendavad luksusliku disaini ja praktilisuse. Looduslikud materjalid tagavad vastupidavuse ja trendikas must v\u00e4rv sobib kergesti iga garderoobiga. Valige Louis Vuittoni saapad stiilse ja enesekindla igap\u00e4evase v\u00e4ljan\u00e4gemise jaoks.<\/p>\n","protected":false},"excerpt":{"rendered":"<p>Elegantsed Louis Vuitton Black Fur saapad on valmistatud kvaliteetsest nahast ning pakuvad mugavust ja soojust. Ideaalne talvehooajaks, need \u00fchendavad luksusliku disaini ja praktilisuse. Looduslikud materjalid tagavad vastupidavuse ja trendikas must v\u00e4rv sobib kergesti iga garderoobiga. Valige Louis Vuittoni saapad stiilse ja enesekindla igap\u00e4evase v\u00e4ljan\u00e4gemise jaoks.<\/p>\n","protected":false},"featured_media":579786,"comment_status":"open","ping_status":"open","template":"","meta":[],"product_brand":[],"product_cat":[3186,3330],"product_tag":[],"class_list":{"0":"post-579785","1":"product","2":"type-product","3":"status-publish","4":"has-post-thumbnail","6":"product_cat-all-product","7":"product_cat-cherevyky","8":"pa_rozmir-910","9":"pa_rozmir-912","10":"pa_rozmir-914","11":"pa_rozmir-915","12":"pa_rozmir-916","13":"pa_rozmir-917","14":"pa_rozmir-918","15":"pa_rozmir-919","16":"pa_rozmir-920","17":"pa_rozmir-921","18":"pa_rozmir-922","20":"first","21":"instock","22":"purchasable","23":"product-type-variable"},"_links":{"self":[{"href":"https:\/\/nextsnkr.com\/et\/wp-json\/wp\/v2\/product\/579785","targetHints":{"allow":["GET"]}}],"collection":[{"href":"https:\/\/nextsnkr.com\/et\/wp-json\/wp\/v2\/product"}],"about":[{"href":"https:\/\/nextsnkr.com\/et\/wp-json\/wp\/v2\/types\/product"}],"replies":[{"embeddable":true,"href":"https:\/\/nextsnkr.com\/et\/wp-json\/wp\/v2\/comments?post=579785"}],"version-history":[{"count":0,"href":"https:\/\/nextsnkr.com\/et\/wp-json\/wp\/v2\/product\/579785\/revisions"}],"wp:featuredmedia":[{"embeddable":true,"href":"https:\/\/nextsnkr.com\/et\/wp-json\/wp\/v2\/media\/579786"}],"wp:attachment":[{"href":"https:\/\/nextsnkr.com\/et\/wp-json\/wp\/v2\/media?parent=579785"}],"wp:term":[{"taxonomy":"product_brand","embeddable":true,"href":"https:\/\/nextsnkr.com\/et\/wp-json\/wp\/v2\/product_brand?post=579785"},{"taxonomy":"product_cat","embeddable":true,"href":"https:\/\/nextsnkr.com\/et\/wp-json\/wp\/v2\/product_cat?post=579785"},{"taxonomy":"product_tag","embeddable":true,"href":"https:\/\/nextsnkr.com\/et\/wp-json\/wp\/v2\/product_tag?post=579785"}],"curies":[{"name":"wp","href":"https:\/\/api.w.org\/{rel}","templated":true}]}}