{"id":579616,"date":"2025-06-19T23:07:08","date_gmt":"2025-06-19T20:07:08","guid":{"rendered":"https:\/\/nextsnkr.com\/product\/speedcat-brown\/"},"modified":"2026-01-30T13:58:55","modified_gmt":"2026-01-30T10:58:55","slug":"speedcat-brown","status":"publish","type":"product","link":"https:\/\/nextsnkr.com\/et\/toode\/speedcat-brown\/","title":{"rendered":"Speedcat Brown seemisnahast tossud Vietnamist"},"content":{"rendered":"<h2>Speedcat Brown seemisnahast tossud Vietnamist<\/h2>\n<p>Stiilsed speedcat Brown tossud on valmistatud kvaliteetsest seemisnahast, mis tagab mugavuse ja vastupidavuse. Kerged ja vastupidavad, sobivad ideaalselt igap\u00e4evaseks kandmiseks ja aktiivseks puhkuseks. Speedcati kaubam\u00e4rk tagab kaasaegse disaini ja esmaklassilise tunde. Need seemisnahast tossud \u00fchendavad stiili, mugavuse ja praktilisuse, lisades igale v\u00e4limusele keerdk\u00e4igu.<\/p>\n","protected":false},"excerpt":{"rendered":"<p>Stiilsed speedcat Brown tossud on valmistatud kvaliteetsest seemisnahast, mis tagab mugavuse ja vastupidavuse. Kerged ja vastupidavad, sobivad ideaalselt igap\u00e4evaseks kandmiseks ja aktiivseks puhkuseks. Speedcati kaubam\u00e4rk tagab kaasaegse disaini ja esmaklassilise tunde. Need seemisnahast tossud \u00fchendavad stiili, mugavuse ja praktilisuse, lisades igale v\u00e4limusele keerdk\u00e4igu.<\/p>\n","protected":false},"featured_media":579617,"comment_status":"open","ping_status":"open","template":"","meta":[],"product_brand":[],"product_cat":[3186,3317],"product_tag":[],"class_list":{"0":"post-579616","1":"product","2":"type-product","3":"status-publish","4":"has-post-thumbnail","6":"product_cat-all-product","7":"product_cat-kedy","8":"pa_rozmir-910","9":"pa_rozmir-912","10":"pa_rozmir-914","11":"pa_rozmir-915","12":"pa_rozmir-916","13":"pa_rozmir-917","14":"pa_rozmir-918","15":"pa_rozmir-919","16":"pa_rozmir-920","17":"pa_rozmir-921","18":"pa_rozmir-922","20":"first","21":"onbackorder","22":"purchasable","23":"product-type-variable"},"_links":{"self":[{"href":"https:\/\/nextsnkr.com\/et\/wp-json\/wp\/v2\/product\/579616","targetHints":{"allow":["GET"]}}],"collection":[{"href":"https:\/\/nextsnkr.com\/et\/wp-json\/wp\/v2\/product"}],"about":[{"href":"https:\/\/nextsnkr.com\/et\/wp-json\/wp\/v2\/types\/product"}],"replies":[{"embeddable":true,"href":"https:\/\/nextsnkr.com\/et\/wp-json\/wp\/v2\/comments?post=579616"}],"version-history":[{"count":0,"href":"https:\/\/nextsnkr.com\/et\/wp-json\/wp\/v2\/product\/579616\/revisions"}],"wp:featuredmedia":[{"embeddable":true,"href":"https:\/\/nextsnkr.com\/et\/wp-json\/wp\/v2\/media\/579617"}],"wp:attachment":[{"href":"https:\/\/nextsnkr.com\/et\/wp-json\/wp\/v2\/media?parent=579616"}],"wp:term":[{"taxonomy":"product_brand","embeddable":true,"href":"https:\/\/nextsnkr.com\/et\/wp-json\/wp\/v2\/product_brand?post=579616"},{"taxonomy":"product_cat","embeddable":true,"href":"https:\/\/nextsnkr.com\/et\/wp-json\/wp\/v2\/product_cat?post=579616"},{"taxonomy":"product_tag","embeddable":true,"href":"https:\/\/nextsnkr.com\/et\/wp-json\/wp\/v2\/product_tag?post=579616"}],"curies":[{"name":"wp","href":"https:\/\/api.w.org\/{rel}","templated":true}]}}