{"id":579106,"date":"2025-06-19T23:10:04","date_gmt":"2025-06-19T20:10:04","guid":{"rendered":"https:\/\/nextsnkr.com\/product\/740-white-silver\/"},"modified":"2026-01-30T13:58:29","modified_gmt":"2026-01-30T10:58:29","slug":"740-white-silver","status":"publish","type":"product","link":"https:\/\/nextsnkr.com\/et\/toode\/740-white-silver\/","title":{"rendered":"Tossud 740 valge \/ h\u00f5bedane Tekstiil ja nahk igap\u00e4evaseks stiiliks"},"content":{"rendered":"<h2>Tossud 740 valge \/ h\u00f5bedane Tekstiil ja nahk igap\u00e4evaseks stiiliks<\/h2>\n<p>740 White \/ Silver tossud on valmistatud tekstiili ja naha kombinatsioonist, mis tagab mugavuse, vastupidavuse ja hingavuse. Ideaalne igap\u00e4evaseks kandmiseks ja aktiivseks eluviisiks, need \u00fchendavad kaasaegse disaini ja materjalide vastupidavuse. Stiilne ja praktiline, need tossud on usaldusv\u00e4\u00e4rne valik iga v\u00e4limuse ja hooaja jaoks.<\/p>\n","protected":false},"excerpt":{"rendered":"<p>740 White \/ Silver tossud on valmistatud tekstiili ja naha kombinatsioonist, mis tagab mugavuse, vastupidavuse ja hingavuse. Ideaalne igap\u00e4evaseks kandmiseks ja aktiivseks eluviisiks, need \u00fchendavad kaasaegse disaini ja materjalide vastupidavuse. Stiilne ja praktiline, need tossud on usaldusv\u00e4\u00e4rne valik iga v\u00e4limuse ja hooaja jaoks.<\/p>\n","protected":false},"featured_media":579107,"comment_status":"open","ping_status":"open","template":"","meta":[],"product_brand":[],"product_cat":[3186,3187],"product_tag":[],"class_list":{"0":"post-579106","1":"product","2":"type-product","3":"status-publish","4":"has-post-thumbnail","6":"product_cat-all-product","7":"product_cat-krosivky","8":"pa_rozmir-910","9":"pa_rozmir-912","10":"pa_rozmir-914","11":"pa_rozmir-915","12":"pa_rozmir-916","13":"pa_rozmir-917","14":"pa_rozmir-918","15":"pa_rozmir-919","16":"pa_rozmir-920","17":"pa_rozmir-921","18":"pa_rozmir-922","20":"first","21":"instock","22":"purchasable","23":"product-type-variable"},"_links":{"self":[{"href":"https:\/\/nextsnkr.com\/et\/wp-json\/wp\/v2\/product\/579106","targetHints":{"allow":["GET"]}}],"collection":[{"href":"https:\/\/nextsnkr.com\/et\/wp-json\/wp\/v2\/product"}],"about":[{"href":"https:\/\/nextsnkr.com\/et\/wp-json\/wp\/v2\/types\/product"}],"replies":[{"embeddable":true,"href":"https:\/\/nextsnkr.com\/et\/wp-json\/wp\/v2\/comments?post=579106"}],"version-history":[{"count":0,"href":"https:\/\/nextsnkr.com\/et\/wp-json\/wp\/v2\/product\/579106\/revisions"}],"wp:featuredmedia":[{"embeddable":true,"href":"https:\/\/nextsnkr.com\/et\/wp-json\/wp\/v2\/media\/579107"}],"wp:attachment":[{"href":"https:\/\/nextsnkr.com\/et\/wp-json\/wp\/v2\/media?parent=579106"}],"wp:term":[{"taxonomy":"product_brand","embeddable":true,"href":"https:\/\/nextsnkr.com\/et\/wp-json\/wp\/v2\/product_brand?post=579106"},{"taxonomy":"product_cat","embeddable":true,"href":"https:\/\/nextsnkr.com\/et\/wp-json\/wp\/v2\/product_cat?post=579106"},{"taxonomy":"product_tag","embeddable":true,"href":"https:\/\/nextsnkr.com\/et\/wp-json\/wp\/v2\/product_tag?post=579106"}],"curies":[{"name":"wp","href":"https:\/\/api.w.org\/{rel}","templated":true}]}}