{"id":881897,"date":"2025-06-11T22:36:18","date_gmt":"2025-06-11T19:36:18","guid":{"rendered":"https:\/\/nextsnkr.com\/product\/nike-shox-tl-triple-black\/"},"modified":"2026-01-29T15:56:16","modified_gmt":"2026-01-29T12:56:16","slug":"nike-shox-tl-triple-black","status":"publish","type":"product","link":"https:\/\/nextsnkr.com\/de\/produkt\/nike-shox-tl-triple-black\/","title":{"rendered":"Nike Shox TL Triple Black Sneaker-Stilvolle schwarze Turnschuhe mit D\u00e4mpfung"},"content":{"rendered":"<h2>Nike Shox TL Triple Black Sneaker-Stilvolle schwarze Turnschuhe mit D\u00e4mpfung<\/h2>\n<p>&nbsp;<\/p>\n<p>Sneakers Nike Shox TL Triple Black kombinieren Premium-Design und eine propriet\u00e4re Nike Shox D\u00e4mpfung. Obermaterial aus Leder und robustem Textil sorgt f\u00fcr Komfort und Haltbarkeit, sowie eine komplett schwarze Silhouette macht das Modell universell f\u00fcr jeden Stil. Gummi-Au\u00dfensohle mit zuverl\u00e4ssiger Haftung garantiert Stabilit\u00e4t beim gehen. Das Nike Shox TL Triple Black ist stilvoll und technologisch und ist die perfekte Wahl f\u00fcr einen aktiven t\u00e4glichen Rhythmus.<\/p>\n","protected":false},"excerpt":{"rendered":"<p>Sneakers Nike Shox TL Triple Black kombinieren Premium-Design und eine propriet\u00e4re Nike Shox D\u00e4mpfung. Obermaterial aus Leder und robustem Textil sorgt f\u00fcr Komfort und Haltbarkeit, sowie eine komplett schwarze Silhouette macht das Modell universell f\u00fcr jeden Stil. Gummi-Au\u00dfensohle mit zuverl\u00e4ssiger Haftung garantiert Stabilit\u00e4t beim gehen. Das Nike Shox TL Triple Black ist stilvoll und technologisch und ist die perfekte Wahl f\u00fcr einen aktiven t\u00e4glichen Rhythmus.<\/p>\n","protected":false},"featured_media":881898,"comment_status":"open","ping_status":"closed","template":"","meta":[],"product_brand":[],"product_cat":[3225,3226],"product_tag":[],"class_list":{"0":"post-881897","1":"product","2":"type-product","3":"status-publish","4":"has-post-thumbnail","6":"product_cat-all-product","7":"product_cat-krosivky","8":"pa_rozmir-910","9":"pa_rozmir-912","10":"pa_rozmir-914","11":"pa_rozmir-915","12":"pa_rozmir-916","13":"pa_rozmir-917","14":"pa_rozmir-918","15":"pa_rozmir-919","16":"pa_rozmir-920","17":"pa_rozmir-921","18":"pa_rozmir-922","20":"first","21":"instock","22":"purchasable","23":"product-type-variable"},"_links":{"self":[{"href":"https:\/\/nextsnkr.com\/de\/wp-json\/wp\/v2\/product\/881897","targetHints":{"allow":["GET"]}}],"collection":[{"href":"https:\/\/nextsnkr.com\/de\/wp-json\/wp\/v2\/product"}],"about":[{"href":"https:\/\/nextsnkr.com\/de\/wp-json\/wp\/v2\/types\/product"}],"replies":[{"embeddable":true,"href":"https:\/\/nextsnkr.com\/de\/wp-json\/wp\/v2\/comments?post=881897"}],"version-history":[{"count":0,"href":"https:\/\/nextsnkr.com\/de\/wp-json\/wp\/v2\/product\/881897\/revisions"}],"wp:featuredmedia":[{"embeddable":true,"href":"https:\/\/nextsnkr.com\/de\/wp-json\/wp\/v2\/media\/881898"}],"wp:attachment":[{"href":"https:\/\/nextsnkr.com\/de\/wp-json\/wp\/v2\/media?parent=881897"}],"wp:term":[{"taxonomy":"product_brand","embeddable":true,"href":"https:\/\/nextsnkr.com\/de\/wp-json\/wp\/v2\/product_brand?post=881897"},{"taxonomy":"product_cat","embeddable":true,"href":"https:\/\/nextsnkr.com\/de\/wp-json\/wp\/v2\/product_cat?post=881897"},{"taxonomy":"product_tag","embeddable":true,"href":"https:\/\/nextsnkr.com\/de\/wp-json\/wp\/v2\/product_tag?post=881897"}],"curies":[{"name":"wp","href":"https:\/\/api.w.org\/{rel}","templated":true}]}}