{"id":859154,"date":"2025-06-11T23:18:09","date_gmt":"2025-06-11T20:18:09","guid":{"rendered":"https:\/\/nextsnkr.com\/product\/dior-b23-premium\/"},"modified":"2026-01-29T15:53:10","modified_gmt":"2026-01-29T12:53:10","slug":"dior-b23-premium","status":"publish","type":"product","link":"https:\/\/nextsnkr.com\/de\/produkt\/dior-b23-premium\/","title":{"rendered":"Dior B23 Premium Sneakers-Stilvoll und Premium"},"content":{"rendered":"<h2>Dior B23 Premium Sneakers-Stilvoll und Premium<\/h2>\n<p>&nbsp;<\/p>\n<p>Die Dior B23 Premium Sneakers kombinieren elegantes Design mit Premium-Qualit\u00e4t der Marke Dior. Das Modell zeichnet sich durch eine moderne Silhouette, hohe Verschlei\u00dffestigkeit und Komfort f\u00fcr das t\u00e4gliche Tragen aus. Hergestellt aus hochwertigen Materialien, unterstreichen diese Sneakers den Stil und den Status des Tr\u00e4gers und bieten unvergleichlichen Komfort und Haltbarkeit. Eine ideale Wahl f\u00fcr diejenigen, die trendiges Design und Premium-Qualit\u00e4t sch\u00e4tzen.<\/p>\n","protected":false},"excerpt":{"rendered":"<p>Die Dior B23 Premium Sneakers kombinieren elegantes Design mit Premium-Qualit\u00e4t der Marke Dior. Das Modell zeichnet sich durch eine moderne Silhouette, hohe Verschlei\u00dffestigkeit und Komfort f\u00fcr das t\u00e4gliche Tragen aus. Hergestellt aus hochwertigen Materialien, unterstreichen diese Sneakers den Stil und den Status des Tr\u00e4gers und bieten unvergleichlichen Komfort und Haltbarkeit. Eine ideale Wahl f\u00fcr diejenigen, die trendiges Design und Premium-Qualit\u00e4t sch\u00e4tzen.<\/p>\n","protected":false},"featured_media":859155,"comment_status":"open","ping_status":"open","template":"","meta":[],"product_brand":[],"product_cat":[3225,3320],"product_tag":[],"class_list":{"0":"post-859154","1":"product","2":"type-product","3":"status-publish","4":"has-post-thumbnail","6":"product_cat-all-product","7":"product_cat-kedy","8":"pa_rozmir-910","9":"pa_rozmir-912","10":"pa_rozmir-914","11":"pa_rozmir-915","12":"pa_rozmir-916","13":"pa_rozmir-917","14":"pa_rozmir-918","15":"pa_rozmir-919","16":"pa_rozmir-920","17":"pa_rozmir-921","18":"pa_rozmir-922","20":"first","21":"instock","22":"purchasable","23":"product-type-variable"},"_links":{"self":[{"href":"https:\/\/nextsnkr.com\/de\/wp-json\/wp\/v2\/product\/859154","targetHints":{"allow":["GET"]}}],"collection":[{"href":"https:\/\/nextsnkr.com\/de\/wp-json\/wp\/v2\/product"}],"about":[{"href":"https:\/\/nextsnkr.com\/de\/wp-json\/wp\/v2\/types\/product"}],"replies":[{"embeddable":true,"href":"https:\/\/nextsnkr.com\/de\/wp-json\/wp\/v2\/comments?post=859154"}],"version-history":[{"count":0,"href":"https:\/\/nextsnkr.com\/de\/wp-json\/wp\/v2\/product\/859154\/revisions"}],"wp:featuredmedia":[{"embeddable":true,"href":"https:\/\/nextsnkr.com\/de\/wp-json\/wp\/v2\/media\/859155"}],"wp:attachment":[{"href":"https:\/\/nextsnkr.com\/de\/wp-json\/wp\/v2\/media?parent=859154"}],"wp:term":[{"taxonomy":"product_brand","embeddable":true,"href":"https:\/\/nextsnkr.com\/de\/wp-json\/wp\/v2\/product_brand?post=859154"},{"taxonomy":"product_cat","embeddable":true,"href":"https:\/\/nextsnkr.com\/de\/wp-json\/wp\/v2\/product_cat?post=859154"},{"taxonomy":"product_tag","embeddable":true,"href":"https:\/\/nextsnkr.com\/de\/wp-json\/wp\/v2\/product_tag?post=859154"}],"curies":[{"name":"wp","href":"https:\/\/api.w.org\/{rel}","templated":true}]}}