{"id":858304,"date":"2025-06-11T23:20:10","date_gmt":"2025-06-11T20:20:10","guid":{"rendered":"https:\/\/nextsnkr.com\/product\/dior-b23-platform-white-grey-premium\/"},"modified":"2026-01-29T15:52:38","modified_gmt":"2026-01-29T12:52:38","slug":"dior-b23-platform-white-grey-premium","status":"publish","type":"product","link":"https:\/\/nextsnkr.com\/de\/produkt\/dior-b23-platform-white-grey-premium\/","title":{"rendered":"Sneaker von Dior B23 Platform White Grey Premium-Stilvolle lederne Turnschuhe"},"content":{"rendered":"<h2>Sneaker von Dior B23 Platform White Grey Premium-Stilvolle lederne Turnschuhe<\/h2>\n<p>&nbsp;<\/p>\n<p>Die Dior B23 Platform White Grey Premium Sneakers kombinieren Premium-Leder mit dem modernen Design der Marke Dior. Das Modell bietet Komfort und Haltbarkeit, w\u00e4hrend die Plattformsohle Stil und Einzigartigkeit verleiht. Diese Sneakers von Dior sind ideal f\u00fcr das t\u00e4gliche Tragen und die Schaffung modischer Looks und unterstreichen Ihren Geschmack und Ihr Prestige und machen jeden Schritt selbstbewusst und stilvoll.<\/p>\n","protected":false},"excerpt":{"rendered":"<p>Die Dior B23 Platform White Grey Premium Sneakers kombinieren Premium-Leder mit dem modernen Design der Marke Dior. Das Modell bietet Komfort und Haltbarkeit, w\u00e4hrend die Plattformsohle Stil und Einzigartigkeit verleiht. Diese Sneakers von Dior sind ideal f\u00fcr das t\u00e4gliche Tragen und die Schaffung modischer Looks und unterstreichen Ihren Geschmack und Ihr Prestige und machen jeden Schritt selbstbewusst und stilvoll.<\/p>\n","protected":false},"featured_media":858305,"comment_status":"open","ping_status":"open","template":"","meta":[],"product_brand":[],"product_cat":[3225,3320],"product_tag":[],"class_list":{"0":"post-858304","1":"product","2":"type-product","3":"status-publish","4":"has-post-thumbnail","6":"product_cat-all-product","7":"product_cat-kedy","8":"pa_rozmir-910","9":"pa_rozmir-912","10":"pa_rozmir-914","11":"pa_rozmir-915","12":"pa_rozmir-916","13":"pa_rozmir-917","14":"pa_rozmir-918","15":"pa_rozmir-919","16":"pa_rozmir-920","17":"pa_rozmir-921","18":"pa_rozmir-922","20":"first","21":"onbackorder","22":"purchasable","23":"product-type-variable"},"_links":{"self":[{"href":"https:\/\/nextsnkr.com\/de\/wp-json\/wp\/v2\/product\/858304","targetHints":{"allow":["GET"]}}],"collection":[{"href":"https:\/\/nextsnkr.com\/de\/wp-json\/wp\/v2\/product"}],"about":[{"href":"https:\/\/nextsnkr.com\/de\/wp-json\/wp\/v2\/types\/product"}],"replies":[{"embeddable":true,"href":"https:\/\/nextsnkr.com\/de\/wp-json\/wp\/v2\/comments?post=858304"}],"version-history":[{"count":0,"href":"https:\/\/nextsnkr.com\/de\/wp-json\/wp\/v2\/product\/858304\/revisions"}],"wp:featuredmedia":[{"embeddable":true,"href":"https:\/\/nextsnkr.com\/de\/wp-json\/wp\/v2\/media\/858305"}],"wp:attachment":[{"href":"https:\/\/nextsnkr.com\/de\/wp-json\/wp\/v2\/media?parent=858304"}],"wp:term":[{"taxonomy":"product_brand","embeddable":true,"href":"https:\/\/nextsnkr.com\/de\/wp-json\/wp\/v2\/product_brand?post=858304"},{"taxonomy":"product_cat","embeddable":true,"href":"https:\/\/nextsnkr.com\/de\/wp-json\/wp\/v2\/product_cat?post=858304"},{"taxonomy":"product_tag","embeddable":true,"href":"https:\/\/nextsnkr.com\/de\/wp-json\/wp\/v2\/product_tag?post=858304"}],"curies":[{"name":"wp","href":"https:\/\/api.w.org\/{rel}","templated":true}]}}