{"id":854381,"date":"2025-06-11T22:45:39","date_gmt":"2025-06-11T19:45:39","guid":{"rendered":"https:\/\/nextsnkr.com\/product\/nike-v2k-run-light-bone-iron-ore\/"},"modified":"2026-01-29T15:50:11","modified_gmt":"2026-01-29T12:50:11","slug":"nike-v2k-run-light-bone-iron-ore","status":"publish","type":"product","link":"https:\/\/nextsnkr.com\/de\/produkt\/nike-v2k-run-light-bone-iron-ore\/","title":{"rendered":"Nike V2K Run Light Bone Iron Sneaker &#8211; Leder- und Textilschuhe"},"content":{"rendered":"<h2>Nike V2K Run Light Bone Iron Sneaker &#8211; Leder- und Textilschuhe<\/h2>\n<p>&nbsp;<\/p>\n<p>Die Nike V2K Run Light Bone Iron York Sneakers kombinieren stilvolles Design und Komfort f\u00fcr das t\u00e4gliche Tragen. Das Obermaterial aus Leder und Textilien sorgt f\u00fcr Haltbarkeit, Bel\u00fcftung und eine bequeme Passform. Die sto\u00dfd\u00e4mpfende Sohle verleiht Weichheit und Unterst\u00fctzung beim Gehen und Laufen, und die vielseitigen hellen Farbt\u00f6ne lassen sich leicht mit jedem Kleidungsstil kombinieren. Das Nike V2K Run Light Bone Iron ist die perfekte Wahl f\u00fcr ein aktives und modisches Stadtleben.<\/p>\n","protected":false},"excerpt":{"rendered":"<p>Die Nike V2K Run Light Bone Iron York Sneakers kombinieren stilvolles Design und Komfort f\u00fcr das t\u00e4gliche Tragen. Das Obermaterial aus Leder und Textilien sorgt f\u00fcr Haltbarkeit, Bel\u00fcftung und eine bequeme Passform. Die sto\u00dfd\u00e4mpfende Sohle verleiht Weichheit und Unterst\u00fctzung beim Gehen und Laufen, und die vielseitigen hellen Farbt\u00f6ne lassen sich leicht mit jedem Kleidungsstil kombinieren. Das Nike V2K Run Light Bone Iron ist die perfekte Wahl f\u00fcr ein aktives und modisches Stadtleben.<\/p>\n","protected":false},"featured_media":854382,"comment_status":"open","ping_status":"open","template":"","meta":[],"product_brand":[],"product_cat":[3225,3226],"product_tag":[],"class_list":{"0":"post-854381","1":"product","2":"type-product","3":"status-publish","4":"has-post-thumbnail","6":"product_cat-all-product","7":"product_cat-krosivky","8":"pa_rozmir-910","9":"pa_rozmir-912","10":"pa_rozmir-914","11":"pa_rozmir-915","12":"pa_rozmir-916","13":"pa_rozmir-917","14":"pa_rozmir-918","15":"pa_rozmir-919","16":"pa_rozmir-920","17":"pa_rozmir-921","18":"pa_rozmir-922","20":"first","21":"onbackorder","22":"purchasable","23":"product-type-variable"},"_links":{"self":[{"href":"https:\/\/nextsnkr.com\/de\/wp-json\/wp\/v2\/product\/854381","targetHints":{"allow":["GET"]}}],"collection":[{"href":"https:\/\/nextsnkr.com\/de\/wp-json\/wp\/v2\/product"}],"about":[{"href":"https:\/\/nextsnkr.com\/de\/wp-json\/wp\/v2\/types\/product"}],"replies":[{"embeddable":true,"href":"https:\/\/nextsnkr.com\/de\/wp-json\/wp\/v2\/comments?post=854381"}],"version-history":[{"count":0,"href":"https:\/\/nextsnkr.com\/de\/wp-json\/wp\/v2\/product\/854381\/revisions"}],"wp:featuredmedia":[{"embeddable":true,"href":"https:\/\/nextsnkr.com\/de\/wp-json\/wp\/v2\/media\/854382"}],"wp:attachment":[{"href":"https:\/\/nextsnkr.com\/de\/wp-json\/wp\/v2\/media?parent=854381"}],"wp:term":[{"taxonomy":"product_brand","embeddable":true,"href":"https:\/\/nextsnkr.com\/de\/wp-json\/wp\/v2\/product_brand?post=854381"},{"taxonomy":"product_cat","embeddable":true,"href":"https:\/\/nextsnkr.com\/de\/wp-json\/wp\/v2\/product_cat?post=854381"},{"taxonomy":"product_tag","embeddable":true,"href":"https:\/\/nextsnkr.com\/de\/wp-json\/wp\/v2\/product_tag?post=854381"}],"curies":[{"name":"wp","href":"https:\/\/api.w.org\/{rel}","templated":true}]}}