{"id":854268,"date":"2025-06-11T22:46:41","date_gmt":"2025-06-11T19:46:41","guid":{"rendered":"https:\/\/nextsnkr.com\/product\/nike-air-max-portal-premium\/"},"modified":"2026-01-29T15:49:55","modified_gmt":"2026-01-29T12:49:55","slug":"nike-air-max-portal-premium","status":"publish","type":"product","link":"https:\/\/nextsnkr.com\/de\/produkt\/nike-air-max-portal-premium\/","title":{"rendered":"Nike Air Max Portal Premium Sneakers-Leder- und Textilschuhe"},"content":{"rendered":"<h2>Nike Air Max Portal Premium Sneakers-Leder- und Textilschuhe<\/h2>\n<p>&nbsp;<\/p>\n<p>Die Nike Air Max Portal Premium Sneakers kombinieren modernen Stil und Komfort f\u00fcr das t\u00e4gliche Tragen. Das Obermaterial aus Leder und Textilien sorgt f\u00fcr Festigkeit, Bel\u00fcftung und eine bequeme Passform, w\u00e4hrend die sto\u00dfd\u00e4mpfende Air Max-Sohle Weichheit und Unterst\u00fctzung beim Laufen oder Laufen bietet. Das moderne Design macht das Modell f\u00fcr jedes Bild universell. Das Nike Air Max Portal Premium ist die perfekte Wahl f\u00fcr ein aktives und stilvolles Stadtleben.<\/p>\n","protected":false},"excerpt":{"rendered":"<p>Die Nike Air Max Portal Premium Sneakers kombinieren modernen Stil und Komfort f\u00fcr das t\u00e4gliche Tragen. Das Obermaterial aus Leder und Textilien sorgt f\u00fcr Festigkeit, Bel\u00fcftung und eine bequeme Passform, w\u00e4hrend die sto\u00dfd\u00e4mpfende Air Max-Sohle Weichheit und Unterst\u00fctzung beim Laufen oder Laufen bietet. Das moderne Design macht das Modell f\u00fcr jedes Bild universell. Das Nike Air Max Portal Premium ist die perfekte Wahl f\u00fcr ein aktives und stilvolles Stadtleben.<\/p>\n","protected":false},"featured_media":854269,"comment_status":"open","ping_status":"open","template":"","meta":[],"product_brand":[],"product_cat":[3225,3226],"product_tag":[],"class_list":{"0":"post-854268","1":"product","2":"type-product","3":"status-publish","4":"has-post-thumbnail","6":"product_cat-all-product","7":"product_cat-krosivky","8":"pa_rozmir-910","9":"pa_rozmir-912","10":"pa_rozmir-914","12":"first","13":"instock","14":"purchasable","15":"product-type-variable"},"_links":{"self":[{"href":"https:\/\/nextsnkr.com\/de\/wp-json\/wp\/v2\/product\/854268","targetHints":{"allow":["GET"]}}],"collection":[{"href":"https:\/\/nextsnkr.com\/de\/wp-json\/wp\/v2\/product"}],"about":[{"href":"https:\/\/nextsnkr.com\/de\/wp-json\/wp\/v2\/types\/product"}],"replies":[{"embeddable":true,"href":"https:\/\/nextsnkr.com\/de\/wp-json\/wp\/v2\/comments?post=854268"}],"version-history":[{"count":0,"href":"https:\/\/nextsnkr.com\/de\/wp-json\/wp\/v2\/product\/854268\/revisions"}],"wp:featuredmedia":[{"embeddable":true,"href":"https:\/\/nextsnkr.com\/de\/wp-json\/wp\/v2\/media\/854269"}],"wp:attachment":[{"href":"https:\/\/nextsnkr.com\/de\/wp-json\/wp\/v2\/media?parent=854268"}],"wp:term":[{"taxonomy":"product_brand","embeddable":true,"href":"https:\/\/nextsnkr.com\/de\/wp-json\/wp\/v2\/product_brand?post=854268"},{"taxonomy":"product_cat","embeddable":true,"href":"https:\/\/nextsnkr.com\/de\/wp-json\/wp\/v2\/product_cat?post=854268"},{"taxonomy":"product_tag","embeddable":true,"href":"https:\/\/nextsnkr.com\/de\/wp-json\/wp\/v2\/product_tag?post=854268"}],"curies":[{"name":"wp","href":"https:\/\/api.w.org\/{rel}","templated":true}]}}