{"id":853987,"date":"2025-06-11T23:01:07","date_gmt":"2025-06-11T20:01:07","guid":{"rendered":"https:\/\/nextsnkr.com\/product\/nike-pro-beige\/"},"modified":"2026-01-29T15:49:47","modified_gmt":"2026-01-29T12:49:47","slug":"nike-pro-beige","status":"publish","type":"product","link":"https:\/\/nextsnkr.com\/de\/produkt\/nike-pro-beige\/","title":{"rendered":"Nike Pro Beige Sneakers-Stilvolle Leder- und Textilschuhe"},"content":{"rendered":"<h2>Nike Pro Beige Sneakers-Stilvolle Leder- und Textilschuhe<\/h2>\n<p>&nbsp;<\/p>\n<p>Die Nike Pro Beige Sneakers kombinieren Komfort, Qualit\u00e4t und stilvolles Design f\u00fcr das t\u00e4gliche Tragen. Das Obermaterial aus Leder und Textilien sorgt f\u00fcr Festigkeit, Bel\u00fcftung und eine bequeme Passform, w\u00e4hrend die sto\u00dfd\u00e4mpfende Sohle Weichheit und Unterst\u00fctzung w\u00e4hrend der Bewegung verleiht. Die vielseitige beige Farbe macht das Modell einfach mit jedem Kleidungsstil zu kombinieren. Das Nike Pro Beige ist eine zuverl\u00e4ssige Wahl f\u00fcr einen aktiven und stilvollen Alltag.<\/p>\n","protected":false},"excerpt":{"rendered":"<p>Die Nike Pro Beige Sneakers kombinieren Komfort, Qualit\u00e4t und stilvolles Design f\u00fcr das t\u00e4gliche Tragen. Das Obermaterial aus Leder und Textilien sorgt f\u00fcr Festigkeit, Bel\u00fcftung und eine bequeme Passform, w\u00e4hrend die sto\u00dfd\u00e4mpfende Sohle Weichheit und Unterst\u00fctzung w\u00e4hrend der Bewegung verleiht. Die vielseitige beige Farbe macht das Modell einfach mit jedem Kleidungsstil zu kombinieren. Das Nike Pro Beige ist eine zuverl\u00e4ssige Wahl f\u00fcr einen aktiven und stilvollen Alltag.<\/p>\n","protected":false},"featured_media":853988,"comment_status":"open","ping_status":"open","template":"","meta":[],"product_brand":[],"product_cat":[3225,3226],"product_tag":[],"class_list":{"0":"post-853987","1":"product","2":"type-product","3":"status-publish","4":"has-post-thumbnail","6":"product_cat-all-product","7":"product_cat-krosivky","8":"pa_rozmir-915","9":"pa_rozmir-916","10":"pa_rozmir-917","11":"pa_rozmir-918","12":"pa_rozmir-919","13":"pa_rozmir-920","14":"pa_rozmir-921","15":"pa_rozmir-922","17":"first","18":"instock","19":"purchasable","20":"product-type-variable"},"_links":{"self":[{"href":"https:\/\/nextsnkr.com\/de\/wp-json\/wp\/v2\/product\/853987","targetHints":{"allow":["GET"]}}],"collection":[{"href":"https:\/\/nextsnkr.com\/de\/wp-json\/wp\/v2\/product"}],"about":[{"href":"https:\/\/nextsnkr.com\/de\/wp-json\/wp\/v2\/types\/product"}],"replies":[{"embeddable":true,"href":"https:\/\/nextsnkr.com\/de\/wp-json\/wp\/v2\/comments?post=853987"}],"version-history":[{"count":0,"href":"https:\/\/nextsnkr.com\/de\/wp-json\/wp\/v2\/product\/853987\/revisions"}],"wp:featuredmedia":[{"embeddable":true,"href":"https:\/\/nextsnkr.com\/de\/wp-json\/wp\/v2\/media\/853988"}],"wp:attachment":[{"href":"https:\/\/nextsnkr.com\/de\/wp-json\/wp\/v2\/media?parent=853987"}],"wp:term":[{"taxonomy":"product_brand","embeddable":true,"href":"https:\/\/nextsnkr.com\/de\/wp-json\/wp\/v2\/product_brand?post=853987"},{"taxonomy":"product_cat","embeddable":true,"href":"https:\/\/nextsnkr.com\/de\/wp-json\/wp\/v2\/product_cat?post=853987"},{"taxonomy":"product_tag","embeddable":true,"href":"https:\/\/nextsnkr.com\/de\/wp-json\/wp\/v2\/product_tag?post=853987"}],"curies":[{"name":"wp","href":"https:\/\/api.w.org\/{rel}","templated":true}]}}