{"id":852984,"date":"2025-06-11T23:03:44","date_gmt":"2025-06-11T20:03:44","guid":{"rendered":"https:\/\/nextsnkr.com\/product\/nike-pro-black-white\/"},"modified":"2026-01-29T15:49:11","modified_gmt":"2026-01-29T12:49:11","slug":"nike-pro-black-white","status":"publish","type":"product","link":"https:\/\/nextsnkr.com\/de\/produkt\/nike-pro-black-white\/","title":{"rendered":"Nike Pro Sneaker Black \/ White-Stilvolle Sneakers f\u00fcr Herren aus Leder und Textilien"},"content":{"rendered":"<h2>Nike Pro Sneaker Black \/ White-Stilvolle Sneakers f\u00fcr Herren aus Leder und Textilien<\/h2>\n<p>&nbsp;<\/p>\n<p>Die Nike Pro Black \/ White Sneakers kombinieren Premium-Komfort mit stilvollem, klassischem Design. Das Obermaterial aus Leder und Textilien sorgt f\u00fcr Haltbarkeit, Bel\u00fcftung und eine bequeme Passform, w\u00e4hrend die sto\u00dfd\u00e4mpfende Sohle w\u00e4hrend der Bewegung weich ist. Die kontrastreiche Kombination aus Schwarz und Wei\u00df macht das Modell vielseitig f\u00fcr den Alltag und einen aktiven Lebensstil. Nike Pro Black \/ White ist eine zuverl\u00e4ssige Wahl f\u00fcr Stil, Komfort und Qualit\u00e4t.<\/p>\n","protected":false},"excerpt":{"rendered":"<p>Die Nike Pro Black \/ White Sneakers kombinieren Premium-Komfort mit stilvollem, klassischem Design. Das Obermaterial aus Leder und Textilien sorgt f\u00fcr Haltbarkeit, Bel\u00fcftung und eine bequeme Passform, w\u00e4hrend die sto\u00dfd\u00e4mpfende Sohle w\u00e4hrend der Bewegung weich ist. Die kontrastreiche Kombination aus Schwarz und Wei\u00df macht das Modell vielseitig f\u00fcr den Alltag und einen aktiven Lebensstil. Nike Pro Black \/ White ist eine zuverl\u00e4ssige Wahl f\u00fcr Stil, Komfort und Qualit\u00e4t.<\/p>\n","protected":false},"featured_media":852985,"comment_status":"open","ping_status":"open","template":"","meta":[],"product_brand":[],"product_cat":[3225,3226],"product_tag":[],"class_list":{"0":"post-852984","1":"product","2":"type-product","3":"status-publish","4":"has-post-thumbnail","6":"product_cat-all-product","7":"product_cat-krosivky","8":"pa_rozmir-910","9":"pa_rozmir-912","10":"pa_rozmir-914","11":"pa_rozmir-915","12":"pa_rozmir-916","13":"pa_rozmir-917","14":"pa_rozmir-918","15":"pa_rozmir-919","16":"pa_rozmir-920","17":"pa_rozmir-921","18":"pa_rozmir-922","20":"first","21":"instock","22":"purchasable","23":"product-type-variable"},"_links":{"self":[{"href":"https:\/\/nextsnkr.com\/de\/wp-json\/wp\/v2\/product\/852984","targetHints":{"allow":["GET"]}}],"collection":[{"href":"https:\/\/nextsnkr.com\/de\/wp-json\/wp\/v2\/product"}],"about":[{"href":"https:\/\/nextsnkr.com\/de\/wp-json\/wp\/v2\/types\/product"}],"replies":[{"embeddable":true,"href":"https:\/\/nextsnkr.com\/de\/wp-json\/wp\/v2\/comments?post=852984"}],"version-history":[{"count":0,"href":"https:\/\/nextsnkr.com\/de\/wp-json\/wp\/v2\/product\/852984\/revisions"}],"wp:featuredmedia":[{"embeddable":true,"href":"https:\/\/nextsnkr.com\/de\/wp-json\/wp\/v2\/media\/852985"}],"wp:attachment":[{"href":"https:\/\/nextsnkr.com\/de\/wp-json\/wp\/v2\/media?parent=852984"}],"wp:term":[{"taxonomy":"product_brand","embeddable":true,"href":"https:\/\/nextsnkr.com\/de\/wp-json\/wp\/v2\/product_brand?post=852984"},{"taxonomy":"product_cat","embeddable":true,"href":"https:\/\/nextsnkr.com\/de\/wp-json\/wp\/v2\/product_cat?post=852984"},{"taxonomy":"product_tag","embeddable":true,"href":"https:\/\/nextsnkr.com\/de\/wp-json\/wp\/v2\/product_tag?post=852984"}],"curies":[{"name":"wp","href":"https:\/\/api.w.org\/{rel}","templated":true}]}}