{"id":852644,"date":"2025-06-11T23:04:31","date_gmt":"2025-06-11T20:04:31","guid":{"rendered":"https:\/\/nextsnkr.com\/product\/nike-air-vapormax-evo\/"},"modified":"2026-01-29T15:48:52","modified_gmt":"2026-01-29T12:48:52","slug":"nike-air-vapormax-evo","status":"publish","type":"product","link":"https:\/\/nextsnkr.com\/de\/produkt\/nike-air-vapormax-evo\/","title":{"rendered":"Nike Air Vapormax EVO Sneaker-Leder- und Textilschuhe mit D\u00e4mpfung"},"content":{"rendered":"<h2>Nike Air Vapormax EVO Sneaker-Leder- und Textilschuhe mit D\u00e4mpfung<\/h2>\n<p>&nbsp;<\/p>\n<p>Die Nike Air Vapormax EVO Sneakers kombinieren fortschrittliche Technologie und stilvolles Design f\u00fcr das t\u00e4gliche Tragen. Das Obermaterial aus Leder und Textilien sorgt f\u00fcr Haltbarkeit, Komfort und Bel\u00fcftung, w\u00e4hrend die d\u00e4mpfende Vapormax-Sohle Weichheit und Unterst\u00fctzung beim Gehen oder Laufen bietet. Die moderne Silhouette unterstreicht den sportlichen und urbanen Stil. Der Nike Air Vapormax EVO ist die perfekte Wahl f\u00fcr diejenigen, die Qualit\u00e4t, Komfort und innovatives Design sch\u00e4tzen.<\/p>\n","protected":false},"excerpt":{"rendered":"<p>Die Nike Air Vapormax EVO Sneakers kombinieren fortschrittliche Technologie und stilvolles Design f\u00fcr das t\u00e4gliche Tragen. Das Obermaterial aus Leder und Textilien sorgt f\u00fcr Haltbarkeit, Komfort und Bel\u00fcftung, w\u00e4hrend die d\u00e4mpfende Vapormax-Sohle Weichheit und Unterst\u00fctzung beim Gehen oder Laufen bietet. Die moderne Silhouette unterstreicht den sportlichen und urbanen Stil. Der Nike Air Vapormax EVO ist die perfekte Wahl f\u00fcr diejenigen, die Qualit\u00e4t, Komfort und innovatives Design sch\u00e4tzen.<\/p>\n","protected":false},"featured_media":852645,"comment_status":"open","ping_status":"open","template":"","meta":[],"product_brand":[],"product_cat":[3225,3226],"product_tag":[],"class_list":{"0":"post-852644","1":"product","2":"type-product","3":"status-publish","4":"has-post-thumbnail","6":"product_cat-all-product","7":"product_cat-krosivky","8":"pa_rozmir-910","9":"pa_rozmir-912","10":"pa_rozmir-914","11":"pa_rozmir-915","12":"pa_rozmir-916","13":"pa_rozmir-917","14":"pa_rozmir-918","15":"pa_rozmir-919","16":"pa_rozmir-920","17":"pa_rozmir-921","18":"pa_rozmir-922","20":"first","21":"onbackorder","22":"purchasable","23":"product-type-variable"},"_links":{"self":[{"href":"https:\/\/nextsnkr.com\/de\/wp-json\/wp\/v2\/product\/852644","targetHints":{"allow":["GET"]}}],"collection":[{"href":"https:\/\/nextsnkr.com\/de\/wp-json\/wp\/v2\/product"}],"about":[{"href":"https:\/\/nextsnkr.com\/de\/wp-json\/wp\/v2\/types\/product"}],"replies":[{"embeddable":true,"href":"https:\/\/nextsnkr.com\/de\/wp-json\/wp\/v2\/comments?post=852644"}],"version-history":[{"count":0,"href":"https:\/\/nextsnkr.com\/de\/wp-json\/wp\/v2\/product\/852644\/revisions"}],"wp:featuredmedia":[{"embeddable":true,"href":"https:\/\/nextsnkr.com\/de\/wp-json\/wp\/v2\/media\/852645"}],"wp:attachment":[{"href":"https:\/\/nextsnkr.com\/de\/wp-json\/wp\/v2\/media?parent=852644"}],"wp:term":[{"taxonomy":"product_brand","embeddable":true,"href":"https:\/\/nextsnkr.com\/de\/wp-json\/wp\/v2\/product_brand?post=852644"},{"taxonomy":"product_cat","embeddable":true,"href":"https:\/\/nextsnkr.com\/de\/wp-json\/wp\/v2\/product_cat?post=852644"},{"taxonomy":"product_tag","embeddable":true,"href":"https:\/\/nextsnkr.com\/de\/wp-json\/wp\/v2\/product_tag?post=852644"}],"curies":[{"name":"wp","href":"https:\/\/api.w.org\/{rel}","templated":true}]}}