{"id":851795,"date":"2025-06-11T23:06:55","date_gmt":"2025-06-11T20:06:55","guid":{"rendered":"https:\/\/nextsnkr.com\/product\/mcqeen-grey\/"},"modified":"2026-01-29T15:48:21","modified_gmt":"2026-01-29T12:48:21","slug":"mcqeen-grey","status":"publish","type":"product","link":"https:\/\/nextsnkr.com\/de\/produkt\/mcqeen-grey\/","title":{"rendered":"Die Sneakers von McQeen Grey sind stilvolle Lederschuhe f\u00fcr das t\u00e4gliche Tragen"},"content":{"rendered":"<h2>Die Sneakers von McQeen Grey sind stilvolle Lederschuhe f\u00fcr das t\u00e4gliche Tragen<\/h2>\n<p>&nbsp;<\/p>\n<p>Die McQeen Grey Sneakers sind aus hochwertigem Leder gefertigt und sorgen f\u00fcr Langlebigkeit und Tragekomfort bei l\u00e4ngerem Tragen. Die stilvolle graue Farbe macht das Modell vielseitig und l\u00e4sst sich leicht mit jeder Kleidung kombinieren. Die italienische Produktion garantiert eine erstklassige Qualit\u00e4t und eine saubere Ausf\u00fchrung der Teile. McQeen Grey ist die perfekte Wahl f\u00fcr diejenigen, die Komfort, Stil und Zuverl\u00e4ssigkeit im Alltag sch\u00e4tzen.<\/p>\n","protected":false},"excerpt":{"rendered":"<p>Die McQeen Grey Sneakers sind aus hochwertigem Leder gefertigt und sorgen f\u00fcr Langlebigkeit und Tragekomfort bei l\u00e4ngerem Tragen. Die stilvolle graue Farbe macht das Modell vielseitig und l\u00e4sst sich leicht mit jeder Kleidung kombinieren. Die italienische Produktion garantiert eine erstklassige Qualit\u00e4t und eine saubere Ausf\u00fchrung der Teile. McQeen Grey ist die perfekte Wahl f\u00fcr diejenigen, die Komfort, Stil und Zuverl\u00e4ssigkeit im Alltag sch\u00e4tzen.<\/p>\n","protected":false},"featured_media":851796,"comment_status":"open","ping_status":"open","template":"","meta":[],"product_brand":[],"product_cat":[3225,3320],"product_tag":[],"class_list":{"0":"post-851795","1":"product","2":"type-product","3":"status-publish","4":"has-post-thumbnail","6":"product_cat-all-product","7":"product_cat-kedy","8":"pa_rozmir-910","9":"pa_rozmir-912","10":"pa_rozmir-914","11":"pa_rozmir-915","12":"pa_rozmir-916","13":"pa_rozmir-917","14":"pa_rozmir-918","15":"pa_rozmir-919","16":"pa_rozmir-920","17":"pa_rozmir-921","18":"pa_rozmir-922","20":"first","21":"instock","22":"purchasable","23":"product-type-variable"},"_links":{"self":[{"href":"https:\/\/nextsnkr.com\/de\/wp-json\/wp\/v2\/product\/851795","targetHints":{"allow":["GET"]}}],"collection":[{"href":"https:\/\/nextsnkr.com\/de\/wp-json\/wp\/v2\/product"}],"about":[{"href":"https:\/\/nextsnkr.com\/de\/wp-json\/wp\/v2\/types\/product"}],"replies":[{"embeddable":true,"href":"https:\/\/nextsnkr.com\/de\/wp-json\/wp\/v2\/comments?post=851795"}],"version-history":[{"count":0,"href":"https:\/\/nextsnkr.com\/de\/wp-json\/wp\/v2\/product\/851795\/revisions"}],"wp:featuredmedia":[{"embeddable":true,"href":"https:\/\/nextsnkr.com\/de\/wp-json\/wp\/v2\/media\/851796"}],"wp:attachment":[{"href":"https:\/\/nextsnkr.com\/de\/wp-json\/wp\/v2\/media?parent=851795"}],"wp:term":[{"taxonomy":"product_brand","embeddable":true,"href":"https:\/\/nextsnkr.com\/de\/wp-json\/wp\/v2\/product_brand?post=851795"},{"taxonomy":"product_cat","embeddable":true,"href":"https:\/\/nextsnkr.com\/de\/wp-json\/wp\/v2\/product_cat?post=851795"},{"taxonomy":"product_tag","embeddable":true,"href":"https:\/\/nextsnkr.com\/de\/wp-json\/wp\/v2\/product_tag?post=851795"}],"curies":[{"name":"wp","href":"https:\/\/api.w.org\/{rel}","templated":true}]}}