{"id":847374,"date":"2025-06-11T23:26:52","date_gmt":"2025-06-11T20:26:52","guid":{"rendered":"https:\/\/nextsnkr.com\/product\/off-white-odsy\/"},"modified":"2026-01-29T15:45:33","modified_gmt":"2026-01-29T12:45:33","slug":"off-white-odsy","status":"publish","type":"product","link":"https:\/\/nextsnkr.com\/de\/produkt\/off-white-odsy\/","title":{"rendered":"Veja Campo Chromefree Sneakers-Stilvolle Sneakers aus echtem Leder f\u00fcr Damen"},"content":{"rendered":"<h2>Veja Campo Chromefree Sneakers-Stilvolle Sneakers aus echtem Leder f\u00fcr Damen<\/h2>\n<p>&nbsp;<\/p>\n<p>Die Veja Campo Chromefree Sneakers sind aus hochwertigem Chromefree-Leder gefertigt, das sich durch seine Umweltfreundlichkeit, Weichheit und Haltbarkeit auszeichnet. Das schlanke Design und der minimalistische Stil machen das Modell vielseitig f\u00fcr das t\u00e4gliche Tragen. Sneakers bieten Komfort, gute Bel\u00fcftung und passen perfekt zu allt\u00e4glichen Looks. W\u00e4hlen Sie Veja Campo, eine Kombination aus modernem Design, \u00d6kosystemen und perfekter Qualit\u00e4t.<\/p>\n","protected":false},"excerpt":{"rendered":"<p>Die Veja Campo Chromefree Sneakers sind aus hochwertigem Chromefree-Leder gefertigt, das sich durch seine Umweltfreundlichkeit, Weichheit und Haltbarkeit auszeichnet. Das schlanke Design und der minimalistische Stil machen das Modell vielseitig f\u00fcr das t\u00e4gliche Tragen. Sneakers bieten Komfort, gute Bel\u00fcftung und passen perfekt zu allt\u00e4glichen Looks. W\u00e4hlen Sie Veja Campo, eine Kombination aus modernem Design, \u00d6kosystemen und perfekter Qualit\u00e4t.<\/p>\n","protected":false},"featured_media":847375,"comment_status":"open","ping_status":"open","template":"","meta":[],"product_brand":[],"product_cat":[3225,3226],"product_tag":[],"class_list":{"0":"post-847374","1":"product","2":"type-product","3":"status-publish","4":"has-post-thumbnail","6":"product_cat-all-product","7":"product_cat-krosivky","8":"pa_rozmir-910","9":"pa_rozmir-912","10":"pa_rozmir-914","11":"pa_rozmir-915","12":"pa_rozmir-916","13":"pa_rozmir-917","14":"pa_rozmir-918","15":"pa_rozmir-919","16":"pa_rozmir-920","17":"pa_rozmir-921","18":"pa_rozmir-922","20":"first","21":"onbackorder","22":"purchasable","23":"product-type-variable"},"_links":{"self":[{"href":"https:\/\/nextsnkr.com\/de\/wp-json\/wp\/v2\/product\/847374","targetHints":{"allow":["GET"]}}],"collection":[{"href":"https:\/\/nextsnkr.com\/de\/wp-json\/wp\/v2\/product"}],"about":[{"href":"https:\/\/nextsnkr.com\/de\/wp-json\/wp\/v2\/types\/product"}],"replies":[{"embeddable":true,"href":"https:\/\/nextsnkr.com\/de\/wp-json\/wp\/v2\/comments?post=847374"}],"version-history":[{"count":0,"href":"https:\/\/nextsnkr.com\/de\/wp-json\/wp\/v2\/product\/847374\/revisions"}],"wp:featuredmedia":[{"embeddable":true,"href":"https:\/\/nextsnkr.com\/de\/wp-json\/wp\/v2\/media\/847375"}],"wp:attachment":[{"href":"https:\/\/nextsnkr.com\/de\/wp-json\/wp\/v2\/media?parent=847374"}],"wp:term":[{"taxonomy":"product_brand","embeddable":true,"href":"https:\/\/nextsnkr.com\/de\/wp-json\/wp\/v2\/product_brand?post=847374"},{"taxonomy":"product_cat","embeddable":true,"href":"https:\/\/nextsnkr.com\/de\/wp-json\/wp\/v2\/product_cat?post=847374"},{"taxonomy":"product_tag","embeddable":true,"href":"https:\/\/nextsnkr.com\/de\/wp-json\/wp\/v2\/product_tag?post=847374"}],"curies":[{"name":"wp","href":"https:\/\/api.w.org\/{rel}","templated":true}]}}