{"id":846524,"date":"2025-06-11T23:28:54","date_gmt":"2025-06-11T20:28:54","guid":{"rendered":"https:\/\/nextsnkr.com\/product\/yeezy-350-static-reflective\/"},"modified":"2026-01-29T15:45:01","modified_gmt":"2026-01-29T12:45:01","slug":"yeezy-350-static-reflective","status":"publish","type":"product","link":"https:\/\/nextsnkr.com\/de\/produkt\/yeezy-350-static-reflective\/","title":{"rendered":"Yeezy 350 Static Reflective Sneaker-Stilvolle Textilschuhe"},"content":{"rendered":"<h2>Yeezy 350 Static Reflective Sneaker-Stilvolle Textilschuhe<\/h2>\n<p>&nbsp;<\/p>\n<p>Die Yeezy 350 Static Reflective Sneakers sind leichte und bequeme Schuhe aus hochwertigen Textilien, die den ganzen Tag \u00fcber hervorragende Bel\u00fcftung und Komfort bieten. Sie wurden in Vietnam hergestellt und kombinieren ein stilvolles Design, eine robuste Sohle und auff\u00e4llige reflektierende Elemente. Perfekt f\u00fcr das t\u00e4gliche Tragen und Outdoor-Aktivit\u00e4ten. Wenn Sie den Yeezy 350 w\u00e4hlen, erhalten Sie einen trendigen Look und bew\u00e4hrte Qualit\u00e4t.<\/p>\n","protected":false},"excerpt":{"rendered":"<p>Die Yeezy 350 Static Reflective Sneakers sind leichte und bequeme Schuhe aus hochwertigen Textilien, die den ganzen Tag \u00fcber hervorragende Bel\u00fcftung und Komfort bieten. Sie wurden in Vietnam hergestellt und kombinieren ein stilvolles Design, eine robuste Sohle und auff\u00e4llige reflektierende Elemente. Perfekt f\u00fcr das t\u00e4gliche Tragen und Outdoor-Aktivit\u00e4ten. Wenn Sie den Yeezy 350 w\u00e4hlen, erhalten Sie einen trendigen Look und bew\u00e4hrte Qualit\u00e4t.<\/p>\n","protected":false},"featured_media":846525,"comment_status":"open","ping_status":"open","template":"","meta":[],"product_brand":[],"product_cat":[3398,3225,3226],"product_tag":[],"class_list":{"0":"post-846524","1":"product","2":"type-product","3":"status-publish","4":"has-post-thumbnail","6":"product_cat-adidas-yeezy","7":"product_cat-all-product","8":"product_cat-krosivky","9":"pa_rozmir-910","10":"pa_rozmir-912","11":"pa_rozmir-914","12":"pa_rozmir-915","13":"pa_rozmir-916","14":"pa_rozmir-917","15":"pa_rozmir-918","16":"pa_rozmir-919","17":"pa_rozmir-920","18":"pa_rozmir-921","19":"pa_rozmir-922","21":"first","22":"instock","23":"purchasable","24":"product-type-variable"},"_links":{"self":[{"href":"https:\/\/nextsnkr.com\/de\/wp-json\/wp\/v2\/product\/846524","targetHints":{"allow":["GET"]}}],"collection":[{"href":"https:\/\/nextsnkr.com\/de\/wp-json\/wp\/v2\/product"}],"about":[{"href":"https:\/\/nextsnkr.com\/de\/wp-json\/wp\/v2\/types\/product"}],"replies":[{"embeddable":true,"href":"https:\/\/nextsnkr.com\/de\/wp-json\/wp\/v2\/comments?post=846524"}],"version-history":[{"count":0,"href":"https:\/\/nextsnkr.com\/de\/wp-json\/wp\/v2\/product\/846524\/revisions"}],"wp:featuredmedia":[{"embeddable":true,"href":"https:\/\/nextsnkr.com\/de\/wp-json\/wp\/v2\/media\/846525"}],"wp:attachment":[{"href":"https:\/\/nextsnkr.com\/de\/wp-json\/wp\/v2\/media?parent=846524"}],"wp:term":[{"taxonomy":"product_brand","embeddable":true,"href":"https:\/\/nextsnkr.com\/de\/wp-json\/wp\/v2\/product_brand?post=846524"},{"taxonomy":"product_cat","embeddable":true,"href":"https:\/\/nextsnkr.com\/de\/wp-json\/wp\/v2\/product_cat?post=846524"},{"taxonomy":"product_tag","embeddable":true,"href":"https:\/\/nextsnkr.com\/de\/wp-json\/wp\/v2\/product_tag?post=846524"}],"curies":[{"name":"wp","href":"https:\/\/api.w.org\/{rel}","templated":true}]}}