{"id":845000,"date":"2025-06-12T08:38:37","date_gmt":"2025-06-12T05:38:37","guid":{"rendered":"https:\/\/nextsnkr.com\/product\/yeezy-350-reflektyvnye-shnurky\/"},"modified":"2026-01-29T15:44:00","modified_gmt":"2026-01-29T12:44:00","slug":"yeezy-350-reflektyvnye-shnurky","status":"publish","type":"product","link":"https:\/\/nextsnkr.com\/de\/produkt\/yeezy-350-reflektyvnye-shnurky\/","title":{"rendered":"Yeezy 350 Sneaker mit reflektierenden Schn\u00fcrsenkeln f\u00fcr Stil und Komfort"},"content":{"rendered":"<h2>Yeezy 350 Sneaker mit reflektierenden Schn\u00fcrsenkeln f\u00fcr Stil und Komfort<\/h2>\n<p>&nbsp;<\/p>\n<p>Die Yeezy 350 Sneaker mit reflektierenden Schn\u00fcrsenkeln werden aus hochwertigen Materialien in Vietnam hergestellt. Leicht und bequem, bieten sie maximalen Komfort beim Gehen und aktiven Lebensstil. Die reflektierenden Elemente betonen den Stil und machen Sie im Dunkeln sichtbar. Eine ideale Wahl f\u00fcr Liebhaber von Mode und Komfort. Bestellen Sie jetzt und erg\u00e4nzen Sie Ihren Look mit exklusiven Yeezy-Turnschuhen.<\/p>\n","protected":false},"excerpt":{"rendered":"<p>Die Yeezy 350 Sneaker mit reflektierenden Schn\u00fcrsenkeln werden aus hochwertigen Materialien in Vietnam hergestellt. Leicht und bequem, bieten sie maximalen Komfort beim Gehen und aktiven Lebensstil. Die reflektierenden Elemente betonen den Stil und machen Sie im Dunkeln sichtbar. Eine ideale Wahl f\u00fcr Liebhaber von Mode und Komfort. Bestellen Sie jetzt und erg\u00e4nzen Sie Ihren Look mit exklusiven Yeezy-Turnschuhen.<\/p>\n","protected":false},"featured_media":845001,"comment_status":"open","ping_status":"open","template":"","meta":[],"product_brand":[],"product_cat":[3398,3225,3226],"product_tag":[],"class_list":{"0":"post-845000","1":"product","2":"type-product","3":"status-publish","4":"has-post-thumbnail","6":"product_cat-adidas-yeezy","7":"product_cat-all-product","8":"product_cat-krosivky","9":"pa_rozmir-910","10":"pa_rozmir-912","11":"pa_rozmir-914","12":"pa_rozmir-915","13":"pa_rozmir-916","14":"pa_rozmir-917","15":"pa_rozmir-918","16":"pa_rozmir-919","17":"pa_rozmir-920","18":"pa_rozmir-921","19":"pa_rozmir-922","21":"first","22":"instock","23":"purchasable","24":"product-type-variable"},"_links":{"self":[{"href":"https:\/\/nextsnkr.com\/de\/wp-json\/wp\/v2\/product\/845000","targetHints":{"allow":["GET"]}}],"collection":[{"href":"https:\/\/nextsnkr.com\/de\/wp-json\/wp\/v2\/product"}],"about":[{"href":"https:\/\/nextsnkr.com\/de\/wp-json\/wp\/v2\/types\/product"}],"replies":[{"embeddable":true,"href":"https:\/\/nextsnkr.com\/de\/wp-json\/wp\/v2\/comments?post=845000"}],"version-history":[{"count":0,"href":"https:\/\/nextsnkr.com\/de\/wp-json\/wp\/v2\/product\/845000\/revisions"}],"wp:featuredmedia":[{"embeddable":true,"href":"https:\/\/nextsnkr.com\/de\/wp-json\/wp\/v2\/media\/845001"}],"wp:attachment":[{"href":"https:\/\/nextsnkr.com\/de\/wp-json\/wp\/v2\/media?parent=845000"}],"wp:term":[{"taxonomy":"product_brand","embeddable":true,"href":"https:\/\/nextsnkr.com\/de\/wp-json\/wp\/v2\/product_brand?post=845000"},{"taxonomy":"product_cat","embeddable":true,"href":"https:\/\/nextsnkr.com\/de\/wp-json\/wp\/v2\/product_cat?post=845000"},{"taxonomy":"product_tag","embeddable":true,"href":"https:\/\/nextsnkr.com\/de\/wp-json\/wp\/v2\/product_tag?post=845000"}],"curies":[{"name":"wp","href":"https:\/\/api.w.org\/{rel}","templated":true}]}}