{"id":841096,"date":"2025-06-12T08:49:48","date_gmt":"2025-06-12T05:49:48","guid":{"rendered":"https:\/\/nextsnkr.com\/product\/adidas-samba-wales-bonner-land-of-wood-and-water\/"},"modified":"2026-01-29T15:41:42","modified_gmt":"2026-01-29T12:41:42","slug":"adidas-samba-wales-bonner-land-of-wood-and-water","status":"publish","type":"product","link":"https:\/\/nextsnkr.com\/de\/produkt\/adidas-samba-wales-bonner-land-of-wood-and-water\/","title":{"rendered":"Turnschuhe Adidas Samba Wales Bonner Land of Wood and Water Leder"},"content":{"rendered":"<h2>Turnschuhe Adidas Samba Wales Bonner Land of Wood and Water Leder<\/h2>\n<p>&nbsp;<\/p>\n<p>Die Adidas Samba Wales Bonner Sneakers &#8222;Land of Wood and Water&#8220; sind aus hochwertigem Leder in Vietnam gefertigt. Leicht und bequem, bieten sie Komfort beim t\u00e4glichen Tragen und beim aktiven Ausruhen. Das einzigartige Design mit Themedruck unterstreicht Individualit\u00e4t und Stil. W\u00e4hlen Sie Adidas Samba Wales Bonner Sneakers f\u00fcr eine Kombination aus modischem Design, Qualit\u00e4t und Praktikabilit\u00e4t in Ihrem Kleiderschrank.<\/p>\n","protected":false},"excerpt":{"rendered":"<p>Die Adidas Samba Wales Bonner Sneakers &#8222;Land of Wood and Water&#8220; sind aus hochwertigem Leder in Vietnam gefertigt. Leicht und bequem, bieten sie Komfort beim t\u00e4glichen Tragen und beim aktiven Ausruhen. Das einzigartige Design mit Themedruck unterstreicht Individualit\u00e4t und Stil. W\u00e4hlen Sie Adidas Samba Wales Bonner Sneakers f\u00fcr eine Kombination aus modischem Design, Qualit\u00e4t und Praktikabilit\u00e4t in Ihrem Kleiderschrank.<\/p>\n","protected":false},"featured_media":841097,"comment_status":"open","ping_status":"open","template":"","meta":[],"product_brand":[],"product_cat":[3225,3320],"product_tag":[],"class_list":{"0":"post-841096","1":"product","2":"type-product","3":"status-publish","4":"has-post-thumbnail","6":"product_cat-all-product","7":"product_cat-kedy","8":"pa_rozmir-910","9":"pa_rozmir-912","10":"pa_rozmir-914","11":"pa_rozmir-915","12":"pa_rozmir-916","13":"pa_rozmir-917","14":"pa_rozmir-918","15":"pa_rozmir-919","16":"pa_rozmir-920","17":"pa_rozmir-921","18":"pa_rozmir-922","20":"first","21":"onbackorder","22":"purchasable","23":"product-type-variable"},"_links":{"self":[{"href":"https:\/\/nextsnkr.com\/de\/wp-json\/wp\/v2\/product\/841096","targetHints":{"allow":["GET"]}}],"collection":[{"href":"https:\/\/nextsnkr.com\/de\/wp-json\/wp\/v2\/product"}],"about":[{"href":"https:\/\/nextsnkr.com\/de\/wp-json\/wp\/v2\/types\/product"}],"replies":[{"embeddable":true,"href":"https:\/\/nextsnkr.com\/de\/wp-json\/wp\/v2\/comments?post=841096"}],"version-history":[{"count":0,"href":"https:\/\/nextsnkr.com\/de\/wp-json\/wp\/v2\/product\/841096\/revisions"}],"wp:featuredmedia":[{"embeddable":true,"href":"https:\/\/nextsnkr.com\/de\/wp-json\/wp\/v2\/media\/841097"}],"wp:attachment":[{"href":"https:\/\/nextsnkr.com\/de\/wp-json\/wp\/v2\/media?parent=841096"}],"wp:term":[{"taxonomy":"product_brand","embeddable":true,"href":"https:\/\/nextsnkr.com\/de\/wp-json\/wp\/v2\/product_brand?post=841096"},{"taxonomy":"product_cat","embeddable":true,"href":"https:\/\/nextsnkr.com\/de\/wp-json\/wp\/v2\/product_cat?post=841096"},{"taxonomy":"product_tag","embeddable":true,"href":"https:\/\/nextsnkr.com\/de\/wp-json\/wp\/v2\/product_tag?post=841096"}],"curies":[{"name":"wp","href":"https:\/\/api.w.org\/{rel}","templated":true}]}}