{"id":838369,"date":"2025-06-12T08:58:48","date_gmt":"2025-06-12T05:58:48","guid":{"rendered":"https:\/\/nextsnkr.com\/product\/max-tn-plus-white\/"},"modified":"2026-01-29T15:40:01","modified_gmt":"2026-01-29T12:40:01","slug":"max-tn-plus-white","status":"publish","type":"product","link":"https:\/\/nextsnkr.com\/de\/produkt\/max-tn-plus-white\/","title":{"rendered":"Max TN Plus White Sneakers, Textil f\u00fcr Sport und Stadt"},"content":{"rendered":"<h2>Max TN Plus White Sneakers, Textil f\u00fcr Sport und Stadt<\/h2>\n<p>&nbsp;<\/p>\n<p>Die Max TN Plus White Sneakers kombinieren stilvolles wei\u00dfes Design und hohen Komfort f\u00fcr ein aktives Leben. Das Obermaterial aus hochwertigen Textilien sorgt f\u00fcr Atmung und die sto\u00dfd\u00e4mpfende Sohle unterst\u00fctzt den Fu\u00df w\u00e4hrend des Trainings und des t\u00e4glichen Spaziergangs. Hergestellt in China mit Liebe zum Detail, werden diese Turnschuhe eine zuverl\u00e4ssige Wahl f\u00fcr Sport und urbanen Stil sein.<\/p>\n","protected":false},"excerpt":{"rendered":"<p>Die Max TN Plus White Sneakers kombinieren stilvolles wei\u00dfes Design und hohen Komfort f\u00fcr ein aktives Leben. Das Obermaterial aus hochwertigen Textilien sorgt f\u00fcr Atmung und die sto\u00dfd\u00e4mpfende Sohle unterst\u00fctzt den Fu\u00df w\u00e4hrend des Trainings und des t\u00e4glichen Spaziergangs. Hergestellt in China mit Liebe zum Detail, werden diese Turnschuhe eine zuverl\u00e4ssige Wahl f\u00fcr Sport und urbanen Stil sein.<\/p>\n","protected":false},"featured_media":838370,"comment_status":"open","ping_status":"open","template":"","meta":[],"product_brand":[],"product_cat":[3225,3226],"product_tag":[],"class_list":{"0":"post-838369","1":"product","2":"type-product","3":"status-publish","4":"has-post-thumbnail","6":"product_cat-all-product","7":"product_cat-krosivky","8":"pa_rozmir-910","9":"pa_rozmir-912","10":"pa_rozmir-914","11":"pa_rozmir-915","12":"pa_rozmir-916","13":"pa_rozmir-917","14":"pa_rozmir-918","15":"pa_rozmir-919","16":"pa_rozmir-920","17":"pa_rozmir-921","18":"pa_rozmir-922","20":"first","21":"onbackorder","22":"purchasable","23":"product-type-variable"},"_links":{"self":[{"href":"https:\/\/nextsnkr.com\/de\/wp-json\/wp\/v2\/product\/838369","targetHints":{"allow":["GET"]}}],"collection":[{"href":"https:\/\/nextsnkr.com\/de\/wp-json\/wp\/v2\/product"}],"about":[{"href":"https:\/\/nextsnkr.com\/de\/wp-json\/wp\/v2\/types\/product"}],"replies":[{"embeddable":true,"href":"https:\/\/nextsnkr.com\/de\/wp-json\/wp\/v2\/comments?post=838369"}],"version-history":[{"count":0,"href":"https:\/\/nextsnkr.com\/de\/wp-json\/wp\/v2\/product\/838369\/revisions"}],"wp:featuredmedia":[{"embeddable":true,"href":"https:\/\/nextsnkr.com\/de\/wp-json\/wp\/v2\/media\/838370"}],"wp:attachment":[{"href":"https:\/\/nextsnkr.com\/de\/wp-json\/wp\/v2\/media?parent=838369"}],"wp:term":[{"taxonomy":"product_brand","embeddable":true,"href":"https:\/\/nextsnkr.com\/de\/wp-json\/wp\/v2\/product_brand?post=838369"},{"taxonomy":"product_cat","embeddable":true,"href":"https:\/\/nextsnkr.com\/de\/wp-json\/wp\/v2\/product_cat?post=838369"},{"taxonomy":"product_tag","embeddable":true,"href":"https:\/\/nextsnkr.com\/de\/wp-json\/wp\/v2\/product_tag?post=838369"}],"curies":[{"name":"wp","href":"https:\/\/api.w.org\/{rel}","templated":true}]}}