{"id":837689,"date":"2025-06-12T09:01:13","date_gmt":"2025-06-12T06:01:13","guid":{"rendered":"https:\/\/nextsnkr.com\/product\/zoom-vomero-5-earth-fossil\/"},"modified":"2026-01-29T15:39:34","modified_gmt":"2026-01-29T12:39:34","slug":"zoom-vomero-5-earth-fossil","status":"publish","type":"product","link":"https:\/\/nextsnkr.com\/de\/produkt\/zoom-vomero-5-earth-fossil\/","title":{"rendered":"Zoom Vomero 5 &#8218;Earth Fossil&#8216; Sneakers, Textil f\u00fcr Sport"},"content":{"rendered":"<h2>Zoom Vomero 5 &#8218;Earth Fossil&#8216; Sneakers, Textil f\u00fcr Sport<\/h2>\n<p>&nbsp;<\/p>\n<p>Die Zoom Vomero 5&#8242; Earth Fossil &#8218; Sneakers zeichnen sich durch ein modernes Design und hohen Komfort f\u00fcr ein aktives Leben aus. Das Obermaterial aus atmungsaktivem Textil sorgt f\u00fcr Bel\u00fcftung und die leichte sto\u00dfd\u00e4mpfende Sohle unterst\u00fctzt den Fu\u00df w\u00e4hrend des Trainings und des t\u00e4glichen Spaziergangs. Diese in Vietnam hergestellten Turnschuhe sind perfekt zum Laufen, Sport und f\u00fcr den Alltag geeignet und kombinieren Stil und Zuverl\u00e4ssigkeit.<\/p>\n","protected":false},"excerpt":{"rendered":"<p>Die Zoom Vomero 5&#8242; Earth Fossil &#8218; Sneakers zeichnen sich durch ein modernes Design und hohen Komfort f\u00fcr ein aktives Leben aus. Das Obermaterial aus atmungsaktivem Textil sorgt f\u00fcr Bel\u00fcftung und die leichte sto\u00dfd\u00e4mpfende Sohle unterst\u00fctzt den Fu\u00df w\u00e4hrend des Trainings und des t\u00e4glichen Spaziergangs. Diese in Vietnam hergestellten Turnschuhe sind perfekt zum Laufen, Sport und f\u00fcr den Alltag geeignet und kombinieren Stil und Zuverl\u00e4ssigkeit.<\/p>\n","protected":false},"featured_media":837690,"comment_status":"open","ping_status":"open","template":"","meta":[],"product_brand":[],"product_cat":[3225,3226],"product_tag":[],"class_list":{"0":"post-837689","1":"product","2":"type-product","3":"status-publish","4":"has-post-thumbnail","6":"product_cat-all-product","7":"product_cat-krosivky","8":"pa_rozmir-910","9":"pa_rozmir-912","10":"pa_rozmir-914","11":"pa_rozmir-915","12":"pa_rozmir-916","13":"pa_rozmir-917","14":"pa_rozmir-918","15":"pa_rozmir-919","16":"pa_rozmir-920","17":"pa_rozmir-921","18":"pa_rozmir-922","20":"first","21":"instock","22":"purchasable","23":"product-type-variable"},"_links":{"self":[{"href":"https:\/\/nextsnkr.com\/de\/wp-json\/wp\/v2\/product\/837689","targetHints":{"allow":["GET"]}}],"collection":[{"href":"https:\/\/nextsnkr.com\/de\/wp-json\/wp\/v2\/product"}],"about":[{"href":"https:\/\/nextsnkr.com\/de\/wp-json\/wp\/v2\/types\/product"}],"replies":[{"embeddable":true,"href":"https:\/\/nextsnkr.com\/de\/wp-json\/wp\/v2\/comments?post=837689"}],"version-history":[{"count":0,"href":"https:\/\/nextsnkr.com\/de\/wp-json\/wp\/v2\/product\/837689\/revisions"}],"wp:featuredmedia":[{"embeddable":true,"href":"https:\/\/nextsnkr.com\/de\/wp-json\/wp\/v2\/media\/837690"}],"wp:attachment":[{"href":"https:\/\/nextsnkr.com\/de\/wp-json\/wp\/v2\/media?parent=837689"}],"wp:term":[{"taxonomy":"product_brand","embeddable":true,"href":"https:\/\/nextsnkr.com\/de\/wp-json\/wp\/v2\/product_brand?post=837689"},{"taxonomy":"product_cat","embeddable":true,"href":"https:\/\/nextsnkr.com\/de\/wp-json\/wp\/v2\/product_cat?post=837689"},{"taxonomy":"product_tag","embeddable":true,"href":"https:\/\/nextsnkr.com\/de\/wp-json\/wp\/v2\/product_tag?post=837689"}],"curies":[{"name":"wp","href":"https:\/\/api.w.org\/{rel}","templated":true}]}}