{"id":837009,"date":"2025-06-12T09:03:31","date_gmt":"2025-06-12T06:03:31","guid":{"rendered":"https:\/\/nextsnkr.com\/product\/zoom-voomero-5-cream-beige\/"},"modified":"2026-01-29T15:39:07","modified_gmt":"2026-01-29T12:39:07","slug":"zoom-voomero-5-cream-beige","status":"publish","type":"product","link":"https:\/\/nextsnkr.com\/de\/produkt\/zoom-voomero-5-cream-beige\/","title":{"rendered":"Zoom Voomero 5 Cream Beige Sneakers, Textil f\u00fcr Sport"},"content":{"rendered":"<h2>Zoom Voomero 5 Cream Beige Sneakers, Textil f\u00fcr Sport<\/h2>\n<p>&nbsp;<\/p>\n<p>Laufschuhe Zoom Voomero 5 Cream Beige sind bekannt f\u00fcr Komfort und stilvolles Design. Obermaterial aus hochwertigem Textil sorgt f\u00fcr Leichtigkeit und Bel\u00fcftung, und Federbein Sohle unterst\u00fctzt den Fu\u00df w\u00e4hrend der aktiven Bewegung. Diese Turnschuhe, die in Vietnam hergestellt wurden, sind ideal f\u00fcr Sport, Training und das t\u00e4gliche Tragen. Stilvolle, leichte, und funktionale, Sie sind eine zuverl\u00e4ssige Wahl f\u00fcr jeden aktiven Tag.<\/p>\n","protected":false},"excerpt":{"rendered":"<p>Laufschuhe Zoom Voomero 5 Cream Beige sind bekannt f\u00fcr Komfort und stilvolles Design. Obermaterial aus hochwertigem Textil sorgt f\u00fcr Leichtigkeit und Bel\u00fcftung, und Federbein Sohle unterst\u00fctzt den Fu\u00df w\u00e4hrend der aktiven Bewegung. Diese Turnschuhe, die in Vietnam hergestellt wurden, sind ideal f\u00fcr Sport, Training und das t\u00e4gliche Tragen. Stilvolle, leichte, und funktionale, Sie sind eine zuverl\u00e4ssige Wahl f\u00fcr jeden aktiven Tag.<\/p>\n","protected":false},"featured_media":837010,"comment_status":"open","ping_status":"open","template":"","meta":[],"product_brand":[],"product_cat":[3225,3226],"product_tag":[],"class_list":{"0":"post-837009","1":"product","2":"type-product","3":"status-publish","4":"has-post-thumbnail","6":"product_cat-all-product","7":"product_cat-krosivky","8":"pa_rozmir-910","9":"pa_rozmir-912","10":"pa_rozmir-914","11":"pa_rozmir-915","12":"pa_rozmir-916","13":"pa_rozmir-917","14":"pa_rozmir-918","15":"pa_rozmir-919","16":"pa_rozmir-920","17":"pa_rozmir-921","18":"pa_rozmir-922","20":"first","21":"onbackorder","22":"purchasable","23":"product-type-variable"},"_links":{"self":[{"href":"https:\/\/nextsnkr.com\/de\/wp-json\/wp\/v2\/product\/837009","targetHints":{"allow":["GET"]}}],"collection":[{"href":"https:\/\/nextsnkr.com\/de\/wp-json\/wp\/v2\/product"}],"about":[{"href":"https:\/\/nextsnkr.com\/de\/wp-json\/wp\/v2\/types\/product"}],"replies":[{"embeddable":true,"href":"https:\/\/nextsnkr.com\/de\/wp-json\/wp\/v2\/comments?post=837009"}],"version-history":[{"count":0,"href":"https:\/\/nextsnkr.com\/de\/wp-json\/wp\/v2\/product\/837009\/revisions"}],"wp:featuredmedia":[{"embeddable":true,"href":"https:\/\/nextsnkr.com\/de\/wp-json\/wp\/v2\/media\/837010"}],"wp:attachment":[{"href":"https:\/\/nextsnkr.com\/de\/wp-json\/wp\/v2\/media?parent=837009"}],"wp:term":[{"taxonomy":"product_brand","embeddable":true,"href":"https:\/\/nextsnkr.com\/de\/wp-json\/wp\/v2\/product_brand?post=837009"},{"taxonomy":"product_cat","embeddable":true,"href":"https:\/\/nextsnkr.com\/de\/wp-json\/wp\/v2\/product_cat?post=837009"},{"taxonomy":"product_tag","embeddable":true,"href":"https:\/\/nextsnkr.com\/de\/wp-json\/wp\/v2\/product_tag?post=837009"}],"curies":[{"name":"wp","href":"https:\/\/api.w.org\/{rel}","templated":true}]}}