{"id":834789,"date":"2025-06-12T09:11:00","date_gmt":"2025-06-12T06:11:00","guid":{"rendered":"https:\/\/nextsnkr.com\/product\/3xl-grey\/"},"modified":"2026-01-29T15:37:40","modified_gmt":"2026-01-29T12:37:40","slug":"3xl-grey","status":"publish","type":"product","link":"https:\/\/nextsnkr.com\/de\/produkt\/3xl-grey\/","title":{"rendered":"Sneakers 3XL Grey Textilgrau"},"content":{"rendered":"<h2>Sneakers 3XL Grey Textilgrau<\/h2>\n<p>&nbsp;<\/p>\n<p>Die 3XL Grey Sneakers bestehen aus leichten und atmungsaktiven Textilien, die Komfort beim t\u00e4glichen Tragen und bei aktiver Bewegung bieten. Das graue, vielseitige Design l\u00e4sst sich leicht mit jedem Stil kombinieren \u2014 von sportlich bis l\u00e4ssig. Die weiche Sohle garantiert den ganzen Tag \u00fcber D\u00e4mpfung und Komfort. Die perfekte Wahl f\u00fcr diejenigen, die nach leichten, stilvollen und praktischen Sneakers suchen. Hersteller: China. SKU: 9661-643033<\/p>\n","protected":false},"excerpt":{"rendered":"<p>Die 3XL Grey Sneakers bestehen aus leichten und atmungsaktiven Textilien, die Komfort beim t\u00e4glichen Tragen und bei aktiver Bewegung bieten. Das graue, vielseitige Design l\u00e4sst sich leicht mit jedem Stil kombinieren \u2014 von sportlich bis l\u00e4ssig. Die weiche Sohle garantiert den ganzen Tag \u00fcber D\u00e4mpfung und Komfort. Die perfekte Wahl f\u00fcr diejenigen, die nach leichten, stilvollen und praktischen Sneakers suchen. Hersteller: China. SKU: 9661-643033<\/p>\n","protected":false},"featured_media":834790,"comment_status":"open","ping_status":"open","template":"","meta":[],"product_brand":[],"product_cat":[3225,3226],"product_tag":[],"class_list":{"0":"post-834789","1":"product","2":"type-product","3":"status-publish","4":"has-post-thumbnail","6":"product_cat-all-product","7":"product_cat-krosivky","8":"pa_rozmir-910","9":"pa_rozmir-912","10":"pa_rozmir-914","11":"pa_rozmir-915","12":"pa_rozmir-916","13":"pa_rozmir-917","14":"pa_rozmir-918","15":"pa_rozmir-919","16":"pa_rozmir-920","17":"pa_rozmir-921","18":"pa_rozmir-922","20":"first","21":"onbackorder","22":"purchasable","23":"product-type-variable"},"_links":{"self":[{"href":"https:\/\/nextsnkr.com\/de\/wp-json\/wp\/v2\/product\/834789","targetHints":{"allow":["GET"]}}],"collection":[{"href":"https:\/\/nextsnkr.com\/de\/wp-json\/wp\/v2\/product"}],"about":[{"href":"https:\/\/nextsnkr.com\/de\/wp-json\/wp\/v2\/types\/product"}],"replies":[{"embeddable":true,"href":"https:\/\/nextsnkr.com\/de\/wp-json\/wp\/v2\/comments?post=834789"}],"version-history":[{"count":0,"href":"https:\/\/nextsnkr.com\/de\/wp-json\/wp\/v2\/product\/834789\/revisions"}],"wp:featuredmedia":[{"embeddable":true,"href":"https:\/\/nextsnkr.com\/de\/wp-json\/wp\/v2\/media\/834790"}],"wp:attachment":[{"href":"https:\/\/nextsnkr.com\/de\/wp-json\/wp\/v2\/media?parent=834789"}],"wp:term":[{"taxonomy":"product_brand","embeddable":true,"href":"https:\/\/nextsnkr.com\/de\/wp-json\/wp\/v2\/product_brand?post=834789"},{"taxonomy":"product_cat","embeddable":true,"href":"https:\/\/nextsnkr.com\/de\/wp-json\/wp\/v2\/product_cat?post=834789"},{"taxonomy":"product_tag","embeddable":true,"href":"https:\/\/nextsnkr.com\/de\/wp-json\/wp\/v2\/product_tag?post=834789"}],"curies":[{"name":"wp","href":"https:\/\/api.w.org\/{rel}","templated":true}]}}