{"id":834450,"date":"2025-06-12T09:12:04","date_gmt":"2025-06-12T06:12:04","guid":{"rendered":"https:\/\/nextsnkr.com\/product\/track-grey\/"},"modified":"2026-01-29T15:37:31","modified_gmt":"2026-01-29T12:37:31","slug":"track-grey","status":"publish","type":"product","link":"https:\/\/nextsnkr.com\/de\/produkt\/track-grey\/","title":{"rendered":"Track Grey Sneakers aus Leder-Stil und St\u00e4rke f\u00fcr den t\u00e4glichen Komfort"},"content":{"rendered":"<h2>Track Grey Sneakers aus Leder-Stil und St\u00e4rke f\u00fcr den t\u00e4glichen Komfort<\/h2>\n<p>&nbsp;<\/p>\n<p>Die Track Grey Sneakers sind ein hochwertiges Ledermodell in universellem Grau, das f\u00fcr einen aktiven urbanen Stil entwickelt wurde. Robustes echtes Leder bietet Langlebigkeit und zuverl\u00e4ssige Unterst\u00fctzung, w\u00e4hrend das durchdachte Design eine komfortable Passform und sichere Schritte w\u00e4hrend des Tages garantiert. Hergestellt in China, kombinieren diese Turnschuhe Stil, Praktikabilit\u00e4t und hohe Verschlei\u00dffestigkeit. W\u00e4hlen Sie Track Grey, wenn Sie nach zuverl\u00e4ssigen und stilvollen Schuhen f\u00fcr jeden Tag suchen.<\/p>\n","protected":false},"excerpt":{"rendered":"<p>Die Track Grey Sneakers sind ein hochwertiges Ledermodell in universellem Grau, das f\u00fcr einen aktiven urbanen Stil entwickelt wurde. Robustes echtes Leder bietet Langlebigkeit und zuverl\u00e4ssige Unterst\u00fctzung, w\u00e4hrend das durchdachte Design eine komfortable Passform und sichere Schritte w\u00e4hrend des Tages garantiert. Hergestellt in China, kombinieren diese Turnschuhe Stil, Praktikabilit\u00e4t und hohe Verschlei\u00dffestigkeit. W\u00e4hlen Sie Track Grey, wenn Sie nach zuverl\u00e4ssigen und stilvollen Schuhen f\u00fcr jeden Tag suchen.<\/p>\n","protected":false},"featured_media":834451,"comment_status":"open","ping_status":"open","template":"","meta":[],"product_brand":[],"product_cat":[3225,3226],"product_tag":[],"class_list":{"0":"post-834450","1":"product","2":"type-product","3":"status-publish","4":"has-post-thumbnail","6":"product_cat-all-product","7":"product_cat-krosivky","8":"pa_rozmir-910","9":"pa_rozmir-912","10":"pa_rozmir-914","11":"pa_rozmir-915","12":"pa_rozmir-916","13":"pa_rozmir-917","14":"pa_rozmir-918","15":"pa_rozmir-919","16":"pa_rozmir-920","17":"pa_rozmir-921","18":"pa_rozmir-922","20":"first","21":"onbackorder","22":"purchasable","23":"product-type-variable"},"_links":{"self":[{"href":"https:\/\/nextsnkr.com\/de\/wp-json\/wp\/v2\/product\/834450","targetHints":{"allow":["GET"]}}],"collection":[{"href":"https:\/\/nextsnkr.com\/de\/wp-json\/wp\/v2\/product"}],"about":[{"href":"https:\/\/nextsnkr.com\/de\/wp-json\/wp\/v2\/types\/product"}],"replies":[{"embeddable":true,"href":"https:\/\/nextsnkr.com\/de\/wp-json\/wp\/v2\/comments?post=834450"}],"version-history":[{"count":0,"href":"https:\/\/nextsnkr.com\/de\/wp-json\/wp\/v2\/product\/834450\/revisions"}],"wp:featuredmedia":[{"embeddable":true,"href":"https:\/\/nextsnkr.com\/de\/wp-json\/wp\/v2\/media\/834451"}],"wp:attachment":[{"href":"https:\/\/nextsnkr.com\/de\/wp-json\/wp\/v2\/media?parent=834450"}],"wp:term":[{"taxonomy":"product_brand","embeddable":true,"href":"https:\/\/nextsnkr.com\/de\/wp-json\/wp\/v2\/product_brand?post=834450"},{"taxonomy":"product_cat","embeddable":true,"href":"https:\/\/nextsnkr.com\/de\/wp-json\/wp\/v2\/product_cat?post=834450"},{"taxonomy":"product_tag","embeddable":true,"href":"https:\/\/nextsnkr.com\/de\/wp-json\/wp\/v2\/product_tag?post=834450"}],"curies":[{"name":"wp","href":"https:\/\/api.w.org\/{rel}","templated":true}]}}