{"id":833238,"date":"2025-06-12T15:53:30","date_gmt":"2025-06-12T12:53:30","guid":{"rendered":"https:\/\/nextsnkr.com\/product\/track-pink\/"},"modified":"2026-01-29T15:36:48","modified_gmt":"2026-01-29T12:36:48","slug":"track-pink","status":"publish","type":"product","link":"https:\/\/nextsnkr.com\/de\/produkt\/track-pink\/","title":{"rendered":"Track Pink Sneaker aus Leder und Textilien f\u00fcr einen stilvollen Look"},"content":{"rendered":"<h2>Track Pink Sneaker aus Leder und Textilien f\u00fcr einen stilvollen Look<\/h2>\n<p>&nbsp;<\/p>\n<p>Die Track Pink Sneakers kombinieren Leder und Textilien f\u00fcr Komfort und Haltbarkeit. Leicht und atmungsaktiv, sind sie perfekt f\u00fcr den aktiven Alltag und Sport. Das moderne Design in einem zarten rosa Farbton verleiht Ihrem Bild Helligkeit und die hochwertige Herstellung sorgt f\u00fcr eine lange Lebensdauer. W\u00e4hlen Sie Track Pink, um Komfort, Stil und Zuverl\u00e4ssigkeit in jeder Phase des Weges zu erhalten.<\/p>\n","protected":false},"excerpt":{"rendered":"<p>Die Track Pink Sneakers kombinieren Leder und Textilien f\u00fcr Komfort und Haltbarkeit. Leicht und atmungsaktiv, sind sie perfekt f\u00fcr den aktiven Alltag und Sport. Das moderne Design in einem zarten rosa Farbton verleiht Ihrem Bild Helligkeit und die hochwertige Herstellung sorgt f\u00fcr eine lange Lebensdauer. W\u00e4hlen Sie Track Pink, um Komfort, Stil und Zuverl\u00e4ssigkeit in jeder Phase des Weges zu erhalten.<\/p>\n","protected":false},"featured_media":833239,"comment_status":"open","ping_status":"open","template":"","meta":[],"product_brand":[],"product_cat":[3225,3226],"product_tag":[],"class_list":{"0":"post-833238","1":"product","2":"type-product","3":"status-publish","4":"has-post-thumbnail","6":"product_cat-all-product","7":"product_cat-krosivky","8":"pa_rozmir-910","9":"pa_rozmir-912","10":"pa_rozmir-914","11":"pa_rozmir-915","12":"pa_rozmir-916","13":"pa_rozmir-917","14":"pa_rozmir-918","15":"pa_rozmir-919","16":"pa_rozmir-920","17":"pa_rozmir-921","18":"pa_rozmir-922","20":"first","21":"onbackorder","22":"purchasable","23":"product-type-variable"},"_links":{"self":[{"href":"https:\/\/nextsnkr.com\/de\/wp-json\/wp\/v2\/product\/833238","targetHints":{"allow":["GET"]}}],"collection":[{"href":"https:\/\/nextsnkr.com\/de\/wp-json\/wp\/v2\/product"}],"about":[{"href":"https:\/\/nextsnkr.com\/de\/wp-json\/wp\/v2\/types\/product"}],"replies":[{"embeddable":true,"href":"https:\/\/nextsnkr.com\/de\/wp-json\/wp\/v2\/comments?post=833238"}],"version-history":[{"count":0,"href":"https:\/\/nextsnkr.com\/de\/wp-json\/wp\/v2\/product\/833238\/revisions"}],"wp:featuredmedia":[{"embeddable":true,"href":"https:\/\/nextsnkr.com\/de\/wp-json\/wp\/v2\/media\/833239"}],"wp:attachment":[{"href":"https:\/\/nextsnkr.com\/de\/wp-json\/wp\/v2\/media?parent=833238"}],"wp:term":[{"taxonomy":"product_brand","embeddable":true,"href":"https:\/\/nextsnkr.com\/de\/wp-json\/wp\/v2\/product_brand?post=833238"},{"taxonomy":"product_cat","embeddable":true,"href":"https:\/\/nextsnkr.com\/de\/wp-json\/wp\/v2\/product_cat?post=833238"},{"taxonomy":"product_tag","embeddable":true,"href":"https:\/\/nextsnkr.com\/de\/wp-json\/wp\/v2\/product_tag?post=833238"}],"curies":[{"name":"wp","href":"https:\/\/api.w.org\/{rel}","templated":true}]}}