{"id":830866,"date":"2025-06-12T16:00:16","date_gmt":"2025-06-12T13:00:16","guid":{"rendered":"https:\/\/nextsnkr.com\/product\/golden-goose-white-pink\/"},"modified":"2026-01-29T15:35:18","modified_gmt":"2026-01-29T12:35:18","slug":"golden-goose-white-pink","status":"publish","type":"product","link":"https:\/\/nextsnkr.com\/de\/produkt\/golden-goose-white-pink\/","title":{"rendered":"Die Golden Goose White Pink Sneakers sind stilvoll und komfortabel f\u00fcr das t\u00e4gliche Tragen"},"content":{"rendered":"<h2>Die Golden Goose White Pink Sneakers sind stilvoll und komfortabel f\u00fcr das t\u00e4gliche Tragen<\/h2>\n<p>&nbsp;<\/p>\n<p>Die Golden Goose White Pink Sneakers sind aus hochwertigem Material gefertigt und kombinieren modernes Design und Komfort f\u00fcr den aktiven t\u00e4glichen Gebrauch. Die wei\u00df-rosa Farbkombination verleiht dem Bild Zartheit und Helligkeit, w\u00e4hrend das leichte Design Komfort beim Gehen bietet. Ideal zum Wandern, in der Stadt und im Freien, werden diese Sneakers Ihren Stil und Ihre Pers\u00f6nlichkeit unterstreichen. W\u00e4hlen Sie Golden Goose und genie\u00dfen Sie jeden Tag eine Mischung aus Mode, Komfort und Haltbarkeit.<\/p>\n","protected":false},"excerpt":{"rendered":"<p>Die Golden Goose White Pink Sneakers sind aus hochwertigem Material gefertigt und kombinieren modernes Design und Komfort f\u00fcr den aktiven t\u00e4glichen Gebrauch. Die wei\u00df-rosa Farbkombination verleiht dem Bild Zartheit und Helligkeit, w\u00e4hrend das leichte Design Komfort beim Gehen bietet. Ideal zum Wandern, in der Stadt und im Freien, werden diese Sneakers Ihren Stil und Ihre Pers\u00f6nlichkeit unterstreichen. W\u00e4hlen Sie Golden Goose und genie\u00dfen Sie jeden Tag eine Mischung aus Mode, Komfort und Haltbarkeit.<\/p>\n","protected":false},"featured_media":830867,"comment_status":"open","ping_status":"open","template":"","meta":[],"product_brand":[],"product_cat":[3225,3320],"product_tag":[],"class_list":{"0":"post-830866","1":"product","2":"type-product","3":"status-publish","4":"has-post-thumbnail","6":"product_cat-all-product","7":"product_cat-kedy","8":"pa_rozmir-910","9":"pa_rozmir-912","10":"pa_rozmir-914","11":"pa_rozmir-915","12":"pa_rozmir-916","13":"pa_rozmir-917","14":"pa_rozmir-918","15":"pa_rozmir-919","16":"pa_rozmir-920","17":"pa_rozmir-921","18":"pa_rozmir-922","20":"first","21":"instock","22":"purchasable","23":"product-type-variable"},"_links":{"self":[{"href":"https:\/\/nextsnkr.com\/de\/wp-json\/wp\/v2\/product\/830866","targetHints":{"allow":["GET"]}}],"collection":[{"href":"https:\/\/nextsnkr.com\/de\/wp-json\/wp\/v2\/product"}],"about":[{"href":"https:\/\/nextsnkr.com\/de\/wp-json\/wp\/v2\/types\/product"}],"replies":[{"embeddable":true,"href":"https:\/\/nextsnkr.com\/de\/wp-json\/wp\/v2\/comments?post=830866"}],"version-history":[{"count":0,"href":"https:\/\/nextsnkr.com\/de\/wp-json\/wp\/v2\/product\/830866\/revisions"}],"wp:featuredmedia":[{"embeddable":true,"href":"https:\/\/nextsnkr.com\/de\/wp-json\/wp\/v2\/media\/830867"}],"wp:attachment":[{"href":"https:\/\/nextsnkr.com\/de\/wp-json\/wp\/v2\/media?parent=830866"}],"wp:term":[{"taxonomy":"product_brand","embeddable":true,"href":"https:\/\/nextsnkr.com\/de\/wp-json\/wp\/v2\/product_brand?post=830866"},{"taxonomy":"product_cat","embeddable":true,"href":"https:\/\/nextsnkr.com\/de\/wp-json\/wp\/v2\/product_cat?post=830866"},{"taxonomy":"product_tag","embeddable":true,"href":"https:\/\/nextsnkr.com\/de\/wp-json\/wp\/v2\/product_tag?post=830866"}],"curies":[{"name":"wp","href":"https:\/\/api.w.org\/{rel}","templated":true}]}}