{"id":829680,"date":"2025-06-12T16:03:03","date_gmt":"2025-06-12T13:03:03","guid":{"rendered":"https:\/\/nextsnkr.com\/product\/prada-double-wheel-nylon-gabardine-white-premium\/"},"modified":"2026-01-29T15:34:26","modified_gmt":"2026-01-29T12:34:26","slug":"prada-double-wheel-nylon-gabardine-white-premium","status":"publish","type":"product","link":"https:\/\/nextsnkr.com\/de\/produkt\/prada-double-wheel-nylon-gabardine-white-premium\/","title":{"rendered":"Prada Double Wheel Nylon Gabardine White Premium Sneakers \u2b50\ufe0f"},"content":{"rendered":"<h2>Prada Double Wheel Nylon Gabardine White Premium Sneakers \u2b50\ufe0f<\/h2>\n<p>&nbsp;<\/p>\n<p>Die Prada Double Wheel Nylon Gabardine White Premium Sneakers sind aus hochwertigen Textilien gefertigt und kombinieren stilvolles Design und Komfort f\u00fcr das t\u00e4gliche Tragen. Das leichte und robuste Design sorgt f\u00fcr Komfort beim Gehen und die wei\u00dfe Farbe verleiht dem Bild Vielseitigkeit und Eleganz. Die Premium-Qualit\u00e4t der italienischen Marke garantiert Langlebigkeit und ein modernes Aussehen. Ideal zum Wandern, in der Stadt und im Freien, werden diese Sneakers Ihren Stil und Status t\u00e4glich unterstreichen.<\/p>\n","protected":false},"excerpt":{"rendered":"<p>Die Prada Double Wheel Nylon Gabardine White Premium Sneakers sind aus hochwertigen Textilien gefertigt und kombinieren stilvolles Design und Komfort f\u00fcr das t\u00e4gliche Tragen. Das leichte und robuste Design sorgt f\u00fcr Komfort beim Gehen und die wei\u00dfe Farbe verleiht dem Bild Vielseitigkeit und Eleganz. Die Premium-Qualit\u00e4t der italienischen Marke garantiert Langlebigkeit und ein modernes Aussehen. Ideal zum Wandern, in der Stadt und im Freien, werden diese Sneakers Ihren Stil und Status t\u00e4glich unterstreichen.<\/p>\n","protected":false},"featured_media":829681,"comment_status":"open","ping_status":"open","template":"","meta":[],"product_brand":[],"product_cat":[3225,3320],"product_tag":[],"class_list":{"0":"post-829680","1":"product","2":"type-product","3":"status-publish","4":"has-post-thumbnail","6":"product_cat-all-product","7":"product_cat-kedy","8":"pa_rozmir-910","9":"pa_rozmir-912","10":"pa_rozmir-914","11":"pa_rozmir-915","12":"pa_rozmir-916","13":"pa_rozmir-917","14":"pa_rozmir-918","15":"pa_rozmir-919","16":"pa_rozmir-920","17":"pa_rozmir-921","18":"pa_rozmir-922","20":"first","21":"onbackorder","22":"purchasable","23":"product-type-variable"},"_links":{"self":[{"href":"https:\/\/nextsnkr.com\/de\/wp-json\/wp\/v2\/product\/829680","targetHints":{"allow":["GET"]}}],"collection":[{"href":"https:\/\/nextsnkr.com\/de\/wp-json\/wp\/v2\/product"}],"about":[{"href":"https:\/\/nextsnkr.com\/de\/wp-json\/wp\/v2\/types\/product"}],"replies":[{"embeddable":true,"href":"https:\/\/nextsnkr.com\/de\/wp-json\/wp\/v2\/comments?post=829680"}],"version-history":[{"count":0,"href":"https:\/\/nextsnkr.com\/de\/wp-json\/wp\/v2\/product\/829680\/revisions"}],"wp:featuredmedia":[{"embeddable":true,"href":"https:\/\/nextsnkr.com\/de\/wp-json\/wp\/v2\/media\/829681"}],"wp:attachment":[{"href":"https:\/\/nextsnkr.com\/de\/wp-json\/wp\/v2\/media?parent=829680"}],"wp:term":[{"taxonomy":"product_brand","embeddable":true,"href":"https:\/\/nextsnkr.com\/de\/wp-json\/wp\/v2\/product_brand?post=829680"},{"taxonomy":"product_cat","embeddable":true,"href":"https:\/\/nextsnkr.com\/de\/wp-json\/wp\/v2\/product_cat?post=829680"},{"taxonomy":"product_tag","embeddable":true,"href":"https:\/\/nextsnkr.com\/de\/wp-json\/wp\/v2\/product_tag?post=829680"}],"curies":[{"name":"wp","href":"https:\/\/api.w.org\/{rel}","templated":true}]}}