{"id":828819,"date":"2025-06-13T09:21:24","date_gmt":"2025-06-13T06:21:24","guid":{"rendered":"https:\/\/nextsnkr.com\/product\/samba-white\/"},"modified":"2026-01-29T15:33:53","modified_gmt":"2026-01-29T12:33:53","slug":"samba-white","status":"publish","type":"product","link":"https:\/\/nextsnkr.com\/de\/produkt\/samba-white\/","title":{"rendered":"Adidas Samba White Sneakers aus echtem Leder f\u00fcr das t\u00e4gliche Tragen"},"content":{"rendered":"<h2>Adidas Samba White Sneakers aus echtem Leder f\u00fcr das t\u00e4gliche Tragen<\/h2>\n<p>&nbsp;<\/p>\n<p>Die Samba White Sneakers der Marke Adidas sind aus hochwertigem echtem Leder gefertigt, das den ganzen Tag \u00fcber Haltbarkeit und Komfort bietet. Das klassische Design und die vielseitige wei\u00dfe Farbe machen diese Sneakers ideal f\u00fcr den t\u00e4glichen Gebrauch, Sport und Outdoor-Aktivit\u00e4ten. Die leichte und abriebfeste Sohle garantiert Stabilit\u00e4t und Komfort beim Gehen und kombiniert Stil und Funktionalit\u00e4t bei jedem Schritt.<\/p>\n","protected":false},"excerpt":{"rendered":"<p>Die Samba White Sneakers der Marke Adidas sind aus hochwertigem echtem Leder gefertigt, das den ganzen Tag \u00fcber Haltbarkeit und Komfort bietet. Das klassische Design und die vielseitige wei\u00dfe Farbe machen diese Sneakers ideal f\u00fcr den t\u00e4glichen Gebrauch, Sport und Outdoor-Aktivit\u00e4ten. Die leichte und abriebfeste Sohle garantiert Stabilit\u00e4t und Komfort beim Gehen und kombiniert Stil und Funktionalit\u00e4t bei jedem Schritt.<\/p>\n","protected":false},"featured_media":828820,"comment_status":"open","ping_status":"open","template":"","meta":[],"product_brand":[],"product_cat":[3225,3320],"product_tag":[],"class_list":{"0":"post-828819","1":"product","2":"type-product","3":"status-publish","4":"has-post-thumbnail","6":"product_cat-all-product","7":"product_cat-kedy","8":"pa_rozmir-910","9":"pa_rozmir-912","10":"pa_rozmir-914","11":"pa_rozmir-915","12":"pa_rozmir-916","13":"pa_rozmir-917","14":"pa_rozmir-918","15":"pa_rozmir-919","16":"pa_rozmir-920","17":"pa_rozmir-921","18":"pa_rozmir-922","20":"first","21":"onbackorder","22":"purchasable","23":"product-type-variable"},"_links":{"self":[{"href":"https:\/\/nextsnkr.com\/de\/wp-json\/wp\/v2\/product\/828819","targetHints":{"allow":["GET"]}}],"collection":[{"href":"https:\/\/nextsnkr.com\/de\/wp-json\/wp\/v2\/product"}],"about":[{"href":"https:\/\/nextsnkr.com\/de\/wp-json\/wp\/v2\/types\/product"}],"replies":[{"embeddable":true,"href":"https:\/\/nextsnkr.com\/de\/wp-json\/wp\/v2\/comments?post=828819"}],"version-history":[{"count":0,"href":"https:\/\/nextsnkr.com\/de\/wp-json\/wp\/v2\/product\/828819\/revisions"}],"wp:featuredmedia":[{"embeddable":true,"href":"https:\/\/nextsnkr.com\/de\/wp-json\/wp\/v2\/media\/828820"}],"wp:attachment":[{"href":"https:\/\/nextsnkr.com\/de\/wp-json\/wp\/v2\/media?parent=828819"}],"wp:term":[{"taxonomy":"product_brand","embeddable":true,"href":"https:\/\/nextsnkr.com\/de\/wp-json\/wp\/v2\/product_brand?post=828819"},{"taxonomy":"product_cat","embeddable":true,"href":"https:\/\/nextsnkr.com\/de\/wp-json\/wp\/v2\/product_cat?post=828819"},{"taxonomy":"product_tag","embeddable":true,"href":"https:\/\/nextsnkr.com\/de\/wp-json\/wp\/v2\/product_tag?post=828819"}],"curies":[{"name":"wp","href":"https:\/\/api.w.org\/{rel}","templated":true}]}}