{"id":828310,"date":"2025-06-13T09:22:45","date_gmt":"2025-06-13T06:22:45","guid":{"rendered":"https:\/\/nextsnkr.com\/product\/adidas-niteball-green-lux\/"},"modified":"2026-01-29T15:33:40","modified_gmt":"2026-01-29T12:33:40","slug":"adidas-niteball-green-lux","status":"publish","type":"product","link":"https:\/\/nextsnkr.com\/de\/produkt\/adidas-niteball-green-lux\/","title":{"rendered":"Adidas Forum Low White Black Sneakers aus Leder-Stil und Komfort"},"content":{"rendered":"<h2>Adidas Forum Low White Black Sneakers aus Leder-Stil und Komfort<\/h2>\n<p>&nbsp;<\/p>\n<p>Die Adidas Forum Low White Black Sneakers sind ein ikonisches Ledermodell, das Stil und zuverl\u00e4ssige Qualit\u00e4t kombiniert. Markenmaterialien sorgen f\u00fcr Langlebigkeit und eine bequeme, niedrige Passform macht sie ideal f\u00fcr den t\u00e4glichen Gebrauch. Schwarze Akzente auf wei\u00dfem Hintergrund verleihen Vielseitigkeit und lassen sich leicht mit jeder Art und Weise kombinieren. Diese in Vietnam hergestellten Sneakers garantieren bei jedem Schritt Komfort, St\u00e4rke und Selbstvertrauen. W\u00e4hlen Sie das Adidas Forum Low &#8211; ein bew\u00e4hrter Klassiker, der immer im Trend liegt.<\/p>\n","protected":false},"excerpt":{"rendered":"<p>Die Adidas Forum Low White Black Sneakers sind ein ikonisches Ledermodell, das Stil und zuverl\u00e4ssige Qualit\u00e4t kombiniert. Markenmaterialien sorgen f\u00fcr Langlebigkeit und eine bequeme, niedrige Passform macht sie ideal f\u00fcr den t\u00e4glichen Gebrauch. Schwarze Akzente auf wei\u00dfem Hintergrund verleihen Vielseitigkeit und lassen sich leicht mit jeder Art und Weise kombinieren. Diese in Vietnam hergestellten Sneakers garantieren bei jedem Schritt Komfort, St\u00e4rke und Selbstvertrauen. W\u00e4hlen Sie das Adidas Forum Low &#8211; ein bew\u00e4hrter Klassiker, der immer im Trend liegt.<\/p>\n","protected":false},"featured_media":828311,"comment_status":"open","ping_status":"open","template":"","meta":[],"product_brand":[],"product_cat":[3225,3226],"product_tag":[],"class_list":{"0":"post-828310","1":"product","2":"type-product","3":"status-publish","4":"has-post-thumbnail","6":"product_cat-all-product","7":"product_cat-krosivky","8":"pa_rozmir-910","9":"pa_rozmir-912","10":"pa_rozmir-914","11":"pa_rozmir-915","12":"pa_rozmir-916","13":"pa_rozmir-917","14":"pa_rozmir-918","15":"pa_rozmir-919","16":"pa_rozmir-920","17":"pa_rozmir-921","18":"pa_rozmir-922","20":"first","21":"instock","22":"purchasable","23":"product-type-variable"},"_links":{"self":[{"href":"https:\/\/nextsnkr.com\/de\/wp-json\/wp\/v2\/product\/828310","targetHints":{"allow":["GET"]}}],"collection":[{"href":"https:\/\/nextsnkr.com\/de\/wp-json\/wp\/v2\/product"}],"about":[{"href":"https:\/\/nextsnkr.com\/de\/wp-json\/wp\/v2\/types\/product"}],"replies":[{"embeddable":true,"href":"https:\/\/nextsnkr.com\/de\/wp-json\/wp\/v2\/comments?post=828310"}],"version-history":[{"count":0,"href":"https:\/\/nextsnkr.com\/de\/wp-json\/wp\/v2\/product\/828310\/revisions"}],"wp:featuredmedia":[{"embeddable":true,"href":"https:\/\/nextsnkr.com\/de\/wp-json\/wp\/v2\/media\/828311"}],"wp:attachment":[{"href":"https:\/\/nextsnkr.com\/de\/wp-json\/wp\/v2\/media?parent=828310"}],"wp:term":[{"taxonomy":"product_brand","embeddable":true,"href":"https:\/\/nextsnkr.com\/de\/wp-json\/wp\/v2\/product_brand?post=828310"},{"taxonomy":"product_cat","embeddable":true,"href":"https:\/\/nextsnkr.com\/de\/wp-json\/wp\/v2\/product_cat?post=828310"},{"taxonomy":"product_tag","embeddable":true,"href":"https:\/\/nextsnkr.com\/de\/wp-json\/wp\/v2\/product_tag?post=828310"}],"curies":[{"name":"wp","href":"https:\/\/api.w.org\/{rel}","templated":true}]}}