{"id":826614,"date":"2025-06-12T16:03:46","date_gmt":"2025-06-12T13:03:46","guid":{"rendered":"https:\/\/nextsnkr.com\/product\/gucci-gg-rhyton\/"},"modified":"2026-01-29T15:32:30","modified_gmt":"2026-01-29T12:32:30","slug":"gucci-gg-rhyton","status":"publish","type":"product","link":"https:\/\/nextsnkr.com\/de\/produkt\/gucci-gg-rhyton\/","title":{"rendered":"Gucci GG Rhyton Sneakers aus Textil f\u00fcr ein stilvolles und angenehmes Tragegef\u00fchl"},"content":{"rendered":"<h2>Gucci GG Rhyton Sneakers aus Textil f\u00fcr ein stilvolles und angenehmes Tragegef\u00fchl<\/h2>\n<p>&nbsp;<\/p>\n<p>Die Gucci GG Rhyton Sneakers sind aus hochwertigen Textilien gefertigt und kombinieren modernes Design und Komfort f\u00fcr den t\u00e4glichen Gebrauch. Das leichte Design sorgt f\u00fcr Komfort beim Gehen, w\u00e4hrend das stilvolle Design und die erkennbare Marke Gucci Ihren Status und Ihren Geschmack unterstreichen. Ideal zum Wandern, in der Stadt und im Freien, werden diese Turnschuhe zu einem hellen Akzent in Ihrem Look und kombinieren jeden Tag Praktikabilit\u00e4t, Eleganz und Langlebigkeit.<\/p>\n","protected":false},"excerpt":{"rendered":"<p>Die Gucci GG Rhyton Sneakers sind aus hochwertigen Textilien gefertigt und kombinieren modernes Design und Komfort f\u00fcr den t\u00e4glichen Gebrauch. Das leichte Design sorgt f\u00fcr Komfort beim Gehen, w\u00e4hrend das stilvolle Design und die erkennbare Marke Gucci Ihren Status und Ihren Geschmack unterstreichen. Ideal zum Wandern, in der Stadt und im Freien, werden diese Turnschuhe zu einem hellen Akzent in Ihrem Look und kombinieren jeden Tag Praktikabilit\u00e4t, Eleganz und Langlebigkeit.<\/p>\n","protected":false},"featured_media":826615,"comment_status":"open","ping_status":"open","template":"","meta":[],"product_brand":[],"product_cat":[3225,3226],"product_tag":[],"class_list":{"0":"post-826614","1":"product","2":"type-product","3":"status-publish","4":"has-post-thumbnail","6":"product_cat-all-product","7":"product_cat-krosivky","8":"pa_rozmir-910","9":"pa_rozmir-912","10":"pa_rozmir-914","11":"pa_rozmir-915","12":"pa_rozmir-916","13":"pa_rozmir-917","14":"pa_rozmir-918","15":"pa_rozmir-919","16":"pa_rozmir-920","17":"pa_rozmir-921","18":"pa_rozmir-922","20":"first","21":"onbackorder","22":"purchasable","23":"product-type-variable"},"_links":{"self":[{"href":"https:\/\/nextsnkr.com\/de\/wp-json\/wp\/v2\/product\/826614","targetHints":{"allow":["GET"]}}],"collection":[{"href":"https:\/\/nextsnkr.com\/de\/wp-json\/wp\/v2\/product"}],"about":[{"href":"https:\/\/nextsnkr.com\/de\/wp-json\/wp\/v2\/types\/product"}],"replies":[{"embeddable":true,"href":"https:\/\/nextsnkr.com\/de\/wp-json\/wp\/v2\/comments?post=826614"}],"version-history":[{"count":0,"href":"https:\/\/nextsnkr.com\/de\/wp-json\/wp\/v2\/product\/826614\/revisions"}],"wp:featuredmedia":[{"embeddable":true,"href":"https:\/\/nextsnkr.com\/de\/wp-json\/wp\/v2\/media\/826615"}],"wp:attachment":[{"href":"https:\/\/nextsnkr.com\/de\/wp-json\/wp\/v2\/media?parent=826614"}],"wp:term":[{"taxonomy":"product_brand","embeddable":true,"href":"https:\/\/nextsnkr.com\/de\/wp-json\/wp\/v2\/product_brand?post=826614"},{"taxonomy":"product_cat","embeddable":true,"href":"https:\/\/nextsnkr.com\/de\/wp-json\/wp\/v2\/product_cat?post=826614"},{"taxonomy":"product_tag","embeddable":true,"href":"https:\/\/nextsnkr.com\/de\/wp-json\/wp\/v2\/product_tag?post=826614"}],"curies":[{"name":"wp","href":"https:\/\/api.w.org\/{rel}","templated":true}]}}