{"id":823364,"date":"2025-06-12T16:08:56","date_gmt":"2025-06-12T13:08:56","guid":{"rendered":"https:\/\/nextsnkr.com\/product\/ugg-classic-mini-clear-grey\/"},"modified":"2026-01-29T15:30:25","modified_gmt":"2026-01-29T12:30:25","slug":"ugg-classic-mini-clear-grey","status":"publish","type":"product","link":"https:\/\/nextsnkr.com\/de\/produkt\/ugg-classic-mini-clear-grey\/","title":{"rendered":"UGG Classic Mini Clear Grey Gummi mit Schaffell ist stilvoll und komfortabel"},"content":{"rendered":"<h2>UGG Classic Mini Clear Grey Gummi mit Schaffell ist stilvoll und komfortabel<\/h2>\n<p>&nbsp;<\/p>\n<p>Die UGG Classic Mini Clear Grey Stiefel bestehen aus einer Kombination aus hochwertigem Gummi und Schaffell, die W\u00e4rme, Wasserbest\u00e4ndigkeit und Tragekomfort bietet. Das durchsichtige graue Design f\u00fcgt Modernit\u00e4t und Vielseitigkeit hinzu und passt zu jedem Bild. Das leichte Design und die bequeme Sohle machen das Modell ideal zum Wandern, in der Stadt und im Freien. W\u00e4hlen Sie das UGG Classic Mini Clear Grey f\u00fcr Komfort, Praktikabilit\u00e4t und ein stilvolles Aussehen jeden Tag.<\/p>\n","protected":false},"excerpt":{"rendered":"<p>Die UGG Classic Mini Clear Grey Stiefel bestehen aus einer Kombination aus hochwertigem Gummi und Schaffell, die W\u00e4rme, Wasserbest\u00e4ndigkeit und Tragekomfort bietet. Das durchsichtige graue Design f\u00fcgt Modernit\u00e4t und Vielseitigkeit hinzu und passt zu jedem Bild. Das leichte Design und die bequeme Sohle machen das Modell ideal zum Wandern, in der Stadt und im Freien. W\u00e4hlen Sie das UGG Classic Mini Clear Grey f\u00fcr Komfort, Praktikabilit\u00e4t und ein stilvolles Aussehen jeden Tag.<\/p>\n","protected":false},"featured_media":823365,"comment_status":"open","ping_status":"open","template":"","meta":[],"product_brand":[],"product_cat":[3409,3225],"product_tag":[],"class_list":{"0":"post-823364","1":"product","2":"type-product","3":"status-publish","4":"has-post-thumbnail","6":"product_cat-ugg","7":"product_cat-all-product","8":"pa_rozmir-910","9":"pa_rozmir-912","10":"pa_rozmir-914","11":"pa_rozmir-915","12":"pa_rozmir-916","13":"pa_rozmir-917","14":"pa_rozmir-918","15":"pa_rozmir-919","16":"pa_rozmir-920","17":"pa_rozmir-921","18":"pa_rozmir-922","20":"first","21":"instock","22":"purchasable","23":"product-type-variable"},"_links":{"self":[{"href":"https:\/\/nextsnkr.com\/de\/wp-json\/wp\/v2\/product\/823364","targetHints":{"allow":["GET"]}}],"collection":[{"href":"https:\/\/nextsnkr.com\/de\/wp-json\/wp\/v2\/product"}],"about":[{"href":"https:\/\/nextsnkr.com\/de\/wp-json\/wp\/v2\/types\/product"}],"replies":[{"embeddable":true,"href":"https:\/\/nextsnkr.com\/de\/wp-json\/wp\/v2\/comments?post=823364"}],"version-history":[{"count":0,"href":"https:\/\/nextsnkr.com\/de\/wp-json\/wp\/v2\/product\/823364\/revisions"}],"wp:featuredmedia":[{"embeddable":true,"href":"https:\/\/nextsnkr.com\/de\/wp-json\/wp\/v2\/media\/823365"}],"wp:attachment":[{"href":"https:\/\/nextsnkr.com\/de\/wp-json\/wp\/v2\/media?parent=823364"}],"wp:term":[{"taxonomy":"product_brand","embeddable":true,"href":"https:\/\/nextsnkr.com\/de\/wp-json\/wp\/v2\/product_brand?post=823364"},{"taxonomy":"product_cat","embeddable":true,"href":"https:\/\/nextsnkr.com\/de\/wp-json\/wp\/v2\/product_cat?post=823364"},{"taxonomy":"product_tag","embeddable":true,"href":"https:\/\/nextsnkr.com\/de\/wp-json\/wp\/v2\/product_tag?post=823364"}],"curies":[{"name":"wp","href":"https:\/\/api.w.org\/{rel}","templated":true}]}}