{"id":821329,"date":"2025-06-12T16:11:17","date_gmt":"2025-06-12T13:11:17","guid":{"rendered":"https:\/\/nextsnkr.com\/product\/yeezy-boost-350-v2-dark-beluga-reflective\/"},"modified":"2026-01-29T15:29:10","modified_gmt":"2026-01-29T12:29:10","slug":"yeezy-boost-350-v2-dark-beluga-reflective","status":"publish","type":"product","link":"https:\/\/nextsnkr.com\/de\/produkt\/yeezy-boost-350-v2-dark-beluga-reflective\/","title":{"rendered":"YEEZY Boost 350 V2 Dark Beluga Reflective Sneakers aus Textil"},"content":{"rendered":"<h2>YEEZY Boost 350 V2 Dark Beluga Reflective Sneakers aus Textil<\/h2>\n<p>&nbsp;<\/p>\n<p>Die YEEZY Boost 350 V2 Dark Beluga Reflective Sneakers sind aus hochwertigen Textilien gefertigt, die bei l\u00e4ngerem Tragen Komfort und Atmungsaktivit\u00e4t bieten. Das Modell der bekannten Marke YEEZY kombiniert modernes Design und Technologie f\u00fcr einen aktiven Lebensstil. Die dunkle Farbe mit reflektierenden Elementen verleiht Stil und Einzigartigkeit. Das leichte Design und die bequeme Sohle garantieren bei jedem Schritt Komfort. W\u00e4hlen Sie den YEEZY Boost 350 V2 f\u00fcr modische, praktische und hochwertige Schuhe.<\/p>\n","protected":false},"excerpt":{"rendered":"<p>Die YEEZY Boost 350 V2 Dark Beluga Reflective Sneakers sind aus hochwertigen Textilien gefertigt, die bei l\u00e4ngerem Tragen Komfort und Atmungsaktivit\u00e4t bieten. Das Modell der bekannten Marke YEEZY kombiniert modernes Design und Technologie f\u00fcr einen aktiven Lebensstil. Die dunkle Farbe mit reflektierenden Elementen verleiht Stil und Einzigartigkeit. Das leichte Design und die bequeme Sohle garantieren bei jedem Schritt Komfort. W\u00e4hlen Sie den YEEZY Boost 350 V2 f\u00fcr modische, praktische und hochwertige Schuhe.<\/p>\n","protected":false},"featured_media":821333,"comment_status":"open","ping_status":"open","template":"","meta":[],"product_brand":[],"product_cat":[3398,3225,3226],"product_tag":[],"class_list":{"0":"post-821329","1":"product","2":"type-product","3":"status-publish","4":"has-post-thumbnail","6":"product_cat-adidas-yeezy","7":"product_cat-all-product","8":"product_cat-krosivky","9":"pa_rozmir-910","10":"pa_rozmir-912","11":"pa_rozmir-914","12":"pa_rozmir-915","13":"pa_rozmir-916","14":"pa_rozmir-917","15":"pa_rozmir-918","16":"pa_rozmir-919","17":"pa_rozmir-920","18":"pa_rozmir-921","19":"pa_rozmir-922","21":"first","22":"instock","23":"purchasable","24":"product-type-variable"},"_links":{"self":[{"href":"https:\/\/nextsnkr.com\/de\/wp-json\/wp\/v2\/product\/821329","targetHints":{"allow":["GET"]}}],"collection":[{"href":"https:\/\/nextsnkr.com\/de\/wp-json\/wp\/v2\/product"}],"about":[{"href":"https:\/\/nextsnkr.com\/de\/wp-json\/wp\/v2\/types\/product"}],"replies":[{"embeddable":true,"href":"https:\/\/nextsnkr.com\/de\/wp-json\/wp\/v2\/comments?post=821329"}],"version-history":[{"count":0,"href":"https:\/\/nextsnkr.com\/de\/wp-json\/wp\/v2\/product\/821329\/revisions"}],"wp:featuredmedia":[{"embeddable":true,"href":"https:\/\/nextsnkr.com\/de\/wp-json\/wp\/v2\/media\/821333"}],"wp:attachment":[{"href":"https:\/\/nextsnkr.com\/de\/wp-json\/wp\/v2\/media?parent=821329"}],"wp:term":[{"taxonomy":"product_brand","embeddable":true,"href":"https:\/\/nextsnkr.com\/de\/wp-json\/wp\/v2\/product_brand?post=821329"},{"taxonomy":"product_cat","embeddable":true,"href":"https:\/\/nextsnkr.com\/de\/wp-json\/wp\/v2\/product_cat?post=821329"},{"taxonomy":"product_tag","embeddable":true,"href":"https:\/\/nextsnkr.com\/de\/wp-json\/wp\/v2\/product_tag?post=821329"}],"curies":[{"name":"wp","href":"https:\/\/api.w.org\/{rel}","templated":true}]}}