{"id":816758,"date":"2025-06-12T16:16:32","date_gmt":"2025-06-12T13:16:32","guid":{"rendered":"https:\/\/nextsnkr.com\/product\/converse-black-red\/"},"modified":"2026-01-29T15:26:07","modified_gmt":"2026-01-29T12:26:07","slug":"converse-black-red","status":"publish","type":"product","link":"https:\/\/nextsnkr.com\/de\/produkt\/converse-black-red\/","title":{"rendered":"Converse Black Red Sneakers sind klassisch f\u00fcr einen stilvollen Alltagslook"},"content":{"rendered":"<h2>Converse Black Red Sneakers sind klassisch f\u00fcr einen stilvollen Alltagslook<\/h2>\n<p>&nbsp;<\/p>\n<p>Die Converse Black Red Sneakers kombinieren das legend\u00e4re Design der Marke mit modernem Komfort. Sie sind aus hochwertigen Materialien gefertigt und sorgen f\u00fcr Haltbarkeit und Komfort beim t\u00e4glichen Tragen. Stilvolle schwarze Farben mit roten Akzenten verleihen jedem Bild Helligkeit und machen Turnschuhe zu einer universellen Wahl f\u00fcr Spazierg\u00e4nge, Studium oder st\u00e4dtische Abenteuer. W\u00e4hlen Sie Converse Black Red und betonen Sie Ihren individuellen Stil mit Komfort und Vertrauen!<\/p>\n","protected":false},"excerpt":{"rendered":"<p>Die Converse Black Red Sneakers kombinieren das legend\u00e4re Design der Marke mit modernem Komfort. Sie sind aus hochwertigen Materialien gefertigt und sorgen f\u00fcr Haltbarkeit und Komfort beim t\u00e4glichen Tragen. Stilvolle schwarze Farben mit roten Akzenten verleihen jedem Bild Helligkeit und machen Turnschuhe zu einer universellen Wahl f\u00fcr Spazierg\u00e4nge, Studium oder st\u00e4dtische Abenteuer. W\u00e4hlen Sie Converse Black Red und betonen Sie Ihren individuellen Stil mit Komfort und Vertrauen!<\/p>\n","protected":false},"featured_media":816761,"comment_status":"open","ping_status":"open","template":"","meta":[],"product_brand":[],"product_cat":[3225,3320],"product_tag":[],"class_list":{"0":"post-816758","1":"product","2":"type-product","3":"status-publish","4":"has-post-thumbnail","6":"product_cat-all-product","7":"product_cat-kedy","8":"pa_rozmir-910","9":"pa_rozmir-912","10":"pa_rozmir-914","11":"pa_rozmir-915","12":"pa_rozmir-916","13":"pa_rozmir-917","14":"pa_rozmir-918","15":"pa_rozmir-919","16":"pa_rozmir-920","17":"pa_rozmir-921","18":"pa_rozmir-922","20":"first","21":"instock","22":"purchasable","23":"product-type-variable"},"_links":{"self":[{"href":"https:\/\/nextsnkr.com\/de\/wp-json\/wp\/v2\/product\/816758","targetHints":{"allow":["GET"]}}],"collection":[{"href":"https:\/\/nextsnkr.com\/de\/wp-json\/wp\/v2\/product"}],"about":[{"href":"https:\/\/nextsnkr.com\/de\/wp-json\/wp\/v2\/types\/product"}],"replies":[{"embeddable":true,"href":"https:\/\/nextsnkr.com\/de\/wp-json\/wp\/v2\/comments?post=816758"}],"version-history":[{"count":0,"href":"https:\/\/nextsnkr.com\/de\/wp-json\/wp\/v2\/product\/816758\/revisions"}],"wp:featuredmedia":[{"embeddable":true,"href":"https:\/\/nextsnkr.com\/de\/wp-json\/wp\/v2\/media\/816761"}],"wp:attachment":[{"href":"https:\/\/nextsnkr.com\/de\/wp-json\/wp\/v2\/media?parent=816758"}],"wp:term":[{"taxonomy":"product_brand","embeddable":true,"href":"https:\/\/nextsnkr.com\/de\/wp-json\/wp\/v2\/product_brand?post=816758"},{"taxonomy":"product_cat","embeddable":true,"href":"https:\/\/nextsnkr.com\/de\/wp-json\/wp\/v2\/product_cat?post=816758"},{"taxonomy":"product_tag","embeddable":true,"href":"https:\/\/nextsnkr.com\/de\/wp-json\/wp\/v2\/product_tag?post=816758"}],"curies":[{"name":"wp","href":"https:\/\/api.w.org\/{rel}","templated":true}]}}