{"id":814456,"date":"2025-06-13T09:41:50","date_gmt":"2025-06-13T06:41:50","guid":{"rendered":"https:\/\/nextsnkr.com\/product\/adidas-yeezy-500-enflame\/"},"modified":"2026-01-29T15:24:47","modified_gmt":"2026-01-29T12:24:47","slug":"adidas-yeezy-500-enflame","status":"publish","type":"product","link":"https:\/\/nextsnkr.com\/de\/produkt\/adidas-yeezy-500-enflame\/","title":{"rendered":"Sneakers Adidas Yeezy 500 Enflame Wildleder \/ Mesh-Stil und Komfort"},"content":{"rendered":"<h2>Sneakers Adidas Yeezy 500 Enflame Wildleder \/ Mesh-Stil und Komfort<\/h2>\n<p>&nbsp;<\/p>\n<p>Die stilvollen Adidas Yeezy 500 Enflame Sneakers bestehen aus einer Kombination aus Wildleder und Mesh, die Komfort, Haltbarkeit und atmungsaktive Eigenschaften bietet. Das markante Design des Modells f\u00fcgt Modernit\u00e4t hinzu und unterstreicht den individuellen Stil und macht es zu einer vielseitigen Wahl f\u00fcr den t\u00e4glichen Verschlei\u00df. Hergestellt in China, garantieren die Turnschuhe Qualit\u00e4t, eine bequeme Passform und Zuverl\u00e4ssigkeit. Ideal f\u00fcr einen aktiven Lebensstil und stilvolle Bilder. Code: YE075-409505.<\/p>\n","protected":false},"excerpt":{"rendered":"<p>Die stilvollen Adidas Yeezy 500 Enflame Sneakers bestehen aus einer Kombination aus Wildleder und Mesh, die Komfort, Haltbarkeit und atmungsaktive Eigenschaften bietet. Das markante Design des Modells f\u00fcgt Modernit\u00e4t hinzu und unterstreicht den individuellen Stil und macht es zu einer vielseitigen Wahl f\u00fcr den t\u00e4glichen Verschlei\u00df. Hergestellt in China, garantieren die Turnschuhe Qualit\u00e4t, eine bequeme Passform und Zuverl\u00e4ssigkeit. Ideal f\u00fcr einen aktiven Lebensstil und stilvolle Bilder. Code: YE075-409505.<\/p>\n","protected":false},"featured_media":814460,"comment_status":"open","ping_status":"open","template":"","meta":[],"product_brand":[],"product_cat":[3398,3225,3226],"product_tag":[],"class_list":{"0":"post-814456","1":"product","2":"type-product","3":"status-publish","4":"has-post-thumbnail","6":"product_cat-adidas-yeezy","7":"product_cat-all-product","8":"product_cat-krosivky","9":"pa_rozmir-910","10":"pa_rozmir-912","11":"pa_rozmir-914","12":"pa_rozmir-915","13":"pa_rozmir-916","14":"pa_rozmir-917","15":"pa_rozmir-918","16":"pa_rozmir-919","17":"pa_rozmir-920","18":"pa_rozmir-921","19":"pa_rozmir-922","21":"first","22":"onbackorder","23":"purchasable","24":"product-type-variable"},"_links":{"self":[{"href":"https:\/\/nextsnkr.com\/de\/wp-json\/wp\/v2\/product\/814456","targetHints":{"allow":["GET"]}}],"collection":[{"href":"https:\/\/nextsnkr.com\/de\/wp-json\/wp\/v2\/product"}],"about":[{"href":"https:\/\/nextsnkr.com\/de\/wp-json\/wp\/v2\/types\/product"}],"replies":[{"embeddable":true,"href":"https:\/\/nextsnkr.com\/de\/wp-json\/wp\/v2\/comments?post=814456"}],"version-history":[{"count":0,"href":"https:\/\/nextsnkr.com\/de\/wp-json\/wp\/v2\/product\/814456\/revisions"}],"wp:featuredmedia":[{"embeddable":true,"href":"https:\/\/nextsnkr.com\/de\/wp-json\/wp\/v2\/media\/814460"}],"wp:attachment":[{"href":"https:\/\/nextsnkr.com\/de\/wp-json\/wp\/v2\/media?parent=814456"}],"wp:term":[{"taxonomy":"product_brand","embeddable":true,"href":"https:\/\/nextsnkr.com\/de\/wp-json\/wp\/v2\/product_brand?post=814456"},{"taxonomy":"product_cat","embeddable":true,"href":"https:\/\/nextsnkr.com\/de\/wp-json\/wp\/v2\/product_cat?post=814456"},{"taxonomy":"product_tag","embeddable":true,"href":"https:\/\/nextsnkr.com\/de\/wp-json\/wp\/v2\/product_tag?post=814456"}],"curies":[{"name":"wp","href":"https:\/\/api.w.org\/{rel}","templated":true}]}}