{"id":814119,"date":"2025-06-13T09:42:32","date_gmt":"2025-06-13T06:42:32","guid":{"rendered":"https:\/\/nextsnkr.com\/product\/yeezy-500-stone-uteplennye\/"},"modified":"2026-01-29T15:24:27","modified_gmt":"2026-01-29T12:24:27","slug":"yeezy-500-stone-uteplennye","status":"publish","type":"product","link":"https:\/\/nextsnkr.com\/de\/produkt\/yeezy-500-stone-uteplennye\/","title":{"rendered":"Yeezy 500 Stone Sneakers aus warmem Wildleder \/ Pelz-Warm und stilvoll"},"content":{"rendered":"<h2>Yeezy 500 Stone Sneakers aus warmem Wildleder \/ Pelz-Warm und stilvoll<\/h2>\n<p>&nbsp;<\/p>\n<p>Die stilvollen, isolierten Yeezy 500 Stone Sneakers bestehen aus einer Kombination aus Wildleder und weichem Fell, die f\u00fcr W\u00e4rme, Komfort und Haltbarkeit sorgt. Das Modell ist ideal f\u00fcr kaltes Wetter und h\u00e4lt die F\u00fc\u00dfe warm, ohne dabei ein modernes, stilvolles Aussehen zu verlieren. Hergestellt in Vietnam, garantieren die Turnschuhe Qualit\u00e4t, eine sichere Passform und Praktikabilit\u00e4t f\u00fcr das t\u00e4gliche Tragen. Code: YE045-168717.<\/p>\n","protected":false},"excerpt":{"rendered":"<p>Die stilvollen, isolierten Yeezy 500 Stone Sneakers bestehen aus einer Kombination aus Wildleder und weichem Fell, die f\u00fcr W\u00e4rme, Komfort und Haltbarkeit sorgt. Das Modell ist ideal f\u00fcr kaltes Wetter und h\u00e4lt die F\u00fc\u00dfe warm, ohne dabei ein modernes, stilvolles Aussehen zu verlieren. Hergestellt in Vietnam, garantieren die Turnschuhe Qualit\u00e4t, eine sichere Passform und Praktikabilit\u00e4t f\u00fcr das t\u00e4gliche Tragen. Code: YE045-168717.<\/p>\n","protected":false},"featured_media":814123,"comment_status":"open","ping_status":"open","template":"","meta":[],"product_brand":[],"product_cat":[3398,3225,3226],"product_tag":[],"class_list":{"0":"post-814119","1":"product","2":"type-product","3":"status-publish","4":"has-post-thumbnail","6":"product_cat-adidas-yeezy","7":"product_cat-all-product","8":"product_cat-krosivky","9":"pa_rozmir-910","10":"pa_rozmir-912","11":"pa_rozmir-914","12":"pa_rozmir-915","13":"pa_rozmir-916","14":"pa_rozmir-917","15":"pa_rozmir-918","16":"pa_rozmir-919","17":"pa_rozmir-920","18":"pa_rozmir-921","19":"pa_rozmir-922","21":"first","22":"instock","23":"purchasable","24":"product-type-variable"},"_links":{"self":[{"href":"https:\/\/nextsnkr.com\/de\/wp-json\/wp\/v2\/product\/814119","targetHints":{"allow":["GET"]}}],"collection":[{"href":"https:\/\/nextsnkr.com\/de\/wp-json\/wp\/v2\/product"}],"about":[{"href":"https:\/\/nextsnkr.com\/de\/wp-json\/wp\/v2\/types\/product"}],"replies":[{"embeddable":true,"href":"https:\/\/nextsnkr.com\/de\/wp-json\/wp\/v2\/comments?post=814119"}],"version-history":[{"count":0,"href":"https:\/\/nextsnkr.com\/de\/wp-json\/wp\/v2\/product\/814119\/revisions"}],"wp:featuredmedia":[{"embeddable":true,"href":"https:\/\/nextsnkr.com\/de\/wp-json\/wp\/v2\/media\/814123"}],"wp:attachment":[{"href":"https:\/\/nextsnkr.com\/de\/wp-json\/wp\/v2\/media?parent=814119"}],"wp:term":[{"taxonomy":"product_brand","embeddable":true,"href":"https:\/\/nextsnkr.com\/de\/wp-json\/wp\/v2\/product_brand?post=814119"},{"taxonomy":"product_cat","embeddable":true,"href":"https:\/\/nextsnkr.com\/de\/wp-json\/wp\/v2\/product_cat?post=814119"},{"taxonomy":"product_tag","embeddable":true,"href":"https:\/\/nextsnkr.com\/de\/wp-json\/wp\/v2\/product_tag?post=814119"}],"curies":[{"name":"wp","href":"https:\/\/api.w.org\/{rel}","templated":true}]}}