{"id":813017,"date":"2025-06-12T16:20:52","date_gmt":"2025-06-12T13:20:52","guid":{"rendered":"https:\/\/nextsnkr.com\/product\/foam-runner-black\/"},"modified":"2026-01-29T15:23:45","modified_gmt":"2026-01-29T12:23:45","slug":"foam-runner-black","status":"publish","type":"product","link":"https:\/\/nextsnkr.com\/de\/produkt\/foam-runner-black\/","title":{"rendered":"Foam Runner Slipper Black schwarz"},"content":{"rendered":"<h2>Foam Runner Slipper Black schwarz<\/h2>\n<p>&nbsp;<\/p>\n<p>Die Foam Runner Black Slipper sind in einem modernen, minimalistischen Design gefertigt, das Leichtigkeit, Komfort und Stil kombiniert. Das Modell besteht aus strapazierf\u00e4higem und verschlei\u00dffestem Material, das Komfort beim t\u00e4glichen Tragen bietet. Dank der anatomischen Form sind die Hausschuhe gut am Fu\u00df befestigt und eignen sich f\u00fcr Zuhause, Freizeit und Outdoor-Aktivit\u00e4ten. Die praktische schwarze Farbe macht sie zu einer universellen Wahl. Hersteller: China. SKU: FR01-6161<\/p>\n","protected":false},"excerpt":{"rendered":"<p>Die Foam Runner Black Slipper sind in einem modernen, minimalistischen Design gefertigt, das Leichtigkeit, Komfort und Stil kombiniert. Das Modell besteht aus strapazierf\u00e4higem und verschlei\u00dffestem Material, das Komfort beim t\u00e4glichen Tragen bietet. Dank der anatomischen Form sind die Hausschuhe gut am Fu\u00df befestigt und eignen sich f\u00fcr Zuhause, Freizeit und Outdoor-Aktivit\u00e4ten. Die praktische schwarze Farbe macht sie zu einer universellen Wahl. Hersteller: China. SKU: FR01-6161<\/p>\n","protected":false},"featured_media":813021,"comment_status":"open","ping_status":"open","template":"","meta":[],"product_brand":[],"product_cat":[3225,3422],"product_tag":[],"class_list":{"0":"post-813017","1":"product","2":"type-product","3":"status-publish","4":"has-post-thumbnail","6":"product_cat-all-product","7":"product_cat-shlopantsi","8":"pa_rozmir-923","9":"pa_rozmir-910","10":"pa_rozmir-912","11":"pa_rozmir-915","12":"pa_rozmir-916","13":"pa_rozmir-917","14":"pa_rozmir-918","15":"pa_rozmir-919","16":"pa_rozmir-920","17":"pa_rozmir-921","18":"pa_rozmir-922","20":"first","21":"onbackorder","22":"purchasable","23":"product-type-variable"},"_links":{"self":[{"href":"https:\/\/nextsnkr.com\/de\/wp-json\/wp\/v2\/product\/813017","targetHints":{"allow":["GET"]}}],"collection":[{"href":"https:\/\/nextsnkr.com\/de\/wp-json\/wp\/v2\/product"}],"about":[{"href":"https:\/\/nextsnkr.com\/de\/wp-json\/wp\/v2\/types\/product"}],"replies":[{"embeddable":true,"href":"https:\/\/nextsnkr.com\/de\/wp-json\/wp\/v2\/comments?post=813017"}],"version-history":[{"count":0,"href":"https:\/\/nextsnkr.com\/de\/wp-json\/wp\/v2\/product\/813017\/revisions"}],"wp:featuredmedia":[{"embeddable":true,"href":"https:\/\/nextsnkr.com\/de\/wp-json\/wp\/v2\/media\/813021"}],"wp:attachment":[{"href":"https:\/\/nextsnkr.com\/de\/wp-json\/wp\/v2\/media?parent=813017"}],"wp:term":[{"taxonomy":"product_brand","embeddable":true,"href":"https:\/\/nextsnkr.com\/de\/wp-json\/wp\/v2\/product_brand?post=813017"},{"taxonomy":"product_cat","embeddable":true,"href":"https:\/\/nextsnkr.com\/de\/wp-json\/wp\/v2\/product_cat?post=813017"},{"taxonomy":"product_tag","embeddable":true,"href":"https:\/\/nextsnkr.com\/de\/wp-json\/wp\/v2\/product_tag?post=813017"}],"curies":[{"name":"wp","href":"https:\/\/api.w.org\/{rel}","templated":true}]}}