{"id":811434,"date":"2025-06-13T09:45:21","date_gmt":"2025-06-13T06:45:21","guid":{"rendered":"https:\/\/nextsnkr.com\/product\/jadon-white-mekh-rozprodazh\/"},"modified":"2026-01-29T15:22:43","modified_gmt":"2026-01-29T12:22:43","slug":"jadon-white-mekh-rozprodazh","status":"publish","type":"product","link":"https:\/\/nextsnkr.com\/de\/produkt\/jadon-white-mekh-rozprodazh\/","title":{"rendered":"1460 Black Gloss Stiefel aus Lackleder und Fell \ufe0f \ufe0f &#8211; Ausverkauf"},"content":{"rendered":"<h2>1460 Black Gloss Stiefel aus Lackleder und Fell \ufe0f \ufe0f &#8211; Ausverkauf<\/h2>\n<p>&nbsp;<\/p>\n<p>Die 1460 Black Gloss Stiefel aus Lackleder und Kunstfell kombinieren jeden Tag einen stilvollen Glanz und W\u00e4rme f\u00fcr kaltes Wetter. Das Modell der Marke 1460 ist f\u00fcr das t\u00e4gliche Tragen geeignet und bietet dank hochwertiger Materialien Komfort und Haltbarkeit. Die bequeme Polsterung und die stabile Sohle machen diese Stiefel zu einer praktischen Wahl f\u00fcr jedes Outfit. Der Sonderverkaufspreis macht sie zu einem g\u00fcnstigen Kauf f\u00fcr diejenigen, die Stil und Qualit\u00e4t sch\u00e4tzen.<\/p>\n","protected":false},"excerpt":{"rendered":"<p>Die 1460 Black Gloss Stiefel aus Lackleder und Kunstfell kombinieren jeden Tag einen stilvollen Glanz und W\u00e4rme f\u00fcr kaltes Wetter. Das Modell der Marke 1460 ist f\u00fcr das t\u00e4gliche Tragen geeignet und bietet dank hochwertiger Materialien Komfort und Haltbarkeit. Die bequeme Polsterung und die stabile Sohle machen diese Stiefel zu einer praktischen Wahl f\u00fcr jedes Outfit. Der Sonderverkaufspreis macht sie zu einem g\u00fcnstigen Kauf f\u00fcr diejenigen, die Stil und Qualit\u00e4t sch\u00e4tzen.<\/p>\n","protected":false},"featured_media":811439,"comment_status":"open","ping_status":"open","template":"","meta":[],"product_brand":[],"product_cat":[3225,3333],"product_tag":[],"class_list":{"0":"post-811434","1":"product","2":"type-product","3":"status-publish","4":"has-post-thumbnail","6":"product_cat-all-product","7":"product_cat-cherevyky","8":"pa_rozmir-910","9":"pa_rozmir-912","10":"pa_rozmir-914","11":"pa_rozmir-915","12":"pa_rozmir-916","13":"pa_rozmir-917","14":"pa_rozmir-918","15":"pa_rozmir-919","16":"pa_rozmir-920","17":"pa_rozmir-921","18":"pa_rozmir-922","20":"first","21":"instock","22":"purchasable","23":"product-type-variable"},"_links":{"self":[{"href":"https:\/\/nextsnkr.com\/de\/wp-json\/wp\/v2\/product\/811434","targetHints":{"allow":["GET"]}}],"collection":[{"href":"https:\/\/nextsnkr.com\/de\/wp-json\/wp\/v2\/product"}],"about":[{"href":"https:\/\/nextsnkr.com\/de\/wp-json\/wp\/v2\/types\/product"}],"replies":[{"embeddable":true,"href":"https:\/\/nextsnkr.com\/de\/wp-json\/wp\/v2\/comments?post=811434"}],"version-history":[{"count":0,"href":"https:\/\/nextsnkr.com\/de\/wp-json\/wp\/v2\/product\/811434\/revisions"}],"wp:featuredmedia":[{"embeddable":true,"href":"https:\/\/nextsnkr.com\/de\/wp-json\/wp\/v2\/media\/811439"}],"wp:attachment":[{"href":"https:\/\/nextsnkr.com\/de\/wp-json\/wp\/v2\/media?parent=811434"}],"wp:term":[{"taxonomy":"product_brand","embeddable":true,"href":"https:\/\/nextsnkr.com\/de\/wp-json\/wp\/v2\/product_brand?post=811434"},{"taxonomy":"product_cat","embeddable":true,"href":"https:\/\/nextsnkr.com\/de\/wp-json\/wp\/v2\/product_cat?post=811434"},{"taxonomy":"product_tag","embeddable":true,"href":"https:\/\/nextsnkr.com\/de\/wp-json\/wp\/v2\/product_tag?post=811434"}],"curies":[{"name":"wp","href":"https:\/\/api.w.org\/{rel}","templated":true}]}}