{"id":811094,"date":"2025-06-13T09:45:41","date_gmt":"2025-06-13T06:45:41","guid":{"rendered":"https:\/\/nextsnkr.com\/product\/1460-black-gloss-mekh-rasprodazha\/"},"modified":"2026-01-29T15:22:34","modified_gmt":"2026-01-29T12:22:34","slug":"1460-black-gloss-mekh-rasprodazha","status":"publish","type":"product","link":"https:\/\/nextsnkr.com\/de\/produkt\/1460-black-gloss-mekh-rasprodazha\/","title":{"rendered":"1460 Black Stiefel aus Leder und Pelz \ufe0f \ufe0f &#8211; stilvoller Verkauf"},"content":{"rendered":"<h2>1460 Black Stiefel aus Leder und Pelz \ufe0f \ufe0f &#8211; stilvoller Verkauf<\/h2>\n<p>&nbsp;<\/p>\n<p>Die 1460 Black Stiefel aus echtem Leder und Kunstpelz kombinieren jeden Tag ein elegantes Design und sind warm f\u00fcr kaltes Wetter. Das Modell der Marke 1460 bietet dank hochwertiger Materialien Komfort beim t\u00e4glichen Tragen, Haltbarkeit und Zuverl\u00e4ssigkeit. Die bequeme Polsterung und die stabile Sohle machen diese Stiefel zu einer praktischen und modischen Wahl f\u00fcr jedes Outfit. Der Verkaufspreis macht sie zum perfekten Kauf f\u00fcr stilvolle und aktive K\u00e4ufer.<\/p>\n","protected":false},"excerpt":{"rendered":"<p>Die 1460 Black Stiefel aus echtem Leder und Kunstpelz kombinieren jeden Tag ein elegantes Design und sind warm f\u00fcr kaltes Wetter. Das Modell der Marke 1460 bietet dank hochwertiger Materialien Komfort beim t\u00e4glichen Tragen, Haltbarkeit und Zuverl\u00e4ssigkeit. Die bequeme Polsterung und die stabile Sohle machen diese Stiefel zu einer praktischen und modischen Wahl f\u00fcr jedes Outfit. Der Verkaufspreis macht sie zum perfekten Kauf f\u00fcr stilvolle und aktive K\u00e4ufer.<\/p>\n","protected":false},"featured_media":811098,"comment_status":"open","ping_status":"open","template":"","meta":[],"product_brand":[],"product_cat":[3225,3333],"product_tag":[],"class_list":{"0":"post-811094","1":"product","2":"type-product","3":"status-publish","4":"has-post-thumbnail","6":"product_cat-all-product","7":"product_cat-cherevyky","8":"pa_rozmir-910","9":"pa_rozmir-912","10":"pa_rozmir-914","11":"pa_rozmir-915","12":"pa_rozmir-916","13":"pa_rozmir-917","14":"pa_rozmir-918","15":"pa_rozmir-919","16":"pa_rozmir-920","17":"pa_rozmir-921","18":"pa_rozmir-922","20":"first","21":"instock","22":"purchasable","23":"product-type-variable"},"_links":{"self":[{"href":"https:\/\/nextsnkr.com\/de\/wp-json\/wp\/v2\/product\/811094","targetHints":{"allow":["GET"]}}],"collection":[{"href":"https:\/\/nextsnkr.com\/de\/wp-json\/wp\/v2\/product"}],"about":[{"href":"https:\/\/nextsnkr.com\/de\/wp-json\/wp\/v2\/types\/product"}],"replies":[{"embeddable":true,"href":"https:\/\/nextsnkr.com\/de\/wp-json\/wp\/v2\/comments?post=811094"}],"version-history":[{"count":0,"href":"https:\/\/nextsnkr.com\/de\/wp-json\/wp\/v2\/product\/811094\/revisions"}],"wp:featuredmedia":[{"embeddable":true,"href":"https:\/\/nextsnkr.com\/de\/wp-json\/wp\/v2\/media\/811098"}],"wp:attachment":[{"href":"https:\/\/nextsnkr.com\/de\/wp-json\/wp\/v2\/media?parent=811094"}],"wp:term":[{"taxonomy":"product_brand","embeddable":true,"href":"https:\/\/nextsnkr.com\/de\/wp-json\/wp\/v2\/product_brand?post=811094"},{"taxonomy":"product_cat","embeddable":true,"href":"https:\/\/nextsnkr.com\/de\/wp-json\/wp\/v2\/product_cat?post=811094"},{"taxonomy":"product_tag","embeddable":true,"href":"https:\/\/nextsnkr.com\/de\/wp-json\/wp\/v2\/product_tag?post=811094"}],"curies":[{"name":"wp","href":"https:\/\/api.w.org\/{rel}","templated":true}]}}