{"id":810062,"date":"2025-06-13T09:47:02","date_gmt":"2025-06-13T06:47:02","guid":{"rendered":"https:\/\/nextsnkr.com\/product\/jadon-black-rozprodazh\/"},"modified":"2026-01-29T15:21:47","modified_gmt":"2026-01-29T12:21:47","slug":"jadon-black-rozprodazh","status":"publish","type":"product","link":"https:\/\/nextsnkr.com\/de\/produkt\/jadon-black-rozprodazh\/","title":{"rendered":"1460 Total Black Stiefel aus echtem Leder und Pelz \ufe0f \ufe0f &#8211; Ausverkauf"},"content":{"rendered":"<h2>1460 Total Black Stiefel aus echtem Leder und Pelz \ufe0f \ufe0f &#8211; Ausverkauf<\/h2>\n<p>&nbsp;<\/p>\n<p>Die 1460 Total Black Stiefel sind aus hochwertigem echtem Leder gefertigt und mit einem w\u00e4rmenden\ufe0f\ufe0f\ufe0f Fell ausgestattet, das W\u00e4rme und Komfort in der kalten Jahreszeit garantiert. Das Modell der Marke 1460 eignet sich f\u00fcr das t\u00e4gliche Tragen und das Erstellen eines stilvollen Looks. Die bequeme Polsterung und die robuste Sohle machen die Stiefel zu einer praktischen und langlebigen Wahl. Der Verkaufspreis erm\u00f6glicht es Ihnen, hochwertige und modische Schuhe zu einem g\u00fcnstigen Angebot zu kaufen.<\/p>\n","protected":false},"excerpt":{"rendered":"<p>Die 1460 Total Black Stiefel sind aus hochwertigem echtem Leder gefertigt und mit einem w\u00e4rmenden\ufe0f\ufe0f\ufe0f Fell ausgestattet, das W\u00e4rme und Komfort in der kalten Jahreszeit garantiert. Das Modell der Marke 1460 eignet sich f\u00fcr das t\u00e4gliche Tragen und das Erstellen eines stilvollen Looks. Die bequeme Polsterung und die robuste Sohle machen die Stiefel zu einer praktischen und langlebigen Wahl. Der Verkaufspreis erm\u00f6glicht es Ihnen, hochwertige und modische Schuhe zu einem g\u00fcnstigen Angebot zu kaufen.<\/p>\n","protected":false},"featured_media":810064,"comment_status":"open","ping_status":"open","template":"","meta":[],"product_brand":[],"product_cat":[3225,3333],"product_tag":[],"class_list":{"0":"post-810062","1":"product","2":"type-product","3":"status-publish","4":"has-post-thumbnail","6":"product_cat-all-product","7":"product_cat-cherevyky","8":"pa_rozmir-910","9":"pa_rozmir-912","10":"pa_rozmir-914","11":"pa_rozmir-915","12":"pa_rozmir-916","13":"pa_rozmir-917","14":"pa_rozmir-918","15":"pa_rozmir-919","16":"pa_rozmir-920","17":"pa_rozmir-921","18":"pa_rozmir-922","20":"first","21":"instock","22":"purchasable","23":"product-type-variable"},"_links":{"self":[{"href":"https:\/\/nextsnkr.com\/de\/wp-json\/wp\/v2\/product\/810062","targetHints":{"allow":["GET"]}}],"collection":[{"href":"https:\/\/nextsnkr.com\/de\/wp-json\/wp\/v2\/product"}],"about":[{"href":"https:\/\/nextsnkr.com\/de\/wp-json\/wp\/v2\/types\/product"}],"replies":[{"embeddable":true,"href":"https:\/\/nextsnkr.com\/de\/wp-json\/wp\/v2\/comments?post=810062"}],"version-history":[{"count":0,"href":"https:\/\/nextsnkr.com\/de\/wp-json\/wp\/v2\/product\/810062\/revisions"}],"wp:featuredmedia":[{"embeddable":true,"href":"https:\/\/nextsnkr.com\/de\/wp-json\/wp\/v2\/media\/810064"}],"wp:attachment":[{"href":"https:\/\/nextsnkr.com\/de\/wp-json\/wp\/v2\/media?parent=810062"}],"wp:term":[{"taxonomy":"product_brand","embeddable":true,"href":"https:\/\/nextsnkr.com\/de\/wp-json\/wp\/v2\/product_brand?post=810062"},{"taxonomy":"product_cat","embeddable":true,"href":"https:\/\/nextsnkr.com\/de\/wp-json\/wp\/v2\/product_cat?post=810062"},{"taxonomy":"product_tag","embeddable":true,"href":"https:\/\/nextsnkr.com\/de\/wp-json\/wp\/v2\/product_tag?post=810062"}],"curies":[{"name":"wp","href":"https:\/\/api.w.org\/{rel}","templated":true}]}}