{"id":809629,"date":"2025-06-12T16:25:00","date_gmt":"2025-06-12T13:25:00","guid":{"rendered":"https:\/\/nextsnkr.com\/product\/campus\/"},"modified":"2026-01-29T15:21:33","modified_gmt":"2026-01-29T12:21:33","slug":"campus","status":"publish","type":"product","link":"https:\/\/nextsnkr.com\/de\/produkt\/campus\/","title":{"rendered":"Campus Sneakers stylisch l\u00e4ssig"},"content":{"rendered":"<h2>Campus Sneakers stylisch l\u00e4ssig<\/h2>\n<p>&nbsp;<\/p>\n<p>Die Campus Sneakers sind in einem lakonischen, vielseitigen Design gefertigt, das leicht mit jedem Kleiderschrank kombiniert werden kann. Leicht, bequem und praktisch \u2014 sie eignen sich zum t\u00e4glichen Tragen, Wandern und aktiven urbanen Rhythmus. Das Modell bietet eine komfortable Passform und ein angenehmes Gef\u00fchl beim Gehen. Eine gute Wahl f\u00fcr diejenigen, die nach stilvollen und bequemen Sneakers f\u00fcr jeden Tag suchen. SKU: None-1077239<\/p>\n","protected":false},"excerpt":{"rendered":"<p>Die Campus Sneakers sind in einem lakonischen, vielseitigen Design gefertigt, das leicht mit jedem Kleiderschrank kombiniert werden kann. Leicht, bequem und praktisch \u2014 sie eignen sich zum t\u00e4glichen Tragen, Wandern und aktiven urbanen Rhythmus. Das Modell bietet eine komfortable Passform und ein angenehmes Gef\u00fchl beim Gehen. Eine gute Wahl f\u00fcr diejenigen, die nach stilvollen und bequemen Sneakers f\u00fcr jeden Tag suchen. SKU: None-1077239<\/p>\n","protected":false},"featured_media":809633,"comment_status":"open","ping_status":"open","template":"","meta":[],"product_brand":[],"product_cat":[3225,3320],"product_tag":[],"class_list":{"0":"post-809629","1":"product","2":"type-product","3":"status-publish","4":"has-post-thumbnail","6":"product_cat-all-product","7":"product_cat-kedy","8":"pa_rozmir-910","9":"pa_rozmir-912","10":"pa_rozmir-914","11":"pa_rozmir-915","12":"pa_rozmir-916","13":"pa_rozmir-917","14":"pa_rozmir-918","15":"pa_rozmir-919","16":"pa_rozmir-920","17":"pa_rozmir-921","18":"pa_rozmir-922","20":"first","21":"onbackorder","22":"purchasable","23":"product-type-variable"},"_links":{"self":[{"href":"https:\/\/nextsnkr.com\/de\/wp-json\/wp\/v2\/product\/809629","targetHints":{"allow":["GET"]}}],"collection":[{"href":"https:\/\/nextsnkr.com\/de\/wp-json\/wp\/v2\/product"}],"about":[{"href":"https:\/\/nextsnkr.com\/de\/wp-json\/wp\/v2\/types\/product"}],"replies":[{"embeddable":true,"href":"https:\/\/nextsnkr.com\/de\/wp-json\/wp\/v2\/comments?post=809629"}],"version-history":[{"count":0,"href":"https:\/\/nextsnkr.com\/de\/wp-json\/wp\/v2\/product\/809629\/revisions"}],"wp:featuredmedia":[{"embeddable":true,"href":"https:\/\/nextsnkr.com\/de\/wp-json\/wp\/v2\/media\/809633"}],"wp:attachment":[{"href":"https:\/\/nextsnkr.com\/de\/wp-json\/wp\/v2\/media?parent=809629"}],"wp:term":[{"taxonomy":"product_brand","embeddable":true,"href":"https:\/\/nextsnkr.com\/de\/wp-json\/wp\/v2\/product_brand?post=809629"},{"taxonomy":"product_cat","embeddable":true,"href":"https:\/\/nextsnkr.com\/de\/wp-json\/wp\/v2\/product_cat?post=809629"},{"taxonomy":"product_tag","embeddable":true,"href":"https:\/\/nextsnkr.com\/de\/wp-json\/wp\/v2\/product_tag?post=809629"}],"curies":[{"name":"wp","href":"https:\/\/api.w.org\/{rel}","templated":true}]}}