{"id":808932,"date":"2025-06-12T16:25:51","date_gmt":"2025-06-12T13:25:51","guid":{"rendered":"https:\/\/nextsnkr.com\/product\/no-name\/"},"modified":"2026-01-29T15:21:06","modified_gmt":"2026-01-29T12:21:06","slug":"no-name","status":"publish","type":"product","link":"https:\/\/nextsnkr.com\/de\/produkt\/no-name\/","title":{"rendered":"No Name Stiefel-stilvoll und angenehm f\u00fcr das t\u00e4gliche Tragen"},"content":{"rendered":"<h2>No Name Stiefel-stilvoll und angenehm f\u00fcr das t\u00e4gliche Tragen<\/h2>\n<p>&nbsp;<\/p>\n<p>No Name Stiefel verbinden modernes Design und Komfort. Sie sind aus hochwertigen Materialien gefertigt und bieten bei jedem Wetter Haltbarkeit und Komfort. Ideal f\u00fcr das t\u00e4gliche Tragen, Spazierg\u00e4nge und aktives Stadtleben. Der stilvolle Look und das vielseitige Design machen diese Stiefel von No Name zu einer ausgezeichneten Wahl f\u00fcr diejenigen, die Praktikabilit\u00e4t und \u00c4sthetik sch\u00e4tzen. Bestellen Sie jetzt und f\u00fcgen Sie Ihrem Kleiderschrank Komfort hinzu.<\/p>\n","protected":false},"excerpt":{"rendered":"<p>No Name Stiefel verbinden modernes Design und Komfort. Sie sind aus hochwertigen Materialien gefertigt und bieten bei jedem Wetter Haltbarkeit und Komfort. Ideal f\u00fcr das t\u00e4gliche Tragen, Spazierg\u00e4nge und aktives Stadtleben. Der stilvolle Look und das vielseitige Design machen diese Stiefel von No Name zu einer ausgezeichneten Wahl f\u00fcr diejenigen, die Praktikabilit\u00e4t und \u00c4sthetik sch\u00e4tzen. Bestellen Sie jetzt und f\u00fcgen Sie Ihrem Kleiderschrank Komfort hinzu.<\/p>\n","protected":false},"featured_media":808933,"comment_status":"open","ping_status":"open","template":"","meta":[],"product_brand":[],"product_cat":[3225,3333],"product_tag":[],"class_list":{"0":"post-808932","1":"product","2":"type-product","3":"status-publish","4":"has-post-thumbnail","6":"product_cat-all-product","7":"product_cat-cherevyky","8":"pa_rozmir-910","9":"pa_rozmir-912","10":"pa_rozmir-914","11":"pa_rozmir-915","12":"pa_rozmir-916","13":"pa_rozmir-917","14":"pa_rozmir-918","15":"pa_rozmir-919","16":"pa_rozmir-920","17":"pa_rozmir-921","18":"pa_rozmir-922","20":"first","21":"onbackorder","22":"purchasable","23":"product-type-variable"},"_links":{"self":[{"href":"https:\/\/nextsnkr.com\/de\/wp-json\/wp\/v2\/product\/808932","targetHints":{"allow":["GET"]}}],"collection":[{"href":"https:\/\/nextsnkr.com\/de\/wp-json\/wp\/v2\/product"}],"about":[{"href":"https:\/\/nextsnkr.com\/de\/wp-json\/wp\/v2\/types\/product"}],"replies":[{"embeddable":true,"href":"https:\/\/nextsnkr.com\/de\/wp-json\/wp\/v2\/comments?post=808932"}],"version-history":[{"count":0,"href":"https:\/\/nextsnkr.com\/de\/wp-json\/wp\/v2\/product\/808932\/revisions"}],"wp:featuredmedia":[{"embeddable":true,"href":"https:\/\/nextsnkr.com\/de\/wp-json\/wp\/v2\/media\/808933"}],"wp:attachment":[{"href":"https:\/\/nextsnkr.com\/de\/wp-json\/wp\/v2\/media?parent=808932"}],"wp:term":[{"taxonomy":"product_brand","embeddable":true,"href":"https:\/\/nextsnkr.com\/de\/wp-json\/wp\/v2\/product_brand?post=808932"},{"taxonomy":"product_cat","embeddable":true,"href":"https:\/\/nextsnkr.com\/de\/wp-json\/wp\/v2\/product_cat?post=808932"},{"taxonomy":"product_tag","embeddable":true,"href":"https:\/\/nextsnkr.com\/de\/wp-json\/wp\/v2\/product_tag?post=808932"}],"curies":[{"name":"wp","href":"https:\/\/api.w.org\/{rel}","templated":true}]}}