{"id":807036,"date":"2025-06-13T09:51:37","date_gmt":"2025-06-13T06:51:37","guid":{"rendered":"https:\/\/nextsnkr.com\/product\/ugg-classic-tall-ii-boot-light-gray-rasprodazha\/"},"modified":"2026-01-29T15:19:53","modified_gmt":"2026-01-29T12:19:53","slug":"ugg-classic-tall-ii-boot-light-gray-rasprodazha","status":"publish","type":"product","link":"https:\/\/nextsnkr.com\/de\/produkt\/ugg-classic-tall-ii-boot-light-gray-rasprodazha\/","title":{"rendered":"UGG Classic Tall II Boot Dark Brown Stiefel aus Wildleder-Ausverkauf"},"content":{"rendered":"<h2>UGG Classic Tall II Boot Dark Brown Stiefel aus Wildleder-Ausverkauf<\/h2>\n<p>&nbsp;<\/p>\n<p>Die UGG Classic Tall II Boot Dark Brown Stiefel sind aus weichem Wildleder gefertigt und mit Kunstfell isoliert, was in der kalten Jahreszeit W\u00e4rme und Komfort bietet. Das Modell der australischen Marke UGG eignet sich zum t\u00e4glichen Tragen und zur Schaffung eines stilvollen Winterbildes. Das bequeme Pad und die robuste Sohle garantieren Haltbarkeit und Praktikabilit\u00e4t. Der Verkaufspreis macht diese Stiefel zu einem g\u00fcnstigen Kauf f\u00fcr diejenigen, die Qualit\u00e4t, Komfort und modernes Design sch\u00e4tzen.<\/p>\n","protected":false},"excerpt":{"rendered":"<p>Die UGG Classic Tall II Boot Dark Brown Stiefel sind aus weichem Wildleder gefertigt und mit Kunstfell isoliert, was in der kalten Jahreszeit W\u00e4rme und Komfort bietet. Das Modell der australischen Marke UGG eignet sich zum t\u00e4glichen Tragen und zur Schaffung eines stilvollen Winterbildes. Das bequeme Pad und die robuste Sohle garantieren Haltbarkeit und Praktikabilit\u00e4t. Der Verkaufspreis macht diese Stiefel zu einem g\u00fcnstigen Kauf f\u00fcr diejenigen, die Qualit\u00e4t, Komfort und modernes Design sch\u00e4tzen.<\/p>\n","protected":false},"featured_media":807039,"comment_status":"open","ping_status":"open","template":"","meta":[],"product_brand":[],"product_cat":[3409,3225],"product_tag":[],"class_list":{"0":"post-807036","1":"product","2":"type-product","3":"status-publish","4":"has-post-thumbnail","6":"product_cat-ugg","7":"product_cat-all-product","8":"pa_rozmir-923","9":"pa_rozmir-910","10":"pa_rozmir-912","11":"pa_rozmir-914","12":"pa_rozmir-915","13":"pa_rozmir-916","14":"pa_rozmir-917","15":"pa_rozmir-918","16":"pa_rozmir-919","17":"pa_rozmir-920","18":"pa_rozmir-921","20":"first","21":"onbackorder","22":"purchasable","23":"product-type-variable"},"_links":{"self":[{"href":"https:\/\/nextsnkr.com\/de\/wp-json\/wp\/v2\/product\/807036","targetHints":{"allow":["GET"]}}],"collection":[{"href":"https:\/\/nextsnkr.com\/de\/wp-json\/wp\/v2\/product"}],"about":[{"href":"https:\/\/nextsnkr.com\/de\/wp-json\/wp\/v2\/types\/product"}],"replies":[{"embeddable":true,"href":"https:\/\/nextsnkr.com\/de\/wp-json\/wp\/v2\/comments?post=807036"}],"version-history":[{"count":0,"href":"https:\/\/nextsnkr.com\/de\/wp-json\/wp\/v2\/product\/807036\/revisions"}],"wp:featuredmedia":[{"embeddable":true,"href":"https:\/\/nextsnkr.com\/de\/wp-json\/wp\/v2\/media\/807039"}],"wp:attachment":[{"href":"https:\/\/nextsnkr.com\/de\/wp-json\/wp\/v2\/media?parent=807036"}],"wp:term":[{"taxonomy":"product_brand","embeddable":true,"href":"https:\/\/nextsnkr.com\/de\/wp-json\/wp\/v2\/product_brand?post=807036"},{"taxonomy":"product_cat","embeddable":true,"href":"https:\/\/nextsnkr.com\/de\/wp-json\/wp\/v2\/product_cat?post=807036"},{"taxonomy":"product_tag","embeddable":true,"href":"https:\/\/nextsnkr.com\/de\/wp-json\/wp\/v2\/product_tag?post=807036"}],"curies":[{"name":"wp","href":"https:\/\/api.w.org\/{rel}","templated":true}]}}