{"id":804853,"date":"2025-06-13T09:54:55","date_gmt":"2025-06-13T06:54:55","guid":{"rendered":"https:\/\/nextsnkr.com\/product\/air-force-1-low-pivot-point\/"},"modified":"2026-01-29T15:18:24","modified_gmt":"2026-01-29T12:18:24","slug":"air-force-1-low-pivot-point","status":"publish","type":"product","link":"https:\/\/nextsnkr.com\/de\/produkt\/air-force-1-low-pivot-point\/","title":{"rendered":"Air Force 1 Low Pivot Point Sneakers aus Leder \u2014 Stil und Komfort"},"content":{"rendered":"<h2>Air Force 1 Low Pivot Point Sneakers aus Leder \u2014 Stil und Komfort<\/h2>\n<p>&nbsp;<\/p>\n<p>Die Lederschuhe von Air Force 1 Low Pivot Point sind stilvolle und praktische Schuhe f\u00fcr den t\u00e4glichen Gebrauch. Das Modell besteht aus hochwertigem echtem Leder, das Haltbarkeit, Komfort und Pflegeleicht bietet. Die robuste Sohle verleiht Stabilit\u00e4t beim Gehen und das vielseitige Design passt zu jedem Look. Der Hersteller ist China. Eine gute Wahl f\u00fcr diejenigen, die Stil, Komfort und Qualit\u00e4t sch\u00e4tzen. SKU-Code: 067-392854.<\/p>\n","protected":false},"excerpt":{"rendered":"<p>Die Lederschuhe von Air Force 1 Low Pivot Point sind stilvolle und praktische Schuhe f\u00fcr den t\u00e4glichen Gebrauch. Das Modell besteht aus hochwertigem echtem Leder, das Haltbarkeit, Komfort und Pflegeleicht bietet. Die robuste Sohle verleiht Stabilit\u00e4t beim Gehen und das vielseitige Design passt zu jedem Look. Der Hersteller ist China. Eine gute Wahl f\u00fcr diejenigen, die Stil, Komfort und Qualit\u00e4t sch\u00e4tzen. SKU-Code: 067-392854.<\/p>\n","protected":false},"featured_media":804854,"comment_status":"open","ping_status":"open","template":"","meta":[],"product_brand":[],"product_cat":[3225,3320],"product_tag":[],"class_list":{"0":"post-804853","1":"product","2":"type-product","3":"status-publish","4":"has-post-thumbnail","6":"product_cat-all-product","7":"product_cat-kedy","8":"pa_rozmir-910","9":"pa_rozmir-912","10":"pa_rozmir-914","11":"pa_rozmir-915","12":"pa_rozmir-916","13":"pa_rozmir-917","14":"pa_rozmir-918","15":"pa_rozmir-919","16":"pa_rozmir-920","17":"pa_rozmir-921","18":"pa_rozmir-922","20":"first","21":"instock","22":"purchasable","23":"product-type-variable"},"_links":{"self":[{"href":"https:\/\/nextsnkr.com\/de\/wp-json\/wp\/v2\/product\/804853","targetHints":{"allow":["GET"]}}],"collection":[{"href":"https:\/\/nextsnkr.com\/de\/wp-json\/wp\/v2\/product"}],"about":[{"href":"https:\/\/nextsnkr.com\/de\/wp-json\/wp\/v2\/types\/product"}],"replies":[{"embeddable":true,"href":"https:\/\/nextsnkr.com\/de\/wp-json\/wp\/v2\/comments?post=804853"}],"version-history":[{"count":0,"href":"https:\/\/nextsnkr.com\/de\/wp-json\/wp\/v2\/product\/804853\/revisions"}],"wp:featuredmedia":[{"embeddable":true,"href":"https:\/\/nextsnkr.com\/de\/wp-json\/wp\/v2\/media\/804854"}],"wp:attachment":[{"href":"https:\/\/nextsnkr.com\/de\/wp-json\/wp\/v2\/media?parent=804853"}],"wp:term":[{"taxonomy":"product_brand","embeddable":true,"href":"https:\/\/nextsnkr.com\/de\/wp-json\/wp\/v2\/product_brand?post=804853"},{"taxonomy":"product_cat","embeddable":true,"href":"https:\/\/nextsnkr.com\/de\/wp-json\/wp\/v2\/product_cat?post=804853"},{"taxonomy":"product_tag","embeddable":true,"href":"https:\/\/nextsnkr.com\/de\/wp-json\/wp\/v2\/product_tag?post=804853"}],"curies":[{"name":"wp","href":"https:\/\/api.w.org\/{rel}","templated":true}]}}