{"id":802985,"date":"2025-06-17T22:01:57","date_gmt":"2025-06-17T19:01:57","guid":{"rendered":"https:\/\/nextsnkr.com\/product\/nike-air-zoom-spiridon-cage-2-stussy-pure-platinum\/"},"modified":"2026-01-29T15:17:12","modified_gmt":"2026-01-29T12:17:12","slug":"nike-air-zoom-spiridon-cage-2-stussy-pure-platinum","status":"publish","type":"product","link":"https:\/\/nextsnkr.com\/de\/produkt\/nike-air-zoom-spiridon-cage-2-stussy-pure-platinum\/","title":{"rendered":"Nike Air Zoom Spiridon Cage 2 Stussy Pure Platinum Sneakers-Leder und Textil"},"content":{"rendered":"<h2>Nike Air Zoom Spiridon Cage 2 Stussy Pure Platinum Sneakers-Leder und Textil<\/h2>\n<p>&nbsp;<\/p>\n<p>Der Nike Air Zoom Spiridon Cage 2 Stussy Pure Platinum ist ein stylischer Sneaker aus Leder und Textil, der Komfort, Leichtigkeit und Haltbarkeit bietet. Der helle Farbton Pure Platinum verleiht dem Bild Modernit\u00e4t und Vielseitigkeit. Das Modell wurde in Zusammenarbeit mit Stussy entwickelt, was die Exklusivit\u00e4t und das trendige Design unterstreicht. Hergestellt in Vietnam, haben die Turnschuhe eine feste Sohle und eine bequeme Passform am Fu\u00df. Eine ideale Wahl f\u00fcr das t\u00e4gliche Tragen und einen aktiven Lebensstil mit einem Schwerpunkt auf Stil und Komfort.<\/p>\n","protected":false},"excerpt":{"rendered":"<p>Der Nike Air Zoom Spiridon Cage 2 Stussy Pure Platinum ist ein stylischer Sneaker aus Leder und Textil, der Komfort, Leichtigkeit und Haltbarkeit bietet. Der helle Farbton Pure Platinum verleiht dem Bild Modernit\u00e4t und Vielseitigkeit. Das Modell wurde in Zusammenarbeit mit Stussy entwickelt, was die Exklusivit\u00e4t und das trendige Design unterstreicht. Hergestellt in Vietnam, haben die Turnschuhe eine feste Sohle und eine bequeme Passform am Fu\u00df. Eine ideale Wahl f\u00fcr das t\u00e4gliche Tragen und einen aktiven Lebensstil mit einem Schwerpunkt auf Stil und Komfort.<\/p>\n","protected":false},"featured_media":802986,"comment_status":"open","ping_status":"open","template":"","meta":[],"product_brand":[],"product_cat":[3225,3226],"product_tag":[],"class_list":{"0":"post-802985","1":"product","2":"type-product","3":"status-publish","4":"has-post-thumbnail","6":"product_cat-all-product","7":"product_cat-krosivky","8":"pa_rozmir-910","9":"pa_rozmir-912","10":"pa_rozmir-914","11":"pa_rozmir-915","12":"pa_rozmir-916","13":"pa_rozmir-917","14":"pa_rozmir-918","15":"pa_rozmir-919","16":"pa_rozmir-920","17":"pa_rozmir-921","18":"pa_rozmir-922","20":"first","21":"instock","22":"purchasable","23":"product-type-variable"},"_links":{"self":[{"href":"https:\/\/nextsnkr.com\/de\/wp-json\/wp\/v2\/product\/802985","targetHints":{"allow":["GET"]}}],"collection":[{"href":"https:\/\/nextsnkr.com\/de\/wp-json\/wp\/v2\/product"}],"about":[{"href":"https:\/\/nextsnkr.com\/de\/wp-json\/wp\/v2\/types\/product"}],"replies":[{"embeddable":true,"href":"https:\/\/nextsnkr.com\/de\/wp-json\/wp\/v2\/comments?post=802985"}],"version-history":[{"count":0,"href":"https:\/\/nextsnkr.com\/de\/wp-json\/wp\/v2\/product\/802985\/revisions"}],"wp:featuredmedia":[{"embeddable":true,"href":"https:\/\/nextsnkr.com\/de\/wp-json\/wp\/v2\/media\/802986"}],"wp:attachment":[{"href":"https:\/\/nextsnkr.com\/de\/wp-json\/wp\/v2\/media?parent=802985"}],"wp:term":[{"taxonomy":"product_brand","embeddable":true,"href":"https:\/\/nextsnkr.com\/de\/wp-json\/wp\/v2\/product_brand?post=802985"},{"taxonomy":"product_cat","embeddable":true,"href":"https:\/\/nextsnkr.com\/de\/wp-json\/wp\/v2\/product_cat?post=802985"},{"taxonomy":"product_tag","embeddable":true,"href":"https:\/\/nextsnkr.com\/de\/wp-json\/wp\/v2\/product_tag?post=802985"}],"curies":[{"name":"wp","href":"https:\/\/api.w.org\/{rel}","templated":true}]}}