{"id":802644,"date":"2025-06-17T22:02:47","date_gmt":"2025-06-17T19:02:47","guid":{"rendered":"https:\/\/nextsnkr.com\/product\/stussy-x-nike-air-zoom-spiridon-cage-2-black-cool-grey\/"},"modified":"2026-01-29T15:17:03","modified_gmt":"2026-01-29T12:17:03","slug":"stussy-x-nike-air-zoom-spiridon-cage-2-black-cool-grey","status":"publish","type":"product","link":"https:\/\/nextsnkr.com\/de\/produkt\/stussy-x-nike-air-zoom-spiridon-cage-2-black-cool-grey\/","title":{"rendered":"\u041a\u0440\u043e\u0441\u0456\u0432\u043a\u0438 Stussy x Nike Air Zoom Spiridon K\u00e4fig 2 Schwarz\/Grau"},"content":{"rendered":"<h2>\u041a\u0440\u043e\u0441\u0456\u0432\u043a\u0438 Stussy x Nike Air Zoom Spiridon K\u00e4fig 2 Schwarz\/Grau<\/h2>\n<p>&nbsp;<\/p>\n<p>Der Stussy x Nike Air Zoom Spiridon Cage 2 Black\/Cool Grey ist ein stylischer Sneaker f\u00fcr das t\u00e4gliche Tragen und Sport. Das Obermaterial aus Textilgewebe und die Wildleder-Futter sorgen f\u00fcr Atmungsaktivit\u00e4t und Haltbarkeit, w\u00e4hrend die Air Zoom-Sohle eine angenehme D\u00e4mpfung garantiert. Hergestellt in Vietnam, kombinieren diese Turnschuhe Premium-Design und Funktionalit\u00e4t und schaffen eine modische und praktische Wahl f\u00fcr einen aktiven Lebensstil und einen Spaziergang durch die Stadt.<\/p>\n","protected":false},"excerpt":{"rendered":"<p>Der Stussy x Nike Air Zoom Spiridon Cage 2 Black\/Cool Grey ist ein stylischer Sneaker f\u00fcr das t\u00e4gliche Tragen und Sport. Das Obermaterial aus Textilgewebe und die Wildleder-Futter sorgen f\u00fcr Atmungsaktivit\u00e4t und Haltbarkeit, w\u00e4hrend die Air Zoom-Sohle eine angenehme D\u00e4mpfung garantiert. Hergestellt in Vietnam, kombinieren diese Turnschuhe Premium-Design und Funktionalit\u00e4t und schaffen eine modische und praktische Wahl f\u00fcr einen aktiven Lebensstil und einen Spaziergang durch die Stadt.<\/p>\n","protected":false},"featured_media":802645,"comment_status":"open","ping_status":"open","template":"","meta":[],"product_brand":[],"product_cat":[3225,3226],"product_tag":[],"class_list":{"0":"post-802644","1":"product","2":"type-product","3":"status-publish","4":"has-post-thumbnail","6":"product_cat-all-product","7":"product_cat-krosivky","8":"pa_rozmir-910","9":"pa_rozmir-912","10":"pa_rozmir-914","11":"pa_rozmir-915","12":"pa_rozmir-916","13":"pa_rozmir-917","14":"pa_rozmir-918","15":"pa_rozmir-919","16":"pa_rozmir-920","17":"pa_rozmir-921","18":"pa_rozmir-922","20":"first","21":"onbackorder","22":"purchasable","23":"product-type-variable"},"_links":{"self":[{"href":"https:\/\/nextsnkr.com\/de\/wp-json\/wp\/v2\/product\/802644","targetHints":{"allow":["GET"]}}],"collection":[{"href":"https:\/\/nextsnkr.com\/de\/wp-json\/wp\/v2\/product"}],"about":[{"href":"https:\/\/nextsnkr.com\/de\/wp-json\/wp\/v2\/types\/product"}],"replies":[{"embeddable":true,"href":"https:\/\/nextsnkr.com\/de\/wp-json\/wp\/v2\/comments?post=802644"}],"version-history":[{"count":0,"href":"https:\/\/nextsnkr.com\/de\/wp-json\/wp\/v2\/product\/802644\/revisions"}],"wp:featuredmedia":[{"embeddable":true,"href":"https:\/\/nextsnkr.com\/de\/wp-json\/wp\/v2\/media\/802645"}],"wp:attachment":[{"href":"https:\/\/nextsnkr.com\/de\/wp-json\/wp\/v2\/media?parent=802644"}],"wp:term":[{"taxonomy":"product_brand","embeddable":true,"href":"https:\/\/nextsnkr.com\/de\/wp-json\/wp\/v2\/product_brand?post=802644"},{"taxonomy":"product_cat","embeddable":true,"href":"https:\/\/nextsnkr.com\/de\/wp-json\/wp\/v2\/product_cat?post=802644"},{"taxonomy":"product_tag","embeddable":true,"href":"https:\/\/nextsnkr.com\/de\/wp-json\/wp\/v2\/product_tag?post=802644"}],"curies":[{"name":"wp","href":"https:\/\/api.w.org\/{rel}","templated":true}]}}