{"id":801115,"date":"2025-06-13T09:59:22","date_gmt":"2025-06-13T06:59:22","guid":{"rendered":"https:\/\/nextsnkr.com\/product\/dunk-low-light-grey\/"},"modified":"2026-01-29T15:16:02","modified_gmt":"2026-01-29T12:16:02","slug":"dunk-low-light-grey","status":"publish","type":"product","link":"https:\/\/nextsnkr.com\/de\/produkt\/dunk-low-light-grey\/","title":{"rendered":"Nike Dunk Low Light Grey Sneakers-Stilvolle Lederschuhe f\u00fcr den t\u00e4glichen Stil"},"content":{"rendered":"<h2>Nike Dunk Low Light Grey Sneakers-Stilvolle Lederschuhe f\u00fcr den t\u00e4glichen Stil<\/h2>\n<p>&nbsp;<\/p>\n<p>Die Nike Dunk Low Light Grey Sneakers sind aus hochwertigem echtem Leder gefertigt und bieten Komfort beim t\u00e4glichen Tragen. Das Modell kombiniert Leichtigkeit, eine weiche Passform und robuste Materialien und ist damit eine ausgezeichnete Wahl f\u00fcr die Stadt, Outdoor-Aktivit\u00e4ten oder den allt\u00e4glichen Stil. Dank des vielseitigen, hellgrauen Designs lassen sich diese Sneakers leicht mit jeder Art und Weise kombinieren. W\u00e4hlen Sie das Dunk Low Light Grey -ein zuverl\u00e4ssiges, stilvolles und praktisches Paar f\u00fcr Ihre Garderobe.<\/p>\n","protected":false},"excerpt":{"rendered":"<p>Die Nike Dunk Low Light Grey Sneakers sind aus hochwertigem echtem Leder gefertigt und bieten Komfort beim t\u00e4glichen Tragen. Das Modell kombiniert Leichtigkeit, eine weiche Passform und robuste Materialien und ist damit eine ausgezeichnete Wahl f\u00fcr die Stadt, Outdoor-Aktivit\u00e4ten oder den allt\u00e4glichen Stil. Dank des vielseitigen, hellgrauen Designs lassen sich diese Sneakers leicht mit jeder Art und Weise kombinieren. W\u00e4hlen Sie das Dunk Low Light Grey -ein zuverl\u00e4ssiges, stilvolles und praktisches Paar f\u00fcr Ihre Garderobe.<\/p>\n","protected":false},"featured_media":801116,"comment_status":"open","ping_status":"open","template":"","meta":[],"product_brand":[],"product_cat":[3225,3320],"product_tag":[],"class_list":{"0":"post-801115","1":"product","2":"type-product","3":"status-publish","4":"has-post-thumbnail","6":"product_cat-all-product","7":"product_cat-kedy","8":"pa_rozmir-910","9":"pa_rozmir-912","10":"pa_rozmir-914","11":"pa_rozmir-915","12":"pa_rozmir-916","13":"pa_rozmir-917","14":"pa_rozmir-918","15":"pa_rozmir-919","16":"pa_rozmir-920","17":"pa_rozmir-921","18":"pa_rozmir-922","20":"first","21":"onbackorder","22":"purchasable","23":"product-type-variable"},"_links":{"self":[{"href":"https:\/\/nextsnkr.com\/de\/wp-json\/wp\/v2\/product\/801115","targetHints":{"allow":["GET"]}}],"collection":[{"href":"https:\/\/nextsnkr.com\/de\/wp-json\/wp\/v2\/product"}],"about":[{"href":"https:\/\/nextsnkr.com\/de\/wp-json\/wp\/v2\/types\/product"}],"replies":[{"embeddable":true,"href":"https:\/\/nextsnkr.com\/de\/wp-json\/wp\/v2\/comments?post=801115"}],"version-history":[{"count":0,"href":"https:\/\/nextsnkr.com\/de\/wp-json\/wp\/v2\/product\/801115\/revisions"}],"wp:featuredmedia":[{"embeddable":true,"href":"https:\/\/nextsnkr.com\/de\/wp-json\/wp\/v2\/media\/801116"}],"wp:attachment":[{"href":"https:\/\/nextsnkr.com\/de\/wp-json\/wp\/v2\/media?parent=801115"}],"wp:term":[{"taxonomy":"product_brand","embeddable":true,"href":"https:\/\/nextsnkr.com\/de\/wp-json\/wp\/v2\/product_brand?post=801115"},{"taxonomy":"product_cat","embeddable":true,"href":"https:\/\/nextsnkr.com\/de\/wp-json\/wp\/v2\/product_cat?post=801115"},{"taxonomy":"product_tag","embeddable":true,"href":"https:\/\/nextsnkr.com\/de\/wp-json\/wp\/v2\/product_tag?post=801115"}],"curies":[{"name":"wp","href":"https:\/\/api.w.org\/{rel}","templated":true}]}}