{"id":799418,"date":"2025-06-13T10:01:04","date_gmt":"2025-06-13T07:01:04","guid":{"rendered":"https:\/\/nextsnkr.com\/product\/97-swarovski\/"},"modified":"2026-01-29T15:14:55","modified_gmt":"2026-01-29T12:14:55","slug":"97-swarovski","status":"publish","type":"product","link":"https:\/\/nextsnkr.com\/de\/produkt\/97-swarovski\/","title":{"rendered":"Nike 97 Swarovski Sneakers aus Leder-Stil und Glanz"},"content":{"rendered":"<h2>Nike 97 Swarovski Sneakers aus Leder-Stil und Glanz<\/h2>\n<p>&nbsp;<\/p>\n<p>Die 97 Swarovski Sneakers sind eine Kombination aus Premium-Leder, strapazierf\u00e4higem Textil und raffiniertem Design mit Swarovski-Kristallen. Das Modell bietet Komfort beim t\u00e4glichen Tragen und zieht die Aufmerksamkeit mit einem hellen Glanz auf sich. Die Herstellung von China garantiert eine optimale Balance zwischen Preis und Qualit\u00e4t. Eine ideale Wahl f\u00fcr diejenigen, die sich abheben und das Bild mit stilvollen Schuhen erg\u00e4nzen m\u00f6chten. Code und SKU: 019-206599.<\/p>\n","protected":false},"excerpt":{"rendered":"<p>Die 97 Swarovski Sneakers sind eine Kombination aus Premium-Leder, strapazierf\u00e4higem Textil und raffiniertem Design mit Swarovski-Kristallen. Das Modell bietet Komfort beim t\u00e4glichen Tragen und zieht die Aufmerksamkeit mit einem hellen Glanz auf sich. Die Herstellung von China garantiert eine optimale Balance zwischen Preis und Qualit\u00e4t. Eine ideale Wahl f\u00fcr diejenigen, die sich abheben und das Bild mit stilvollen Schuhen erg\u00e4nzen m\u00f6chten. Code und SKU: 019-206599.<\/p>\n","protected":false},"featured_media":799419,"comment_status":"open","ping_status":"open","template":"","meta":[],"product_brand":[],"product_cat":[3225,3226],"product_tag":[],"class_list":{"0":"post-799418","1":"product","2":"type-product","3":"status-publish","4":"has-post-thumbnail","6":"product_cat-all-product","7":"product_cat-krosivky","8":"pa_rozmir-910","9":"pa_rozmir-912","10":"pa_rozmir-914","11":"pa_rozmir-915","12":"pa_rozmir-916","13":"pa_rozmir-917","14":"pa_rozmir-918","15":"pa_rozmir-919","16":"pa_rozmir-920","17":"pa_rozmir-921","18":"pa_rozmir-922","20":"first","21":"onbackorder","22":"purchasable","23":"product-type-variable"},"_links":{"self":[{"href":"https:\/\/nextsnkr.com\/de\/wp-json\/wp\/v2\/product\/799418","targetHints":{"allow":["GET"]}}],"collection":[{"href":"https:\/\/nextsnkr.com\/de\/wp-json\/wp\/v2\/product"}],"about":[{"href":"https:\/\/nextsnkr.com\/de\/wp-json\/wp\/v2\/types\/product"}],"replies":[{"embeddable":true,"href":"https:\/\/nextsnkr.com\/de\/wp-json\/wp\/v2\/comments?post=799418"}],"version-history":[{"count":0,"href":"https:\/\/nextsnkr.com\/de\/wp-json\/wp\/v2\/product\/799418\/revisions"}],"wp:featuredmedia":[{"embeddable":true,"href":"https:\/\/nextsnkr.com\/de\/wp-json\/wp\/v2\/media\/799419"}],"wp:attachment":[{"href":"https:\/\/nextsnkr.com\/de\/wp-json\/wp\/v2\/media?parent=799418"}],"wp:term":[{"taxonomy":"product_brand","embeddable":true,"href":"https:\/\/nextsnkr.com\/de\/wp-json\/wp\/v2\/product_brand?post=799418"},{"taxonomy":"product_cat","embeddable":true,"href":"https:\/\/nextsnkr.com\/de\/wp-json\/wp\/v2\/product_cat?post=799418"},{"taxonomy":"product_tag","embeddable":true,"href":"https:\/\/nextsnkr.com\/de\/wp-json\/wp\/v2\/product_tag?post=799418"}],"curies":[{"name":"wp","href":"https:\/\/api.w.org\/{rel}","templated":true}]}}