{"id":798739,"date":"2025-06-13T10:02:18","date_gmt":"2025-06-13T07:02:18","guid":{"rendered":"https:\/\/nextsnkr.com\/product\/dunk-low-disrupt-2\/"},"modified":"2026-01-29T15:14:31","modified_gmt":"2026-01-29T12:14:31","slug":"dunk-low-disrupt-2","status":"publish","type":"product","link":"https:\/\/nextsnkr.com\/de\/produkt\/dunk-low-disrupt-2\/","title":{"rendered":"Nike Dunk Low Disrupt 2 Sneakers aus Leder-Stilvolle Sneakers f\u00fcr Damen \/ Herren"},"content":{"rendered":"<h2>Nike Dunk Low Disrupt 2 Sneakers aus Leder-Stilvolle Sneakers f\u00fcr Damen \/ Herren<\/h2>\n<p>&nbsp;<\/p>\n<p>Turnschuhe Nike Dunk Low Disrupt 2-trending Wahl f\u00fcr das t\u00e4gliche Styling. Das Modell ist aus Leder gefertigt, was f\u00fcr Langlebigkeit, Komfort und Verschlei\u00dffestigkeit. Durchdachte Konstruktion und bequeme Passform machen diese Schuhe perfekt f\u00fcr die Stadt, den Spaziergang und des aktiven Tag. Hergestellt in China unter h\u00f6chsten Qualit\u00e4tsstandards. Elegantes Design, robuste Materialien und eine erkennbare Kontur zu motivieren, w\u00e4hlen dieses Modell.<\/p>\n","protected":false},"excerpt":{"rendered":"<p>Turnschuhe Nike Dunk Low Disrupt 2-trending Wahl f\u00fcr das t\u00e4gliche Styling. Das Modell ist aus Leder gefertigt, was f\u00fcr Langlebigkeit, Komfort und Verschlei\u00dffestigkeit. Durchdachte Konstruktion und bequeme Passform machen diese Schuhe perfekt f\u00fcr die Stadt, den Spaziergang und des aktiven Tag. Hergestellt in China unter h\u00f6chsten Qualit\u00e4tsstandards. Elegantes Design, robuste Materialien und eine erkennbare Kontur zu motivieren, w\u00e4hlen dieses Modell.<\/p>\n","protected":false},"featured_media":798740,"comment_status":"open","ping_status":"open","template":"","meta":[],"product_brand":[],"product_cat":[3225,3320],"product_tag":[],"class_list":{"0":"post-798739","1":"product","2":"type-product","3":"status-publish","4":"has-post-thumbnail","6":"product_cat-all-product","7":"product_cat-kedy","8":"pa_rozmir-910","9":"pa_rozmir-912","10":"pa_rozmir-914","11":"pa_rozmir-915","12":"pa_rozmir-916","13":"pa_rozmir-917","14":"pa_rozmir-918","15":"pa_rozmir-919","16":"pa_rozmir-920","17":"pa_rozmir-921","18":"pa_rozmir-922","20":"first","21":"instock","22":"purchasable","23":"product-type-variable"},"_links":{"self":[{"href":"https:\/\/nextsnkr.com\/de\/wp-json\/wp\/v2\/product\/798739","targetHints":{"allow":["GET"]}}],"collection":[{"href":"https:\/\/nextsnkr.com\/de\/wp-json\/wp\/v2\/product"}],"about":[{"href":"https:\/\/nextsnkr.com\/de\/wp-json\/wp\/v2\/types\/product"}],"replies":[{"embeddable":true,"href":"https:\/\/nextsnkr.com\/de\/wp-json\/wp\/v2\/comments?post=798739"}],"version-history":[{"count":0,"href":"https:\/\/nextsnkr.com\/de\/wp-json\/wp\/v2\/product\/798739\/revisions"}],"wp:featuredmedia":[{"embeddable":true,"href":"https:\/\/nextsnkr.com\/de\/wp-json\/wp\/v2\/media\/798740"}],"wp:attachment":[{"href":"https:\/\/nextsnkr.com\/de\/wp-json\/wp\/v2\/media?parent=798739"}],"wp:term":[{"taxonomy":"product_brand","embeddable":true,"href":"https:\/\/nextsnkr.com\/de\/wp-json\/wp\/v2\/product_brand?post=798739"},{"taxonomy":"product_cat","embeddable":true,"href":"https:\/\/nextsnkr.com\/de\/wp-json\/wp\/v2\/product_cat?post=798739"},{"taxonomy":"product_tag","embeddable":true,"href":"https:\/\/nextsnkr.com\/de\/wp-json\/wp\/v2\/product_tag?post=798739"}],"curies":[{"name":"wp","href":"https:\/\/api.w.org\/{rel}","templated":true}]}}