{"id":798046,"date":"2025-06-13T10:02:59","date_gmt":"2025-06-13T07:02:59","guid":{"rendered":"https:\/\/nextsnkr.com\/product\/track-gray-premium\/"},"modified":"2026-01-29T15:14:03","modified_gmt":"2026-01-29T12:14:03","slug":"track-gray-premium","status":"publish","type":"product","link":"https:\/\/nextsnkr.com\/de\/produkt\/track-gray-premium\/","title":{"rendered":"Sneaker Track Gray Premium Leder f\u00fcr Herren-Grau"},"content":{"rendered":"<h2>Sneaker Track Gray Premium Leder f\u00fcr Herren-Grau<\/h2>\n<p>&nbsp;<\/p>\n<p>Die Track Gray Premium Sneaker sind aus hochwertigem echtem Leder gefertigt, das St\u00e4rke, Komfort und Haltbarkeit bietet. Das graue Universalmodell eignet sich f\u00fcr den t\u00e4glichen Gebrauch, Training und Outdoor-Aktivit\u00e4ten. Die bequeme anatomische Sohle garantiert D\u00e4mpfung und Unterst\u00fctzung des Fu\u00dfes. Das stilvolle Design und das durchdachte Design machen diese Turnschuhe zu einer idealen Wahl f\u00fcr diejenigen, die die Kombination aus Komfort und modernem Look sch\u00e4tzen.<\/p>\n","protected":false},"excerpt":{"rendered":"<p>Die Track Gray Premium Sneaker sind aus hochwertigem echtem Leder gefertigt, das St\u00e4rke, Komfort und Haltbarkeit bietet. Das graue Universalmodell eignet sich f\u00fcr den t\u00e4glichen Gebrauch, Training und Outdoor-Aktivit\u00e4ten. Die bequeme anatomische Sohle garantiert D\u00e4mpfung und Unterst\u00fctzung des Fu\u00dfes. Das stilvolle Design und das durchdachte Design machen diese Turnschuhe zu einer idealen Wahl f\u00fcr diejenigen, die die Kombination aus Komfort und modernem Look sch\u00e4tzen.<\/p>\n","protected":false},"featured_media":798047,"comment_status":"open","ping_status":"open","template":"","meta":[],"product_brand":[],"product_cat":[3225,3226],"product_tag":[],"class_list":{"0":"post-798046","1":"product","2":"type-product","3":"status-publish","4":"has-post-thumbnail","6":"product_cat-all-product","7":"product_cat-krosivky","8":"pa_rozmir-910","9":"pa_rozmir-912","10":"pa_rozmir-914","11":"pa_rozmir-915","12":"pa_rozmir-916","13":"pa_rozmir-917","14":"pa_rozmir-918","15":"pa_rozmir-919","16":"pa_rozmir-920","17":"pa_rozmir-921","18":"pa_rozmir-922","20":"first","21":"instock","22":"purchasable","23":"product-type-variable"},"_links":{"self":[{"href":"https:\/\/nextsnkr.com\/de\/wp-json\/wp\/v2\/product\/798046","targetHints":{"allow":["GET"]}}],"collection":[{"href":"https:\/\/nextsnkr.com\/de\/wp-json\/wp\/v2\/product"}],"about":[{"href":"https:\/\/nextsnkr.com\/de\/wp-json\/wp\/v2\/types\/product"}],"replies":[{"embeddable":true,"href":"https:\/\/nextsnkr.com\/de\/wp-json\/wp\/v2\/comments?post=798046"}],"version-history":[{"count":0,"href":"https:\/\/nextsnkr.com\/de\/wp-json\/wp\/v2\/product\/798046\/revisions"}],"wp:featuredmedia":[{"embeddable":true,"href":"https:\/\/nextsnkr.com\/de\/wp-json\/wp\/v2\/media\/798047"}],"wp:attachment":[{"href":"https:\/\/nextsnkr.com\/de\/wp-json\/wp\/v2\/media?parent=798046"}],"wp:term":[{"taxonomy":"product_brand","embeddable":true,"href":"https:\/\/nextsnkr.com\/de\/wp-json\/wp\/v2\/product_brand?post=798046"},{"taxonomy":"product_cat","embeddable":true,"href":"https:\/\/nextsnkr.com\/de\/wp-json\/wp\/v2\/product_cat?post=798046"},{"taxonomy":"product_tag","embeddable":true,"href":"https:\/\/nextsnkr.com\/de\/wp-json\/wp\/v2\/product_tag?post=798046"}],"curies":[{"name":"wp","href":"https:\/\/api.w.org\/{rel}","templated":true}]}}