{"id":797856,"date":"2025-06-17T22:44:25","date_gmt":"2025-06-17T19:44:25","guid":{"rendered":"https:\/\/nextsnkr.com\/product\/nike-air-max-tn-plus-grey-red\/"},"modified":"2026-01-29T15:13:59","modified_gmt":"2026-01-29T12:13:59","slug":"nike-air-max-tn-plus-grey-red","status":"publish","type":"product","link":"https:\/\/nextsnkr.com\/de\/produkt\/nike-air-max-tn-plus-grey-red\/","title":{"rendered":"Nike Air Max TN Plus Sneakers Grey Red-Leder &#038; Textil"},"content":{"rendered":"<h2>Nike Air Max TN Plus Sneakers Grey Red-Leder &#038; Textil<\/h2>\n<p>&nbsp;<\/p>\n<p>Turnschuhe Nike Air Max TN Plus Grey Red kombinieren dauerhaftes Leder und atmungsaktivem Textil f\u00fcr maximalen Komfort und Langlebigkeit. Eine bunte Mischung von grauen und roten Farben schafft ein stilvolles und modernes Image und D\u00e4mpfung-Au\u00dfensohle sorgt f\u00fcr Support und Leichtigkeit bei jedem Schritt. Hergestellt in Vietnam, sind diese Nike Sneakers ideal f\u00fcr den aktiven Alltag, den Sport und die Stadt, die Premium-Markenqualit\u00e4t mit modischem Design kombinieren.<\/p>\n","protected":false},"excerpt":{"rendered":"<p>Turnschuhe Nike Air Max TN Plus Grey Red kombinieren dauerhaftes Leder und atmungsaktivem Textil f\u00fcr maximalen Komfort und Langlebigkeit. Eine bunte Mischung von grauen und roten Farben schafft ein stilvolles und modernes Image und D\u00e4mpfung-Au\u00dfensohle sorgt f\u00fcr Support und Leichtigkeit bei jedem Schritt. Hergestellt in Vietnam, sind diese Nike Sneakers ideal f\u00fcr den aktiven Alltag, den Sport und die Stadt, die Premium-Markenqualit\u00e4t mit modischem Design kombinieren.<\/p>\n","protected":false},"featured_media":797860,"comment_status":"open","ping_status":"open","template":"","meta":[],"product_brand":[],"product_cat":[3225,3226],"product_tag":[],"class_list":{"0":"post-797856","1":"product","2":"type-product","3":"status-publish","4":"has-post-thumbnail","6":"product_cat-all-product","7":"product_cat-krosivky","8":"pa_rozmir-910","9":"pa_rozmir-912","10":"pa_rozmir-914","11":"pa_rozmir-915","12":"pa_rozmir-916","13":"pa_rozmir-917","14":"pa_rozmir-918","15":"pa_rozmir-919","16":"pa_rozmir-920","17":"pa_rozmir-921","18":"pa_rozmir-922","20":"first","21":"onbackorder","22":"purchasable","23":"product-type-variable"},"_links":{"self":[{"href":"https:\/\/nextsnkr.com\/de\/wp-json\/wp\/v2\/product\/797856","targetHints":{"allow":["GET"]}}],"collection":[{"href":"https:\/\/nextsnkr.com\/de\/wp-json\/wp\/v2\/product"}],"about":[{"href":"https:\/\/nextsnkr.com\/de\/wp-json\/wp\/v2\/types\/product"}],"replies":[{"embeddable":true,"href":"https:\/\/nextsnkr.com\/de\/wp-json\/wp\/v2\/comments?post=797856"}],"version-history":[{"count":0,"href":"https:\/\/nextsnkr.com\/de\/wp-json\/wp\/v2\/product\/797856\/revisions"}],"wp:featuredmedia":[{"embeddable":true,"href":"https:\/\/nextsnkr.com\/de\/wp-json\/wp\/v2\/media\/797860"}],"wp:attachment":[{"href":"https:\/\/nextsnkr.com\/de\/wp-json\/wp\/v2\/media?parent=797856"}],"wp:term":[{"taxonomy":"product_brand","embeddable":true,"href":"https:\/\/nextsnkr.com\/de\/wp-json\/wp\/v2\/product_brand?post=797856"},{"taxonomy":"product_cat","embeddable":true,"href":"https:\/\/nextsnkr.com\/de\/wp-json\/wp\/v2\/product_cat?post=797856"},{"taxonomy":"product_tag","embeddable":true,"href":"https:\/\/nextsnkr.com\/de\/wp-json\/wp\/v2\/product_tag?post=797856"}],"curies":[{"name":"wp","href":"https:\/\/api.w.org\/{rel}","templated":true}]}}