{"id":796096,"date":"2025-06-13T10:05:23","date_gmt":"2025-06-13T07:05:23","guid":{"rendered":"https:\/\/nextsnkr.com\/product\/triple-s-v1-beige-black-white\/"},"modified":"2026-01-29T15:12:48","modified_gmt":"2026-01-29T12:12:48","slug":"triple-s-v1-beige-black-white","status":"publish","type":"product","link":"https:\/\/nextsnkr.com\/de\/produkt\/triple-s-v1-beige-black-white\/","title":{"rendered":"Sneakers Triple S V1 Beige Black White Leder &#8211; Stil und Komfort"},"content":{"rendered":"<h2>Sneakers Triple S V1 Beige Black White Leder &#8211; Stil und Komfort<\/h2>\n<p>&nbsp;<\/p>\n<p>Die Triple S V1 Beige Black White Leder Sneaker sind eine Kombination aus modernem Design, hoher Qualit\u00e4t und Komfort. Sie sind aus strapazierf\u00e4higem Leder gefertigt und bieten eine hervorragende Bel\u00fcftung und Haltbarkeit. Die massive Sohle garantiert Sto\u00dfd\u00e4mpfung und Stabilit\u00e4t beim Gehen. Die universelle Farbkombination passt leicht zu jedem Stil. Hersteller-China. Die ideale Wahl f\u00fcr diejenigen, die trendigen Look und Komfort sch\u00e4tzen. SKU-Code: 058-391036.<\/p>\n","protected":false},"excerpt":{"rendered":"<p>Die Triple S V1 Beige Black White Leder Sneaker sind eine Kombination aus modernem Design, hoher Qualit\u00e4t und Komfort. Sie sind aus strapazierf\u00e4higem Leder gefertigt und bieten eine hervorragende Bel\u00fcftung und Haltbarkeit. Die massive Sohle garantiert Sto\u00dfd\u00e4mpfung und Stabilit\u00e4t beim Gehen. Die universelle Farbkombination passt leicht zu jedem Stil. Hersteller-China. Die ideale Wahl f\u00fcr diejenigen, die trendigen Look und Komfort sch\u00e4tzen. SKU-Code: 058-391036.<\/p>\n","protected":false},"featured_media":796097,"comment_status":"open","ping_status":"open","template":"","meta":[],"product_brand":[],"product_cat":[3225,3226],"product_tag":[],"class_list":{"0":"post-796096","1":"product","2":"type-product","3":"status-publish","4":"has-post-thumbnail","6":"product_cat-all-product","7":"product_cat-krosivky","8":"pa_rozmir-910","9":"pa_rozmir-912","10":"pa_rozmir-914","11":"pa_rozmir-915","12":"pa_rozmir-916","13":"pa_rozmir-917","14":"pa_rozmir-918","15":"pa_rozmir-919","16":"pa_rozmir-920","17":"pa_rozmir-921","18":"pa_rozmir-922","20":"first","21":"instock","22":"purchasable","23":"product-type-variable"},"_links":{"self":[{"href":"https:\/\/nextsnkr.com\/de\/wp-json\/wp\/v2\/product\/796096","targetHints":{"allow":["GET"]}}],"collection":[{"href":"https:\/\/nextsnkr.com\/de\/wp-json\/wp\/v2\/product"}],"about":[{"href":"https:\/\/nextsnkr.com\/de\/wp-json\/wp\/v2\/types\/product"}],"replies":[{"embeddable":true,"href":"https:\/\/nextsnkr.com\/de\/wp-json\/wp\/v2\/comments?post=796096"}],"version-history":[{"count":0,"href":"https:\/\/nextsnkr.com\/de\/wp-json\/wp\/v2\/product\/796096\/revisions"}],"wp:featuredmedia":[{"embeddable":true,"href":"https:\/\/nextsnkr.com\/de\/wp-json\/wp\/v2\/media\/796097"}],"wp:attachment":[{"href":"https:\/\/nextsnkr.com\/de\/wp-json\/wp\/v2\/media?parent=796096"}],"wp:term":[{"taxonomy":"product_brand","embeddable":true,"href":"https:\/\/nextsnkr.com\/de\/wp-json\/wp\/v2\/product_brand?post=796096"},{"taxonomy":"product_cat","embeddable":true,"href":"https:\/\/nextsnkr.com\/de\/wp-json\/wp\/v2\/product_cat?post=796096"},{"taxonomy":"product_tag","embeddable":true,"href":"https:\/\/nextsnkr.com\/de\/wp-json\/wp\/v2\/product_tag?post=796096"}],"curies":[{"name":"wp","href":"https:\/\/api.w.org\/{rel}","templated":true}]}}