{"id":795900,"date":"2025-06-13T10:06:04","date_gmt":"2025-06-13T07:06:04","guid":{"rendered":"https:\/\/nextsnkr.com\/product\/balenciaga-3xl-purple\/"},"modified":"2026-01-29T15:12:28","modified_gmt":"2026-01-29T12:12:28","slug":"balenciaga-3xl-purple","status":"publish","type":"product","link":"https:\/\/nextsnkr.com\/de\/produkt\/balenciaga-3xl-purple\/","title":{"rendered":"Sneakers Balenciaga 3XL Purple Original Design Textilleder"},"content":{"rendered":"<h2>Sneakers Balenciaga 3XL Purple Original Design Textilleder<\/h2>\n<p>&nbsp;<\/p>\n<p>Die Balenciaga 3XL Purple Sneakers sind Stil, Komfort und ein erkennbares Premium-Design. Das Modell besteht aus einer Kombination aus Textil und Leder, die St\u00e4rke, Leichtigkeit und Komfort beim t\u00e4glichen Tragen bietet. Die ausdrucksstarke lila Farbe und die massive Silhouette machen die Schuhe zum Akzent jedes Bildes. Hergestellt in China unter Einhaltung hoher Standards. W\u00e4hlen Sie Balenciaga Sneakers- die beste L\u00f6sung f\u00fcr diejenigen, die Qualit\u00e4t und trendigen Stil sch\u00e4tzen.<\/p>\n","protected":false},"excerpt":{"rendered":"<p>Die Balenciaga 3XL Purple Sneakers sind Stil, Komfort und ein erkennbares Premium-Design. Das Modell besteht aus einer Kombination aus Textil und Leder, die St\u00e4rke, Leichtigkeit und Komfort beim t\u00e4glichen Tragen bietet. Die ausdrucksstarke lila Farbe und die massive Silhouette machen die Schuhe zum Akzent jedes Bildes. Hergestellt in China unter Einhaltung hoher Standards. W\u00e4hlen Sie Balenciaga Sneakers- die beste L\u00f6sung f\u00fcr diejenigen, die Qualit\u00e4t und trendigen Stil sch\u00e4tzen.<\/p>\n","protected":false},"featured_media":795901,"comment_status":"open","ping_status":"open","template":"","meta":[],"product_brand":[],"product_cat":[3225,3226],"product_tag":[],"class_list":{"0":"post-795900","1":"product","2":"type-product","3":"status-publish","4":"has-post-thumbnail","6":"product_cat-all-product","7":"product_cat-krosivky","8":"pa_rozmir-910","9":"pa_rozmir-912","10":"pa_rozmir-914","11":"pa_rozmir-915","12":"pa_rozmir-916","13":"pa_rozmir-917","14":"pa_rozmir-918","15":"pa_rozmir-919","16":"pa_rozmir-920","17":"pa_rozmir-921","18":"pa_rozmir-922","20":"first","21":"instock","22":"purchasable","23":"product-type-variable"},"_links":{"self":[{"href":"https:\/\/nextsnkr.com\/de\/wp-json\/wp\/v2\/product\/795900","targetHints":{"allow":["GET"]}}],"collection":[{"href":"https:\/\/nextsnkr.com\/de\/wp-json\/wp\/v2\/product"}],"about":[{"href":"https:\/\/nextsnkr.com\/de\/wp-json\/wp\/v2\/types\/product"}],"replies":[{"embeddable":true,"href":"https:\/\/nextsnkr.com\/de\/wp-json\/wp\/v2\/comments?post=795900"}],"version-history":[{"count":0,"href":"https:\/\/nextsnkr.com\/de\/wp-json\/wp\/v2\/product\/795900\/revisions"}],"wp:featuredmedia":[{"embeddable":true,"href":"https:\/\/nextsnkr.com\/de\/wp-json\/wp\/v2\/media\/795901"}],"wp:attachment":[{"href":"https:\/\/nextsnkr.com\/de\/wp-json\/wp\/v2\/media?parent=795900"}],"wp:term":[{"taxonomy":"product_brand","embeddable":true,"href":"https:\/\/nextsnkr.com\/de\/wp-json\/wp\/v2\/product_brand?post=795900"},{"taxonomy":"product_cat","embeddable":true,"href":"https:\/\/nextsnkr.com\/de\/wp-json\/wp\/v2\/product_cat?post=795900"},{"taxonomy":"product_tag","embeddable":true,"href":"https:\/\/nextsnkr.com\/de\/wp-json\/wp\/v2\/product_tag?post=795900"}],"curies":[{"name":"wp","href":"https:\/\/api.w.org\/{rel}","templated":true}]}}